{"id":101111,"date":"2025-03-10T12:04:55","date_gmt":"2025-03-10T09:06:13","guid":{"rendered":"https:\/\/factory.sale\/?post_type=product&#038;p=101111"},"modified":"2025-03-17T13:24:24","modified_gmt":"2025-03-17T10:24:24","slug":"qv1-2-t-l-profiilid","status":"publish","type":"product","link":"https:\/\/factory.sale\/et\/toode\/qv1-2-t-l-profiilid\/","title":{"rendered":"QV1.2 T &#038; L profiilid"},"content":{"rendered":"<p>QV1.2 s\u00fcsteem on n\u00e4htava kinnitusega s\u00fcsteem, mis on loodud kasutamiseks metall- v\u00f5i puitkarkassseintel ning olukordades, kus vertikaalsete siinide jaoks on vajalik horisontaalne tugi. Paneelid kinnitatakse vertikaalsetele HAT- ja J-siinidele n\u00e4htavate kinnitustega.<\/p>\n<p>&nbsp;<\/p>\n<p><strong>Vertikaalsed siinid kinnitatakse \u00fchele j\u00e4rgmistest horisontaalsete tugede konfiguratsioonidest:<\/strong><\/p>\n<ul>\n<li>J\u00e4tkuvad horisontaalsed HAT \/ J \/ Z-siinid, mis kinnitatakse otse seinale.<\/li>\n<li>J\u00e4tkuvad horisontaalsed T-siinid, mis kinnitatakse karkassseinale, ning L-klambrid, mis on paigaldatud igale vertikaalsele siinile ja kinnitatud horisontaalse T-siini k\u00fclge.<\/li>\n<li>J\u00e4tkuvad L-siinid, mis on kinnitatud QHB seinaklambritele.<\/li>\n<li>K\u00f5ik variandid on saadaval termo-patjadega, mis v\u00e4hendavad soojusjuhtivust ja takistavad galvaanilist korrosiooni.<\/li>\n<\/ul>\n<p>&nbsp;<\/p>\n<p><strong>Soojusisolatsiooni omadused<\/strong><\/p>\n<p>Termo-patjade kasutamine v\u00e4hendab soojusjuhtivust. Ekstrudeeritud materjalide tugevus v\u00f5imaldab kasutada v\u00e4hem seinaklambreid ja kruvide l\u00e4bitorkeid v\u00f5rreldes teiste kinnituss\u00fcsteemidega. S\u00fcsteemi soojusisolatsiooni efektiivsus s\u00f5ltub suuresti seinakonstruktsioonist, v\u00e4limise isolatsiooni paksusest, fassaadikatte materjalidest ja seinaklambrite vahekaugusest. Projektip\u00f5hine termiline modelleerimine on saadaval soovi korral.<\/p>\n<p>&nbsp;<\/p>\n<p><strong>Fassaadikattematerjalid:<\/strong><\/p>\n<ul>\n<li>HPL<\/li>\n<li>Kiudtsement<\/li>\n<li>GFRC<\/li>\n<li>Kivi<\/li>\n<li>Keraamika<\/li>\n<li>ACM<\/li>\n<li>Metallpaneelid<\/li>\n<\/ul>\n<p>&nbsp;<\/p>\n<p>L-profiile saab tellida eelfabrikeeritud piluaukudega, vastavalt tellimusele.<\/p>\n<p>&nbsp;<\/p>\n<p><strong>Viimistlusvalikud:<\/strong><\/p>\n<ul>\n<li>Standardina v\u00e4rvimata v\u00f5i mf<\/li>\n<li>Pulberv\u00e4rvitud RAL 7021, Class 1 Qualicoat<\/li>\n<li>Anodeeritud E6\/C35 (must) 12 \u03bcm<\/li>\n<li>Erilised RAL-v\u00e4rvid ja muud Qualicoat-klassi viimistlused, samuti erinevad anodeeritud paksused ja viimistlused on saadaval soovi korral<\/li>\n<\/ul>\n<p>&nbsp;<\/p>\n<table data-start=\"1859\" data-end=\"3016\">\n<thead data-start=\"1859\" data-end=\"1981\">\n<tr data-start=\"1859\" data-end=\"1981\">\n<th data-start=\"1859\" data-end=\"1895\"><strong data-start=\"1861\" data-end=\"1876\">Komponendid<\/strong><\/th>\n<th data-start=\"1895\" data-end=\"1965\"><strong data-start=\"1897\" data-end=\"1909\">Materjal<\/strong><\/th>\n<th data-start=\"1965\" data-end=\"1981\"><strong data-start=\"1967\" data-end=\"1979\">M\u00e4rkused<\/strong><\/th>\n<\/tr>\n<\/thead>\n<tbody data-start=\"2100\" data-end=\"3016\">\n<tr data-start=\"2100\" data-end=\"2282\">\n<td><strong data-start=\"2102\" data-end=\"2143\">Horisontaalsed ja vertikaalsed siinid<\/strong><\/td>\n<td>Ekstrudeeritud alumiinium, sulam AW 6063 T66<\/td>\n<td>V\u00e4rvimata, RAL-v\u00e4rvitud, anodeeritud 12 \u00b5m (v\u00f5i rohkem soovi korral)<\/td>\n<\/tr>\n<tr data-start=\"2283\" data-end=\"2474\">\n<td><strong data-start=\"2285\" data-end=\"2306\">QHB seinaklambrid<\/strong><\/td>\n<td>Ekstrudeeritud alumiinium, sulam AW 6063 T66<\/td>\n<td>\u00d5\u00f5nsuse s\u00fcgavus \u2013 kontrolli uusimat ettev\u00f5tte tarnimisprogrammi; tavaliselt v\u00e4rvimata.<\/td>\n<\/tr>\n<tr data-start=\"2475\" data-end=\"2601\">\n<td><strong data-start=\"2477\" data-end=\"2491\">L-klambrid<\/strong><\/td>\n<td>Ekstrudeeritud alumiinium, sulam AW 6063 T66<\/td>\n<td>Tavaliselt v\u00e4rvimata.<\/td>\n<\/tr>\n<tr data-start=\"2602\" data-end=\"2798\">\n<td><strong data-start=\"2604\" data-end=\"2616\">Tarvikud<\/strong><\/td>\n<td>Ekstrudeeritud alumiinium, sulam AW 6063 T66 v\u00f5i T6; alumiinium-lehtsulam AW 5754 H22<\/td>\n<td>V\u00e4rvimata, RAL-v\u00e4rvitud, anodeeritud 12 \u00b5m (v\u00f5i rohkem soovi korral).<\/td>\n<\/tr>\n<tr data-start=\"2799\" data-end=\"2909\">\n<td><strong data-start=\"2801\" data-end=\"2821\">QHB termo-patjad<\/strong><\/td>\n<td>Pol\u00fcprop\u00fcleen<\/td>\n<td>\u2013<\/td>\n<\/tr>\n<tr data-start=\"2910\" data-end=\"3016\">\n<td><strong data-start=\"2912\" data-end=\"2926\">Kinnitused<\/strong><\/td>\n<td>Roostevaba teras v\u00f5i korrosioonikindla kattega<\/td>\n<td>\u2013<\/td>\n<\/tr>\n<\/tbody>\n<\/table>\n<p>&nbsp;<\/p>\n<p>&nbsp;<\/p>\n<p><strong><em>Lisainformatsiooni saamiseks kirjuta meile julgelt ja k\u00fcsi personaalset hinnapakkumist!<\/em><\/strong><\/p>\n<p>&nbsp;<\/p>\n<p>&nbsp;<\/p>\n<p><a href=\"https:\/\/factory.sale\/wp-content\/uploads\/2025\/03\/QV1.2_Exposed-fasteners_studs_details_02-2024.pdf\" target=\"_blank\" rel=\"noopener\">Tehnilised andmed PDF<\/a><\/p>\n<p><a href=\"https:\/\/factory.sale\/wp-content\/uploads\/2025\/03\/QTB-stainless-steel-wall-brackets_08-2024.pdf\" target=\"_blank\" rel=\"noopener\">QTB roostevabast terasest seinaklambrid PDF<\/a><\/p>\n<p><a href=\"https:\/\/factory.sale\/wp-content\/uploads\/2025\/03\/QVB-aluminum-wall-brackets_08-2024.pdf\" target=\"_blank\" rel=\"noopener\">QVB alumiiniumist seinaklambrid PDF<\/a><\/p>\n<p><a href=\"https:\/\/factory.sale\/wp-content\/uploads\/2025\/03\/Q-Vent_FA_QTB_Stainless_Steel_Wall_Brackets_Zertifikat_EN_2024.08.22.pdf\" target=\"_blank\" rel=\"noopener\">Passivmaja sertifikaat<\/a><\/p>\n","protected":false},"excerpt":{"rendered":"<p>Standardina v\u00e4rvimata ja 6000 mm [20\u2019] pikk ning ilma aukudeta.<\/p>\n<ul>\n<li>Kolm v\u00f5imalust horisontaalseks toestuseks<\/li>\n<li>\u00dchildub enamike fassaadikattematerjalidega<\/li>\n<li>Sisseehitatud reguleeritavus<\/li>\n<li>Termiliselt katkestatud termo-patjade abil<\/li>\n<li>A1 tulekindel<\/li>\n<li>100% taaskasutatav<\/li>\n<\/ul>\n","protected":false},"featured_media":101163,"comment_status":"open","ping_status":"closed","template":"","meta":{"_acf_changed":false},"factory":[],"free-shipment":[],"product_brand":[],"product_cat":[4256,814],"product_tag":[],"class_list":{"0":"post-101111","1":"product","2":"type-product","3":"status-publish","4":"has-post-thumbnail","6":"product_cat-fassaadi-tugisusteemid","7":"product_cat-uldehitus","9":"first","10":"instock","11":"taxable","12":"shipping-taxable","13":"purchasable","14":"product-type-simple"},"acf":[],"_links":{"self":[{"href":"https:\/\/factory.sale\/et\/wp-json\/wp\/v2\/product\/101111","targetHints":{"allow":["GET"]}}],"collection":[{"href":"https:\/\/factory.sale\/et\/wp-json\/wp\/v2\/product"}],"about":[{"href":"https:\/\/factory.sale\/et\/wp-json\/wp\/v2\/types\/product"}],"replies":[{"embeddable":true,"href":"https:\/\/factory.sale\/et\/wp-json\/wp\/v2\/comments?post=101111"}],"wp:featuredmedia":[{"embeddable":true,"href":"https:\/\/factory.sale\/et\/wp-json\/wp\/v2\/media\/101163"}],"wp:attachment":[{"href":"https:\/\/factory.sale\/et\/wp-json\/wp\/v2\/media?parent=101111"}],"wp:term":[{"taxonomy":"factory","embeddable":true,"href":"https:\/\/factory.sale\/et\/wp-json\/wp\/v2\/factory?post=101111"},{"taxonomy":"free-shipment","embeddable":true,"href":"https:\/\/factory.sale\/et\/wp-json\/wp\/v2\/free-shipment?post=101111"},{"taxonomy":"product_brand","embeddable":true,"href":"https:\/\/factory.sale\/et\/wp-json\/wp\/v2\/product_brand?post=101111"},{"taxonomy":"product_cat","embeddable":true,"href":"https:\/\/factory.sale\/et\/wp-json\/wp\/v2\/product_cat?post=101111"},{"taxonomy":"product_tag","embeddable":true,"href":"https:\/\/factory.sale\/et\/wp-json\/wp\/v2\/product_tag?post=101111"}],"curies":[{"name":"wp","href":"https:\/\/api.w.org\/{rel}","templated":true}]}}