{"id":101044,"date":"2025-03-04T15:34:21","date_gmt":"2025-03-04T12:38:19","guid":{"rendered":"https:\/\/factory.sale\/?post_type=product&#038;p=101044"},"modified":"2025-09-28T23:31:25","modified_gmt":"2025-09-28T20:31:25","slug":"topdex-terrassilaud-duo-komposiitpuit-tumehall-hall-22x140x3850-mm","status":"publish","type":"product","link":"https:\/\/factory.sale\/et\/toode\/topdex-terrassilaud-duo-komposiitpuit-tumehall-hall-22x140x3850-mm\/","title":{"rendered":"TopDex terrassilaud DUO komposiitpuit, tumehall \/ hall 22x140x3850 mm"},"content":{"rendered":"<p>See kaasaegne komposiitpuidust terrassilaud \u00fchendab t\u00f5elise puidu v\u00e4limuse vastupidavuse ja lihtsa hooldusega. Kahepoolne disain pakub puidu loomulikku ilu koos v\u00e4hese hooldusvajadusega, muutes selle ideaalseks valikuks terrassidele, r\u00f5dudele ja \u00f5uealadele. Erinevalt traditsioonilisest puidust peab see laud h\u00e4sti vastu ilmastikutingimustele ja UV-kiirgusele.<\/p>\n<p>Keskkonnas\u00f5bralik ja vastupidav komposiitpuit sobib erinevate stiilidega t\u00e4nu kahepoolsusele. Spetsiaalne kaitsekiht ja \u00fcmar \u00f5\u00f5nesstruktuur muudavad laua eriti vastupidavaks ja stabiilseks, taludes ilmastikutingimuste muutusi, UV-kiirgust, niiskust ja kriimustusi. Selle pind on plekkidele vastupidav \u2013 vein, \u00f5li v\u00f5i kohv ei j\u00e4ta j\u00e4lgi ning puhastamiseks piisab kiirest p\u00fchkimisest. Komposiitpuit on lihtsasti paigaldatav ja hooldatav, s\u00e4ilitades oma kauni v\u00e4limuse aastaid ilma l\u00f5henemise v\u00f5i lisat\u00f6\u00f6tluseta.<\/p>\n<p>3D puidus\u00fc\u00fc mustriga komposiitpuit s\u00e4ilitab aja jooksul t\u00f5elise puidu ilme ja tekstuuri, ilma et see tuhmuks nagu tavalised 2D-mustriga lauad. Tulemuseks on kaunis, autentne ja plastiku ilmeta terrassilaud. Mustriline pind suurendab ka turvalisust, muutes selle libisemiskindlaks m\u00e4rgades tingimustes \u2013 ideaalne valik basseinide v\u00f5i muude niiskete alade \u00fcmbrusesse. Stiilne ja v\u00e4he hooldust vajav disain t\u00e4iendab igat kodu ja \u00f5ueala, pakkudes pikaajalist ilu ja kvaliteeti.<\/p>\n<p>Komposiitpuit on valmistatud taaskasutatud materjalidest: 60% taaskasutatud puitkiud ja 35% taaskasutatud plast. K\u00f5ik kasutatud toorained on mittetoksilised, mist\u00f5ttu on see ohutu nii inimestele, lemmikloomadele kui ka keskkonnale.<\/p>\n<p><em>NB! Tootepiltidel kujutatud v\u00e4rvid on illustratiivsed. Ekraani seaded ja valgustingimused v\u00f5ivad m\u00f5jutada v\u00e4rvide tajumist. T\u00e4pse tooni tagamiseks saame soovi korral saata tasuta materjalin\u00e4idised.<\/em><\/p>\n<p>&nbsp;<\/p>\n<p><strong>Kinnitusvahendid<\/strong><\/p>\n<p>Terrassilauda ostukorvi lisades \u00e4ra unusta valida ka sobivat kinnitusvarianti (plastikust v\u00f5i roostevabast terasest), et saaksime lisada vajalikud kinnitusvahendid pakkumisse.<\/p>\n<p>Komposiitlauad on kiirelt ja lihtsalt paigaldatavad peidetud kinnituslahenduse abil, mille kohta on olemas selged juhised. \u00dcks plastkinnituste karp katab umbes 10 m\u00b2 terrassi. Plastkinnitustega paigaldades peaks laudade vaheline vahe olema 5 mm. \u00dches karbis on 200 T-klambrit, 50 lukustusklambrit ja 10 alustamisklambrit.<\/p>\n<p>Kui eelistad v\u00e4iksemat, 2 mm vahet, sobivad roostevabast terasest kinnitusvahendid. \u00dcks kott sisaldab 100 kinnitusklambrit, kuid lisaks tuleb eraldi osta ka lukustus- ja alustamisklambrid. K\u00f5ik t\u00f6\u00f6riistad, mida kasutatakse loodusliku puidu t\u00f6\u00f6tlemiseks, sobivad ka komposiitpuidu paigaldamiseks.<\/p>\n<p>&nbsp;<\/p>\n<p>&nbsp;<\/p>\n<p><strong>Komposiitpuidu eelised:<\/strong><\/p>\n<ul>\n<li>V\u00e4ike hooldusvajadus: Aeg-ajalt pesemine hoiab terrassi heas korras.<\/li>\n<li>Keskkonnas\u00f5bralik: Valmistatud taaskasutatud puidust ja plastist, 100% taaskasutatav.<\/li>\n<li>Tervislik valik: Ei sisalda toksilisi aineid, nagu raskmetallid v\u00f5i kemikaalid.<\/li>\n<li>Vastupidavus: Suurep\u00e4rane mehaanilise kulumise ja ilmastikutingimuste suhtes, pikema elueaga kui looduslik puit.<\/li>\n<li>V\u00e4rvikindlus: Kahepoolsed lauad s\u00e4ilitavad oma v\u00e4rvi aja jooksul ilma tuhmumiseta.<\/li>\n<li>Lihtne paigaldada: T\u00e4psete m\u00f5\u00f5tmete ja peidetud kinnituss\u00fcsteemi t\u00f5ttu kiire ja t\u00e4pne paigaldus.<\/li>\n<li>Mugav palja jala all: Ei l\u00f5hene ega pragune, sobib ideaalselt paljajalu k\u00f5ndimiseks.<\/li>\n<\/ul>\n<p>&nbsp;<\/p>\n<p>&nbsp;<\/p>\n<p><strong>Tehniline info:<\/strong><\/p>\n<ul>\n<li>Pikkus: 3,85 m<\/li>\n<li>Laius: 140 mm<\/li>\n<li>Paksus: 22 mm<\/li>\n<li>Sertifikaadid: PEFC, Soome T\u00f6\u00f6 Liidu sertifikaat<\/li>\n<li>Materjal: Komposiitpuit<\/li>\n<\/ul>\n<p>&nbsp;<\/p>\n<p>&nbsp;<\/p>\n<p><strong>Pakend:<\/strong><\/p>\n<ul>\n<li>Pikkus: 3,85 m<\/li>\n<li>Pakendi katvus m\u00b2\/pakk: 0,56 m\u00b2\/pakk<\/li>\n<li>Pakendi katvus m\/pakk: 3,9 m\/pakk<\/li>\n<\/ul>\n<p>&nbsp;<\/p>\n<p>&nbsp;<\/p>\n","protected":false},"excerpt":{"rendered":"<p>DUO komposiitpuidust terrassilaud on vastupidav ja modernne valik terrassidele, r\u00f5dudele ja \u00f5uealadele. Kahepoolne disain v\u00f5imaldab valida kahe v\u00e4rvitooni vahel, samas kui 3D tekstuur lisab turvalisust ning loob t\u00f5elise puidu tunde. T\u00e4iustatud struktuur v\u00e4hendab termilist paisumist ja pikendab laua eluiga. Vastupidav kaitsekiht t\u00f5rjub vett, mustust ja kriimustusi, muutes hoolduse lihtsamaks ja ennetades v\u00e4rvi pleekimist. Komposiitpuit on ilmastiku- ja UV-kindlam kui looduslik puit ning seda on lihtne paigaldada ja hooldada.<\/p>\n<p>&nbsp;<\/p>\n<p>Hind per jm<\/p>\n","protected":false},"featured_media":101033,"comment_status":"open","ping_status":"closed","template":"","meta":{"_acf_changed":false},"factory":[],"free-shipment":[],"product_brand":[],"product_cat":[176,339],"product_tag":[2021],"class_list":{"0":"post-101044","1":"product","2":"type-product","3":"status-publish","4":"has-post-thumbnail","6":"product_cat-porand","7":"product_cat-terassilauad","8":"product_tag-composite-wood-et","10":"first","11":"instock","12":"sale","13":"taxable","14":"shipping-taxable","15":"purchasable","16":"product-type-simple"},"acf":[],"_links":{"self":[{"href":"https:\/\/factory.sale\/et\/wp-json\/wp\/v2\/product\/101044","targetHints":{"allow":["GET"]}}],"collection":[{"href":"https:\/\/factory.sale\/et\/wp-json\/wp\/v2\/product"}],"about":[{"href":"https:\/\/factory.sale\/et\/wp-json\/wp\/v2\/types\/product"}],"replies":[{"embeddable":true,"href":"https:\/\/factory.sale\/et\/wp-json\/wp\/v2\/comments?post=101044"}],"wp:featuredmedia":[{"embeddable":true,"href":"https:\/\/factory.sale\/et\/wp-json\/wp\/v2\/media\/101033"}],"wp:attachment":[{"href":"https:\/\/factory.sale\/et\/wp-json\/wp\/v2\/media?parent=101044"}],"wp:term":[{"taxonomy":"factory","embeddable":true,"href":"https:\/\/factory.sale\/et\/wp-json\/wp\/v2\/factory?post=101044"},{"taxonomy":"free-shipment","embeddable":true,"href":"https:\/\/factory.sale\/et\/wp-json\/wp\/v2\/free-shipment?post=101044"},{"taxonomy":"product_brand","embeddable":true,"href":"https:\/\/factory.sale\/et\/wp-json\/wp\/v2\/product_brand?post=101044"},{"taxonomy":"product_cat","embeddable":true,"href":"https:\/\/factory.sale\/et\/wp-json\/wp\/v2\/product_cat?post=101044"},{"taxonomy":"product_tag","embeddable":true,"href":"https:\/\/factory.sale\/et\/wp-json\/wp\/v2\/product_tag?post=101044"}],"curies":[{"name":"wp","href":"https:\/\/api.w.org\/{rel}","templated":true}]}}