{"id":100986,"date":"2025-03-04T11:34:31","date_gmt":"2025-03-04T08:46:06","guid":{"rendered":"https:\/\/factory.sale\/?post_type=product&#038;p=100986"},"modified":"2026-04-03T15:37:37","modified_gmt":"2026-04-03T12:37:37","slug":"klaasplastist-kulmaveetunn-uhele","status":"publish","type":"product","link":"https:\/\/factory.sale\/et\/toode\/klaasplastist-kulmaveetunn-uhele\/","title":{"rendered":"Klaasplastist k\u00fclmaveet\u00fcnn \u00fchele"},"content":{"rendered":"<p><video style=\"max-width: 100%; height: auto; display: block;\" preload=\"auto\" autoplay=\"autoplay\" loop=\"loop\" muted=\"\" controls=\"controls\" width=\"900\" height=\"450\"><source src=\"https:\/\/factory.sale\/wp-content\/uploads\/2025\/03\/IMG_8207.mp4\" type=\"video\/mp4\" \/>Your browser does not support the video tag.<\/video><\/p>\n<p>T\u00f5sta oma heaolurutiin uuele tasemele meie klaasplastist k\u00fclmaveet\u00fcnniga, mis on m\u00f5eldud \u00fchele inimesele. Kompaktsete m\u00f5\u00f5tmetega \u2013 106 cm l\u00e4bim\u00f5\u00f5t ja 93,5 cm k\u00f5rgus \u2013 pakub see s\u00fcgavat ja kosutavat j\u00e4\u00e4vanni, sobitudes samal ajal sujuvalt igasse aeda. 400-liitrine t\u00fcnn kest tagab suurep\u00e4rase vastupidavuse, mida t\u00e4iendab stiilne 18 mm termopuidust v\u00e4lisviimistlus, andes modernse ja loodusl\u00e4hedase ilme.<\/p>\n<p>T\u00f5husa k\u00fclmaveevanni jaoks on \u00f5ige temperatuur \u00fclioluline. Kuigi vann suudab k\u00fclma vett h\u00e4sti hoida, soovitame optimaalse taastumise, lihaste l\u00f5dvestuse ja vereringe toetamiseks kasutada v\u00e4list elektrilist jahutit. See valikuline seade toimib vajadusel ka soojendina, v\u00f5imaldades nautida l\u00f5\u00f5gastavat sooja vanni.<\/p>\n<p>Olenemata sellest, kas oled sportlane, heaoluhuviline v\u00f5i lihtsalt otsid igap\u00e4evase taastumise t\u00e4iustamiseks ideaalset lahendust, on see j\u00e4\u00e4vann t\u00e4iuslik t\u00e4iendus sinu k\u00fclmateraapia rutiini.<\/p>\n<p>&nbsp;<\/p>\n<p><strong>Komplekt sisaldab:<\/strong><\/p>\n<ul>\n<li>Klaasplastist kest kaetud 18 mm termopuiduga<\/li>\n<li>\u00c4ravool<\/li>\n<\/ul>\n<p>&nbsp;<\/p>\n<p>&nbsp;<\/p>\n<p><strong>Klaasplasti v\u00e4rvivalikud:<\/strong><br \/>\nSinine, hall, t\u00fcrkiis, bee\u017e, must<\/p>\n<p><img loading=\"lazy\" decoding=\"async\" class=\"alignnone wp-image-100984\" src=\"https:\/\/factory.sale\/wp-content\/uploads\/2025\/03\/hot-tub-colours-factory-sale-300x59.webp\" alt=\"\" width=\"590\" height=\"116\" srcset=\"https:\/\/factory.sale\/wp-content\/uploads\/2025\/03\/hot-tub-colours-factory-sale-300x59.webp 300w, https:\/\/factory.sale\/wp-content\/uploads\/2025\/03\/hot-tub-colours-factory-sale-1024x202.webp 1024w, https:\/\/factory.sale\/wp-content\/uploads\/2025\/03\/hot-tub-colours-factory-sale-150x30.webp 150w, https:\/\/factory.sale\/wp-content\/uploads\/2025\/03\/hot-tub-colours-factory-sale-1536x303.webp 1536w, https:\/\/factory.sale\/wp-content\/uploads\/2025\/03\/hot-tub-colours-factory-sale-600x118.webp 600w, https:\/\/factory.sale\/wp-content\/uploads\/2025\/03\/hot-tub-colours-factory-sale.webp 1904w\" sizes=\"auto, (max-width: 590px) 100vw, 590px\" \/><\/p>\n<p>&nbsp;<\/p>\n<p>&nbsp;<\/p>\n<p><strong>Saadaval lisatarvikud:<\/strong><\/p>\n<p>Jahuti, jahuti puidust kast, isoleeritud kate 1,0 m, trepp, \u00e4ravoolukraan ID 3\/4, jalavann<\/p>\n<p><img loading=\"lazy\" decoding=\"async\" class=\"alignnone wp-image-100981\" src=\"https:\/\/factory.sale\/wp-content\/uploads\/2025\/03\/Fiberglass-cold-plunge-tub-for-one-accessories-factory-sale-300x146.webp\" alt=\"\" width=\"584\" height=\"284\" srcset=\"https:\/\/factory.sale\/wp-content\/uploads\/2025\/03\/Fiberglass-cold-plunge-tub-for-one-accessories-factory-sale-300x146.webp 300w, https:\/\/factory.sale\/wp-content\/uploads\/2025\/03\/Fiberglass-cold-plunge-tub-for-one-accessories-factory-sale-1024x498.webp 1024w, https:\/\/factory.sale\/wp-content\/uploads\/2025\/03\/Fiberglass-cold-plunge-tub-for-one-accessories-factory-sale-150x73.webp 150w, https:\/\/factory.sale\/wp-content\/uploads\/2025\/03\/Fiberglass-cold-plunge-tub-for-one-accessories-factory-sale-1536x746.webp 1536w, https:\/\/factory.sale\/wp-content\/uploads\/2025\/03\/Fiberglass-cold-plunge-tub-for-one-accessories-factory-sale-2048x995.webp 2048w, https:\/\/factory.sale\/wp-content\/uploads\/2025\/03\/Fiberglass-cold-plunge-tub-for-one-accessories-factory-sale-600x292.webp 600w\" sizes=\"auto, (max-width: 584px) 100vw, 584px\" \/><\/p>\n<p>&nbsp;<\/p>\n<p>&nbsp;<\/p>\n<p>&nbsp;<\/p>\n<p><b>Transpordi informatsioon:<\/b><\/p>\n<p>Kohaletoimetamine t\u00f5stukiga veoautoga.<\/p>\n","protected":false},"excerpt":{"rendered":"<p>T\u00e4ienda oma heaolurutiini \u00fchele kasutajale m\u00f5eldud klaasplastist k\u00fclmaveet\u00fcnniga. Kompaktse 106 cm l\u00e4bim\u00f5\u00f5du ja vastupidava 400-liitrise klaasplastist sisuga tagab see k\u00fclmaveet\u00fcnn optimaalse lihaste taastumise, parema vereringe ja t\u00f5husa k\u00fclmateraapia. 18 mm termopuidust v\u00e4lisviimistlus lisab stiilse ja loodusl\u00e4hedase ilme, samas kui valikuline elektriline jahuti hoiab vee t\u00e4iuslikul temperatuuril. Ideaalne sportlastele, heaoluhuvilistele ja taastumist v\u00e4\u00e4rtustavatele inimestele.<\/p>\n<p>&nbsp;<\/p>\n","protected":false},"featured_media":100975,"comment_status":"open","ping_status":"closed","template":"","meta":{"_acf_changed":false},"factory":[],"free-shipment":[],"product_brand":[],"product_cat":[3027,2209],"product_tag":[],"class_list":{"0":"post-100986","1":"product","2":"type-product","3":"status-publish","4":"has-post-thumbnail","6":"product_cat-kulmaveetunnid","7":"product_cat-kumblustunnid","9":"first","10":"instock","11":"sale","12":"taxable","13":"shipping-taxable","14":"purchasable","15":"product-type-simple"},"acf":[],"_links":{"self":[{"href":"https:\/\/factory.sale\/et\/wp-json\/wp\/v2\/product\/100986","targetHints":{"allow":["GET"]}}],"collection":[{"href":"https:\/\/factory.sale\/et\/wp-json\/wp\/v2\/product"}],"about":[{"href":"https:\/\/factory.sale\/et\/wp-json\/wp\/v2\/types\/product"}],"replies":[{"embeddable":true,"href":"https:\/\/factory.sale\/et\/wp-json\/wp\/v2\/comments?post=100986"}],"wp:featuredmedia":[{"embeddable":true,"href":"https:\/\/factory.sale\/et\/wp-json\/wp\/v2\/media\/100975"}],"wp:attachment":[{"href":"https:\/\/factory.sale\/et\/wp-json\/wp\/v2\/media?parent=100986"}],"wp:term":[{"taxonomy":"factory","embeddable":true,"href":"https:\/\/factory.sale\/et\/wp-json\/wp\/v2\/factory?post=100986"},{"taxonomy":"free-shipment","embeddable":true,"href":"https:\/\/factory.sale\/et\/wp-json\/wp\/v2\/free-shipment?post=100986"},{"taxonomy":"product_brand","embeddable":true,"href":"https:\/\/factory.sale\/et\/wp-json\/wp\/v2\/product_brand?post=100986"},{"taxonomy":"product_cat","embeddable":true,"href":"https:\/\/factory.sale\/et\/wp-json\/wp\/v2\/product_cat?post=100986"},{"taxonomy":"product_tag","embeddable":true,"href":"https:\/\/factory.sale\/et\/wp-json\/wp\/v2\/product_tag?post=100986"}],"curies":[{"name":"wp","href":"https:\/\/api.w.org\/{rel}","templated":true}]}}