{"id":100832,"date":"2025-03-01T18:48:00","date_gmt":"2025-03-01T15:48:03","guid":{"rendered":"https:\/\/factory.sale\/?post_type=product&#038;p=100832"},"modified":"2026-03-29T12:47:54","modified_gmt":"2026-03-29T09:47:54","slug":"kulmaveetunn-ukko-ofuro-black-edition","status":"publish","type":"product","link":"https:\/\/factory.sale\/et\/toode\/kulmaveetunn-ukko-ofuro-black-edition\/","title":{"rendered":"K\u00fclmaveet\u00fcnn Ukko Ofuro, black edition"},"content":{"rendered":"<p>Levib m\u00fc\u00fct, et j\u00e4\u00e4vees k\u00fcmblemine on ekstreemne, siis kaheksa tunni pikkune kontori t\u00f6\u00f6p\u00e4ev on veel ekstreemsem. Talisuplejad ei ole kamp veidrike, vaid inimesed kes hoolivad enda tervisest. Teaduslikult on t\u00f5estatud, et j\u00e4\u00e4vannis karastades inimene suudab m\u00f5jutada enda bioloogiat ja t\u00f5sta inimv\u00f5imete piiri. Viimasel ajal kogub populaarsust Wim Hof meetod, mis keskendub, kuidas teadlikult ja turvaliselt oma f\u00fc\u00fcsilist ja vaimset tervist toetada ning tugevdada l\u00e4bi hingamispraktikate, karastamise ja meeletreeningu(mindfullness). J\u00e4\u00e4vann on hea lahendus praktiseerida seda k\u00f5ike enda kodus. M\u00f5\u00f5tmetelt sobib ideaalselt j\u00e4\u00e4vann igasse ruumi.<br \/>\nSportlasel tippvormi saavutamine toimub l\u00e4bi oskuskliku ja teadliku treenimise, \u00fchtlasi m\u00e4ngib \u00fcliolulist rolli kiire taastumine, mist\u00f5ttu on j\u00e4\u00e4vann taskukohane ja mugav lahendus. Uuringud kinnitavad, et j\u00e4\u00e4vannis viibiminine leevendab keha p\u00f5letikke, v\u00e4hendab valu, soodustab ainevahetust ning alandab stressitaset. Samuti parandab keskendumis- ja t\u00f6\u00f6v\u00f5imekust, stimuleerib vereringet ja kiirendavab lihaste taastumist.<br \/>\nSiiski tuleb j\u00e4\u00e4vannide kasutamisel alustades l\u00fchikestest sessioonidest j\u00e4lgides enda keha reaktsioone ning leida endale sobiv tasakaal.<\/p>\n<p><strong>Tehnilised andmed:<\/strong><\/p>\n<ul>\n<li>Laius: 1900 mm<\/li>\n<li>Pikkus: 1200 mm<\/li>\n<li>K\u00f5rgus: 970 mm<\/li>\n<li>Mahutavus: 2 inimest<\/li>\n<li>Kaal: 160 kg<\/li>\n<li>Veemahutavus: 800 L<\/li>\n<\/ul>\n<p><strong>Komplekt sisaldab:<\/strong><\/p>\n<ul>\n<li>K\u00f5rgeima kvaliteediga klaasplastist k\u00fclmaveet\u00fcnni sisemus (musta v\u00e4rvi)<\/li>\n<li>T\u00f6\u00f6deldud termopuidust v\u00e4lisviimistlus (toon: must)<\/li>\n<li>\u00dcmar trepp<\/li>\n<\/ul>\n<p><strong>Kohandatavad lisad:<\/strong><\/p>\n<ul>\n<li>PUR-vaht isolatsioon temperatuuri s\u00e4ilitamiseks<\/li>\n<li>LED-valgustus rahustava atmosf\u00e4\u00e4ri loomiseks<\/li>\n<li>Termokate<\/li>\n<li><a href=\"https:\/\/factory.sale\/wp-content\/uploads\/2024\/12\/cooler-heater-for-ice-bath-cold-plunge-factory.sale_.webp\" target=\"_blank\" rel=\"noopener\">Vee jahutaja-soojendaja<\/a><\/li>\n<li>Digitaalne integreeritud termomeeter<\/li>\n<li>Veejahutaja kast<\/li>\n<li>Veejahutaja \u00fchendused<\/li>\n<\/ul>\n<p>&nbsp;<\/p>\n<p>Turguta end meie kvaliteetse k\u00fclmaveet\u00fcnniga. Naudi k\u00fclmteraapia v\u00e4rskendavat m\u00f5ju ja tervislikumat eluviisi.<\/p>\n<p>&nbsp;<\/p>\n","protected":false},"excerpt":{"rendered":"<p>Aktiveeri t\u00f5eline sisemine j\u00f5ud endas! Kiire elutempo ja pikad tunnid arvuti taga on sama v\u00e4sitav, kui ekstreemsport. J\u00e4\u00e4vann on lihtne, kiire ja looduslik viis tugevdada enda vaimset ja f\u00fc\u00fcsilist heaolu. \u00dchtlasi on ka ansendamatu kaaslane tippsortlase argip\u00e4evas.<\/p>\n","protected":false},"featured_media":100835,"comment_status":"open","ping_status":"closed","template":"","meta":{"_acf_changed":false},"factory":[],"free-shipment":[],"product_brand":[],"product_cat":[3027,2209],"product_tag":[4438,2845],"class_list":{"0":"post-100832","1":"product","2":"type-product","3":"status-publish","4":"has-post-thumbnail","6":"product_cat-kulmaveetunnid","7":"product_cat-kumblustunnid","8":"product_tag-cold-plunge-et","9":"product_tag-wellness-et","11":"first","12":"instock","13":"sale","14":"taxable","15":"shipping-taxable","16":"purchasable","17":"product-type-simple"},"acf":[],"_links":{"self":[{"href":"https:\/\/factory.sale\/et\/wp-json\/wp\/v2\/product\/100832","targetHints":{"allow":["GET"]}}],"collection":[{"href":"https:\/\/factory.sale\/et\/wp-json\/wp\/v2\/product"}],"about":[{"href":"https:\/\/factory.sale\/et\/wp-json\/wp\/v2\/types\/product"}],"replies":[{"embeddable":true,"href":"https:\/\/factory.sale\/et\/wp-json\/wp\/v2\/comments?post=100832"}],"wp:featuredmedia":[{"embeddable":true,"href":"https:\/\/factory.sale\/et\/wp-json\/wp\/v2\/media\/100835"}],"wp:attachment":[{"href":"https:\/\/factory.sale\/et\/wp-json\/wp\/v2\/media?parent=100832"}],"wp:term":[{"taxonomy":"factory","embeddable":true,"href":"https:\/\/factory.sale\/et\/wp-json\/wp\/v2\/factory?post=100832"},{"taxonomy":"free-shipment","embeddable":true,"href":"https:\/\/factory.sale\/et\/wp-json\/wp\/v2\/free-shipment?post=100832"},{"taxonomy":"product_brand","embeddable":true,"href":"https:\/\/factory.sale\/et\/wp-json\/wp\/v2\/product_brand?post=100832"},{"taxonomy":"product_cat","embeddable":true,"href":"https:\/\/factory.sale\/et\/wp-json\/wp\/v2\/product_cat?post=100832"},{"taxonomy":"product_tag","embeddable":true,"href":"https:\/\/factory.sale\/et\/wp-json\/wp\/v2\/product_tag?post=100832"}],"curies":[{"name":"wp","href":"https:\/\/api.w.org\/{rel}","templated":true}]}}