{"id":100584,"date":"2025-02-24T18:35:14","date_gmt":"2025-02-24T15:40:21","guid":{"rendered":"https:\/\/factory.sale\/?post_type=product&#038;p=100584"},"modified":"2026-03-05T00:25:29","modified_gmt":"2026-03-04T21:25:29","slug":"saunapallo-saunakuul-matt-must","status":"publish","type":"product","link":"https:\/\/factory.sale\/et\/toode\/saunapallo-saunakuul-matt-must\/","title":{"rendered":"Saunapallo saunakuul, matt must"},"content":{"rendered":"<p><video style=\"max-width: 100%; height: auto; display: block;\" preload=\"auto\" autoplay=\"autoplay\" loop=\"loop\" muted=\"\" controls=\"controls\" width=\"750\" height=\"375\"><source src=\"https:\/\/factory.sale\/wp-content\/uploads\/2025\/02\/H03A1751.mp4\" type=\"video\/mp4\" \/>Your browser does not support the video tag.<\/video><\/p>\n<p>&nbsp;<\/p>\n<p>Saunapallo\u00ae riputatakse saunaahju kohale ja seda saab kasutada mitmel erineval viisil.<\/p>\n<p>P\u00f5him\u00f5te on lihtne: vala soovitud kogus vett kuuli sisse ja l\u00fckka seda seej\u00e4rel \u00f5rnalt saunakulbiga, et see \u00f5\u00f5tsuma hakkaks.<\/p>\n<p>Kuuli p\u00f5hjas olevad augud jaotavad vee \u00fchtlaselt ahjule.<\/p>\n<p>Kuuli saab t\u00e4ita enne sauna sisenemist, tagades meeldiva niiskustaseme juba sauna minnes.<\/p>\n<p>L\u00f5\u00f5gastava ja j\u00e4rk-j\u00e4rgult suureneva leili saamiseks vala kuuli umbes 1\u20131,5 liitrit vett ja anna sellele \u00f5rn t\u00f5uge.<\/p>\n<p>Tugevama leili jaoks kasuta tavap\u00e4rast saunakulpi, kuid parima tulemuse saavutamiseks t\u00e4ida k\u00f5igepealt kuul veega ja viska seej\u00e4rel t\u00e4iendav vesi ahjule.<\/p>\n<p>Kuuli sisse v\u00f5ib valada ka l\u00f5hnastatud saunavett, mis levitab aroomi \u00fchtlaselt kogu saunas.<\/p>\n<p>Toote hooldamiseks puhasta regulaarselt kuuli sisemus, et v\u00e4ltida p\u00f5hjas olevate v\u00e4ikeste aukude ummistumist.<\/p>\n<p>&nbsp;<\/p>\n<p><strong>Tehnilised andmed:<\/strong><\/p>\n<ul>\n<li>Kaal: Kuul: 560 g, kett: 105 g<\/li>\n<li>Maht: 3 liitrit<\/li>\n<li>Materjal: Roostevaba teras<\/li>\n<li>V\u00e4rvus: Matt must<\/li>\n<\/ul>\n<p>&nbsp;<\/p>\n<p><strong>HOIATUSED:<\/strong><\/p>\n<p>\u00c4RA PUUTU KUULI EGA KETTI, KUI SAUN ON KUUM V\u00d5I SISSE L\u00dcLITATUD!<br \/>\nP\u00d5LETUSOHT!<\/p>\n<p>&nbsp;<\/p>\n","protected":false},"excerpt":{"rendered":"<p>Avasta Saunapallo\u00ae matt must saunakuul, mis on loodud sinu saunaelamuse parandamiseks, pakkudes \u00fchtlaselt jaotuvat leili ja l\u00f5\u00f5gastavaid aroomielamusi. T\u00e4ida kuul vee v\u00f5i l\u00f5hnastatud saunaveega, aseta see \u00f5\u00f5tsuma ja naudi l\u00f5\u00f5gastavat v\u00f5i intensiivset leili. Valmistatud vastupidavast roostevabast terasest ning mahutavusega 3 liitrit, sobib ideaalselt nii kodustesse kui ka avalikesse saunadesse.<\/p>\n","protected":false},"featured_media":141276,"comment_status":"open","ping_status":"closed","template":"","meta":{"_acf_changed":false},"factory":[],"free-shipment":[],"product_brand":[],"product_cat":[1028,784],"product_tag":[],"class_list":{"0":"post-100584","1":"product","2":"type-product","3":"status-publish","4":"has-post-thumbnail","6":"product_cat-saunatarvikud","7":"product_cat-sanitaartehnika","9":"first","10":"instock","11":"sale","12":"taxable","13":"shipping-taxable","14":"purchasable","15":"product-type-simple"},"acf":[],"_links":{"self":[{"href":"https:\/\/factory.sale\/et\/wp-json\/wp\/v2\/product\/100584","targetHints":{"allow":["GET"]}}],"collection":[{"href":"https:\/\/factory.sale\/et\/wp-json\/wp\/v2\/product"}],"about":[{"href":"https:\/\/factory.sale\/et\/wp-json\/wp\/v2\/types\/product"}],"replies":[{"embeddable":true,"href":"https:\/\/factory.sale\/et\/wp-json\/wp\/v2\/comments?post=100584"}],"wp:featuredmedia":[{"embeddable":true,"href":"https:\/\/factory.sale\/et\/wp-json\/wp\/v2\/media\/141276"}],"wp:attachment":[{"href":"https:\/\/factory.sale\/et\/wp-json\/wp\/v2\/media?parent=100584"}],"wp:term":[{"taxonomy":"factory","embeddable":true,"href":"https:\/\/factory.sale\/et\/wp-json\/wp\/v2\/factory?post=100584"},{"taxonomy":"free-shipment","embeddable":true,"href":"https:\/\/factory.sale\/et\/wp-json\/wp\/v2\/free-shipment?post=100584"},{"taxonomy":"product_brand","embeddable":true,"href":"https:\/\/factory.sale\/et\/wp-json\/wp\/v2\/product_brand?post=100584"},{"taxonomy":"product_cat","embeddable":true,"href":"https:\/\/factory.sale\/et\/wp-json\/wp\/v2\/product_cat?post=100584"},{"taxonomy":"product_tag","embeddable":true,"href":"https:\/\/factory.sale\/et\/wp-json\/wp\/v2\/product_tag?post=100584"}],"curies":[{"name":"wp","href":"https:\/\/api.w.org\/{rel}","templated":true}]}}