{"id":100503,"date":"2025-02-23T19:08:37","date_gmt":"2025-02-23T16:08:38","guid":{"rendered":"https:\/\/factory.sale\/?post_type=product&#038;p=100503"},"modified":"2025-02-23T22:33:17","modified_gmt":"2025-02-23T19:33:17","slug":"varikatus-terrassile-feria-3x425m-hall-kirgas","status":"publish","type":"product","link":"https:\/\/factory.sale\/et\/toode\/varikatus-terrassile-feria-3x425m-hall-kirgas\/","title":{"rendered":"Varikatus terrassile Feria 3&#215;4,25m hall\/kirgas"},"content":{"rendered":"<p>L\u00f5\u00f5gastu ja naudi \u00f5ues olemist Palram FERIA terrassi\/varikatuse all. Praktiliselt purunematud 8 mm pol\u00fckarbonaadist laepaneelid on 100% UV-kaitsega ning blokeerivad kahjulikku UV-kiirgust. Spetsiaalselt vihma\/kaste lekke v\u00e4ltimiseks v\u00e4lja t\u00f6\u00f6tatud patenteeritud kruvivaba katuse montaa\u017eis\u00fcsteem. Terrassi katus loodud nii, et seda saaks lihtsalt kokku panna 2 inimest, kasutades Click N\u2019 Lock katuses\u00fcsteemi ohutuks ja lihtsaks kokkupanekuks, v\u00e4ltides lekkeid.<br \/>\nVarikatus on reguleeritava seina\u00fchendusega ja vabalt positsioneeritavate tugevate esipostidega.<br \/>\nPuhta joonega, kaasaegne disain. Hooldusvaba, kestma ehitatud t\u00e4nu erakordselt vastupidavatele materjalidele. Valmistatud 100% taaskasutatavatest materjalidest.<\/p>\n<p>&nbsp;<\/p>\n<p><strong>TOOTE M\u00d5\u00d5TMED:<\/strong><\/p>\n<p>Harja k\u00f5rgus : 260-305 cm<br \/>\nR\u00e4\u00e4sta k\u00f5rgus : 210 cm<br \/>\nLaius : 425 cm<br \/>\nS\u00fcgavus : 294-300 cm<br \/>\nPindala : 12 m\u00b2<br \/>\nKatuse pindala : 12 m\u00b2<\/p>\n<p>&nbsp;<\/p>\n<p><strong>TOOTE OMADUSED:<\/strong><\/p>\n<p>V\u00e4rv: hall<br \/>\nMaterjal: alumiinium, metall, plast, pol\u00fckarbonaat<br \/>\nMaterjali spetsifikatsioon: metall|plast<br \/>\nPinnat\u00f6\u00f6tlus: pulberv\u00e4rvitud<br \/>\nSisaldab h\u00fcdroisolatsioonimaterjali: Jah<br \/>\nReguleeritav k\u00f5rgus: 260-305 cm<br \/>\nKatus: 8 mm pol\u00fckarbonaadi<br \/>\nM\u00f5\u00f5tmisteabe t\u00e4psustus: Harja k\u00f5rgus t\u00e4hendab katuse k\u00f5rgeimat punkti ja r\u00e4\u00e4sta k\u00f5rgus katuse madalaimat punkti.<\/p>\n<p>&nbsp;<\/p>\n<p><strong>TOOTE SPETSIFIKATSIOONID:<\/strong><\/p>\n<p>Lumekoormus (kg\/m\u00b2): 150<\/p>\n<p>&nbsp;<\/p>\n<p><strong>LUMEKOORMUS:<\/strong><\/p>\n<p>Katustelt tuleb alati eemaldada liigne lumekoormus. Garantii ei kata lumekoormuse liigsest kaalust tingitud katuse sissevajumist.<\/p>\n<p>&nbsp;<\/p>\n<div class=\"video-wrapper \"><iframe loading=\"lazy\" title=\"How to Assemble Feria\u2122 Patio Cover | Canopia by Palram\" width=\"500\" height=\"281\" src=\"https:\/\/www.youtube.com\/embed\/fP_XGOgTTg4?feature=oembed\" frameborder=\"0\" allow=\"accelerometer; autoplay; clipboard-write; encrypted-media; gyroscope; picture-in-picture; web-share\" referrerpolicy=\"strict-origin-when-cross-origin\" allowfullscreen><\/iframe><\/div>\n","protected":false},"excerpt":{"rendered":"<p>L\u00f5\u00f5gastu ja naudi \u00f5ues olemist Palram FERIA terrassi\/varikatuse all. Praktiliselt purunematud 8 mm pol\u00fckarbonaadist laepaneelid on 100% UV-kaitsega ning blokeerivad kahjulikku UV-kiirgust. Spetsiaalselt vihma\/kaste lekke v\u00e4ltimiseks v\u00e4lja t\u00f6\u00f6tatud patenteeritud kruvivaba katuse montaa\u017eis\u00fcsteem. Terrassi katus loodud nii, et seda saaks lihtsalt kokku panna 2 inimest, kasutades Click N\u2019 Lock katuses\u00fcsteemi ohutuks ja lihtsaks kokkupanekuks, v\u00e4ltides lekkeid.<\/p>\n","protected":false},"featured_media":100509,"comment_status":"open","ping_status":"closed","template":"","meta":{"_acf_changed":false},"factory":[],"free-shipment":[],"product_brand":[],"product_cat":[924,1912],"product_tag":[1918,1483,1484,2714],"class_list":{"0":"post-100503","1":"product","2":"type-product","3":"status-publish","4":"has-post-thumbnail","6":"product_cat-aiatooted","7":"product_cat-varikatused","8":"product_tag-canopies-et","9":"product_tag-garden-et","10":"product_tag-yard-et","11":"product_tag-yard-and-garden-et","13":"first","14":"instock","15":"sale","16":"taxable","17":"shipping-taxable","18":"purchasable","19":"product-type-simple"},"acf":[],"_links":{"self":[{"href":"https:\/\/factory.sale\/et\/wp-json\/wp\/v2\/product\/100503","targetHints":{"allow":["GET"]}}],"collection":[{"href":"https:\/\/factory.sale\/et\/wp-json\/wp\/v2\/product"}],"about":[{"href":"https:\/\/factory.sale\/et\/wp-json\/wp\/v2\/types\/product"}],"replies":[{"embeddable":true,"href":"https:\/\/factory.sale\/et\/wp-json\/wp\/v2\/comments?post=100503"}],"wp:featuredmedia":[{"embeddable":true,"href":"https:\/\/factory.sale\/et\/wp-json\/wp\/v2\/media\/100509"}],"wp:attachment":[{"href":"https:\/\/factory.sale\/et\/wp-json\/wp\/v2\/media?parent=100503"}],"wp:term":[{"taxonomy":"factory","embeddable":true,"href":"https:\/\/factory.sale\/et\/wp-json\/wp\/v2\/factory?post=100503"},{"taxonomy":"free-shipment","embeddable":true,"href":"https:\/\/factory.sale\/et\/wp-json\/wp\/v2\/free-shipment?post=100503"},{"taxonomy":"product_brand","embeddable":true,"href":"https:\/\/factory.sale\/et\/wp-json\/wp\/v2\/product_brand?post=100503"},{"taxonomy":"product_cat","embeddable":true,"href":"https:\/\/factory.sale\/et\/wp-json\/wp\/v2\/product_cat?post=100503"},{"taxonomy":"product_tag","embeddable":true,"href":"https:\/\/factory.sale\/et\/wp-json\/wp\/v2\/product_tag?post=100503"}],"curies":[{"name":"wp","href":"https:\/\/api.w.org\/{rel}","templated":true}]}}