{"id":100474,"date":"2025-02-23T18:37:45","date_gmt":"2025-02-23T15:37:46","guid":{"rendered":"https:\/\/factory.sale\/?post_type=product&#038;p=100474"},"modified":"2025-02-25T08:01:43","modified_gmt":"2025-02-25T05:01:43","slug":"terrassi-varikatus-palram-canopia-olympia-3x425m-hall-pronks","status":"publish","type":"product","link":"https:\/\/factory.sale\/et\/toode\/terrassi-varikatus-palram-canopia-olympia-3x425m-hall-pronks\/","title":{"rendered":"Terrassi varikatus Palram-Canopia Olympia, 3\u00d74,25m, hall\/pronks"},"content":{"rendered":"<p>&nbsp;<\/p>\n<p>L\u00f5\u00f5gastu ja naudi \u00f5ues olemist Palram-Copy 3\u00d74,25 meetri Olympia terrassivarikatuse all. Varikatus on loodud vastu pidama karmidele ilmastikutingimustele, suurele lumekoormusele ja tugevale tuulele. Praktiliselt purunematud 16 mm pol\u00fckarbonaadist k\u00e4rgplekist katusepaneelid on 100% UV-kaitsega ning blokeerivad kahjulikku UV-kiirgust. Paigaldamine saab ohutult, kiiresti ja lihtsalt ise teha liugustega laepaneelide ja eelpuuritud profiilide abil. Kruvid on tarnega kaasas.<br \/>\nVarikatus on reguleeritava seina\u00fchendusega ja vabalt positsioneeritavate tugevate 8\u00d78 cm esipostidega. Tugev konstruktsioon koosneb tugevatest ja korrosioonikindlatest pulberv\u00e4rvitud alumiiniumprofiilidest ja tsingitud terasest liigenditest. Tarne sisaldab ankurdus- ja jalaplaate, millega saad kinnitada terrassi varikatuse enda valitud platvormile. Integreeritud 50 mm r\u00e4\u00e4stas\u00fcsteem v\u00f5imaldab vihmavett juhtida ja kastmiss\u00fcsteemi koguda. Hooldusvaba varikatus ei roosteta, m\u00e4dane ega purune.<\/p>\n<p>&nbsp;<\/p>\n<p><strong>Tooteteave:<\/strong><\/p>\n<ul>\n<li>Harja k\u00f5rgus: 305 cm<\/li>\n<li>R\u00e4\u00e4sta k\u00f5rgus: 210 cm<\/li>\n<li>Laius: 425 cm<\/li>\n<li>S\u00fcgavus: 295 cm<\/li>\n<li>Pindala: 12,5 m\u00b2<\/li>\n<li>TOOTE OMADUSED:<\/li>\n<li>V\u00e4rv: hall<\/li>\n<li>Materjal: Alumiinium<\/li>\n<li>Pinnat\u00f6\u00f6tlus: pulberv\u00e4rvitud<\/li>\n<li>Katusemudel: Pulpetkatus<\/li>\n<li>Katuse pindala: 12,5 m\u00b2<\/li>\n<li>Garantiiaeg: 12 aastat<\/li>\n<li>Tuuletakistus: 120 km\/h<\/li>\n<li>Katuse paneelid: Pronks 10%<\/li>\n<li>Kaal: 82,6 kg<\/li>\n<li>L\u00fckandpaneelid<\/li>\n<li>Sisaldab vihmaveetorusid ja vihmaveetorusid<\/li>\n<li>Vabalt positsioneeritavad postid<\/li>\n<li>Sisaldab ankurdus- ja jalaplaate<\/li>\n<li>M\u00f5\u00f5tmisteabe t\u00e4psustus: Harja k\u00f5rgus t\u00e4hendab katuse k\u00f5rgeimat punkti ja r\u00e4\u00e4sta k\u00f5rgus katuse madalaimat punkti.<\/li>\n<\/ul>\n","protected":false},"excerpt":{"rendered":"<p>L\u00f5\u00f5gastu ja naudi \u00f5ues olemist Palram-Copy 3\u00d74,25 meetri Olympia terrassivarikatuse all. Varikatus on loodud vastu pidama karmidele ilmastikutingimustele, suurele lumekoormusele ja tugevale tuulele. Praktiliselt purunematud 16 mm pol\u00fckarbonaadist k\u00e4rgplekist katusepaneelid on 100% UV-kaitsega ning blokeerivad kahjulikku UV-kiirgust. Paigaldamine saab ohutult, kiiresti ja lihtsalt ise teha liugustega laepaneelide ja eelpuuritud profiilide abil. Kruvid on tarnega kaasas.<\/p>\n","protected":false},"featured_media":100483,"comment_status":"open","ping_status":"closed","template":"","meta":{"_acf_changed":false},"factory":[],"free-shipment":[],"product_brand":[],"product_cat":[924,2356],"product_tag":[1931,2714],"class_list":{"0":"post-100474","1":"product","2":"type-product","3":"status-publish","4":"has-post-thumbnail","6":"product_cat-aiatooted","7":"product_cat-aiarajatised","8":"product_tag-canopy-et","9":"product_tag-yard-and-garden-et","11":"first","12":"instock","13":"sale","14":"taxable","15":"shipping-taxable","16":"purchasable","17":"product-type-simple"},"acf":[],"_links":{"self":[{"href":"https:\/\/factory.sale\/et\/wp-json\/wp\/v2\/product\/100474","targetHints":{"allow":["GET"]}}],"collection":[{"href":"https:\/\/factory.sale\/et\/wp-json\/wp\/v2\/product"}],"about":[{"href":"https:\/\/factory.sale\/et\/wp-json\/wp\/v2\/types\/product"}],"replies":[{"embeddable":true,"href":"https:\/\/factory.sale\/et\/wp-json\/wp\/v2\/comments?post=100474"}],"wp:featuredmedia":[{"embeddable":true,"href":"https:\/\/factory.sale\/et\/wp-json\/wp\/v2\/media\/100483"}],"wp:attachment":[{"href":"https:\/\/factory.sale\/et\/wp-json\/wp\/v2\/media?parent=100474"}],"wp:term":[{"taxonomy":"factory","embeddable":true,"href":"https:\/\/factory.sale\/et\/wp-json\/wp\/v2\/factory?post=100474"},{"taxonomy":"free-shipment","embeddable":true,"href":"https:\/\/factory.sale\/et\/wp-json\/wp\/v2\/free-shipment?post=100474"},{"taxonomy":"product_brand","embeddable":true,"href":"https:\/\/factory.sale\/et\/wp-json\/wp\/v2\/product_brand?post=100474"},{"taxonomy":"product_cat","embeddable":true,"href":"https:\/\/factory.sale\/et\/wp-json\/wp\/v2\/product_cat?post=100474"},{"taxonomy":"product_tag","embeddable":true,"href":"https:\/\/factory.sale\/et\/wp-json\/wp\/v2\/product_tag?post=100474"}],"curies":[{"name":"wp","href":"https:\/\/api.w.org\/{rel}","templated":true}]}}