{"id":100423,"date":"2025-02-23T17:35:38","date_gmt":"2025-02-23T14:35:39","guid":{"rendered":"https:\/\/factory.sale\/?post_type=product&#038;p=100423"},"modified":"2025-02-25T08:01:40","modified_gmt":"2025-02-25T05:01:40","slug":"kasvuhoone-hybrid-788-m2","status":"publish","type":"product","link":"https:\/\/factory.sale\/et\/toode\/kasvuhoone-hybrid-788-m2\/","title":{"rendered":"Kasvuhoone Hybrid 7,88 m2"},"content":{"rendered":"<p>Kasvuhooned HYBRID \u2013 \u201cHybrid\u201d\u00a0 kasvuhoone seeria \u00fchendab praktilist disaini koos esteetilise, funktsionaalse ja vastupidava konstruktsiooniga. Taimed saavad tasakaalustatud kokkupuute p\u00e4ikesevalgusega, mida pakuvad kombineeritud kahekihilised tugevad pol\u00fckarbonaat paneelid katusel ja l\u00e4bipaistvad pol\u00fckarbonaadist plaadid seintel.<\/p>\n<p>\u201cHybrid\u201d kasvuhooned on kergesti paigaldatavad ja sisaldavad galvaniseeritud terasest alusraami. Hingedega uks\u00a0 ja muud lisafunktsioonid aitavad suurendada kasvuhoone kasutstusmugavust. \u00a0Kasvuhooned taluvad\u00a0 pikaajaliselt\u00a0 ekstreemseid ilmastikutingimusi .<\/p>\n<p><strong>Kombineeritud pol\u00fckarbonaadi plaadid tagavad taimede optimaalse kasvu<\/strong><\/p>\n<ul>\n<li>Katteplaadid on vastupidavad t\u00e4nu oma paindlikuse ja l\u00f6\u00f6gikindlusega<\/li>\n<li>Katusepaneelid \u2013 kahe kihilised 4 mm pol\u00fckarbonaadist katuseplaadid kaitsevad taimi tugeva p\u00e4ikesevalguse kiirte eest<\/li>\n<li>Seinapaneelid \u2013 kristalselt l\u00e4bipaistvad pol\u00fckarbonaatplaadid tagavad \u00fcle 90% valguse kokkupuute<\/li>\n<li>T\u00e4ielik UV-blokeering ja 100% UV kaitse.<\/li>\n<li>Paneelid on v\u00e4rvitud ja purunemiskindlad ning tagavad vastupidavuse \u00e4\u00e4rmuslikes ilmastikutingimustes pika aja jooksul.<\/li>\n<\/ul>\n<p><strong>Alumiiniumraam <\/strong><\/p>\n<ul>\n<li>Garanteerib vastupidava, korrosioonikindla ja j\u00e4iga struktuuri.<\/li>\n<\/ul>\n<p><strong>Lihtne paigaldada <\/strong><\/p>\n<ul>\n<li>L\u00fckands\u00fcsteem \u2013 pol\u00fckarbonaatplaate on kerge libistada alumiiniumliistude servadesse<\/li>\n<li>\u00dchesugused profiilid k\u00f5igile positsioonidele<\/li>\n<li>Ukse hinged saab paigaldada nii vasakule kui paremale.<\/li>\n<li>Uksel komplektis k\u00e4epide.<\/li>\n<\/ul>\n<p><strong>Sisseehitatud vihmaveerennid<\/strong><\/p>\n<p><strong>Katuseaken<\/strong><\/p>\n<ul>\n<li>tagab piisava \u00f5huvoolu ja v\u00f5imaldab reguleerida kasvuhoone soojust ja niiskust<\/li>\n<\/ul>\n<p><strong>Tsingitud terasest alusraam<\/strong><\/p>\n<ul>\n<li>Lisab kasvuhoonele stabiilsust<\/li>\n<\/ul>\n<p>&nbsp;<\/p>\n<p><strong>Tehnilised andmed<\/strong><\/p>\n<ul>\n<li>M\u00f5\u00f5dud: 426 x 185 cm, k\u00f5rgus 208\/124cm<\/li>\n<li>Uks: 163 x 56,5 cm<\/li>\n<li>Aknaid: 2<\/li>\n<li>Lumekoormis 75kg\/m2<\/li>\n<\/ul>\n<p>&nbsp;<\/p>\n<p><a href=\"https:\/\/factory.sale\/wp-content\/uploads\/2022\/07\/Harmony_7.88_Mythos_Hybrid.pdf\" target=\"_blank\" rel=\"noopener\">Hybrid\u00a07,88 m2 manuaal<\/a><\/p>\n","protected":false},"excerpt":{"rendered":"<p><strong>\u201cHybrid\u201d kasvuhoone<\/strong> seeria \u00fchendab praktilist disaini koos esteetilise, funktsionaalse ja vastupidava konstruktsiooniga. Taimed saavad tasakaalustatud \u00a0kokkupuute p\u00e4ikesevalgusega, mida pakuvad kombineeritud kahekihilised tugevad pol\u00fckarbonaatpaneelid katusel ja l\u00e4bipaistvad pol\u00fckarbonaadist plaadid seintel.<\/p>\n","protected":false},"featured_media":100426,"comment_status":"open","ping_status":"closed","template":"","meta":{"_acf_changed":false},"factory":[],"free-shipment":[],"product_brand":[],"product_cat":[221],"product_tag":[1483,222,1484],"class_list":{"0":"post-100423","1":"product","2":"type-product","3":"status-publish","4":"has-post-thumbnail","6":"product_cat-kasvuhooned","7":"product_tag-garden-et","8":"product_tag-greenhouse-et-2","9":"product_tag-yard-et","11":"first","12":"instock","13":"sale","14":"taxable","15":"shipping-taxable","16":"purchasable","17":"product-type-simple"},"acf":[],"_links":{"self":[{"href":"https:\/\/factory.sale\/et\/wp-json\/wp\/v2\/product\/100423","targetHints":{"allow":["GET"]}}],"collection":[{"href":"https:\/\/factory.sale\/et\/wp-json\/wp\/v2\/product"}],"about":[{"href":"https:\/\/factory.sale\/et\/wp-json\/wp\/v2\/types\/product"}],"replies":[{"embeddable":true,"href":"https:\/\/factory.sale\/et\/wp-json\/wp\/v2\/comments?post=100423"}],"wp:featuredmedia":[{"embeddable":true,"href":"https:\/\/factory.sale\/et\/wp-json\/wp\/v2\/media\/100426"}],"wp:attachment":[{"href":"https:\/\/factory.sale\/et\/wp-json\/wp\/v2\/media?parent=100423"}],"wp:term":[{"taxonomy":"factory","embeddable":true,"href":"https:\/\/factory.sale\/et\/wp-json\/wp\/v2\/factory?post=100423"},{"taxonomy":"free-shipment","embeddable":true,"href":"https:\/\/factory.sale\/et\/wp-json\/wp\/v2\/free-shipment?post=100423"},{"taxonomy":"product_brand","embeddable":true,"href":"https:\/\/factory.sale\/et\/wp-json\/wp\/v2\/product_brand?post=100423"},{"taxonomy":"product_cat","embeddable":true,"href":"https:\/\/factory.sale\/et\/wp-json\/wp\/v2\/product_cat?post=100423"},{"taxonomy":"product_tag","embeddable":true,"href":"https:\/\/factory.sale\/et\/wp-json\/wp\/v2\/product_tag?post=100423"}],"curies":[{"name":"wp","href":"https:\/\/api.w.org\/{rel}","templated":true}]}}