{"id":100360,"date":"2025-02-23T16:57:58","date_gmt":"2025-02-23T14:08:52","guid":{"rendered":"https:\/\/factory.sale\/?post_type=product&#038;p=100360"},"modified":"2025-02-24T00:52:19","modified_gmt":"2025-02-23T21:52:19","slug":"kontio-solar-paikesepaneel-410w-10-tk","status":"publish","type":"product","link":"https:\/\/factory.sale\/et\/toode\/kontio-solar-paikesepaneel-410w-10-tk\/","title":{"rendered":"Kontio Solar p\u00e4ikesepaneel, 410W, 10 tk"},"content":{"rendered":"<p><strong>Tootekood:<\/strong> KON-KS003<\/p>\n<p>&nbsp;<\/p>\n<p>&nbsp;<\/p>\n<p><strong>MBB (Multi-Bus-Bar)<\/strong><\/p>\n<p>MBB-tehnoloogia varustab p\u00e4ikesekelemendi 12 v\u00f5i 16 voolusiiniga traditsiooniliste 4, 5 v\u00f5i 6 asemel. See lahendus tagab suurema v\u00f5imsuse ja parema t\u00f6\u00f6kindluse. \u00d5hukeste ja \u00fcmardatud vasktraatide kasutamine v\u00e4listab vajaduse lintide j\u00e4rele p\u00e4ikesekelemendi peal. \u00dcmardatud ristl\u00f5ige parandab optilist j\u00f5udlust, peegeldades rohkem valgust p\u00e4ikesekelemendile.<\/p>\n<p>&nbsp;<\/p>\n<p><strong>PERC (Passivated Emitter and Rear Contact)<\/strong><\/p>\n<p>PERC-tehnoloogia sisaldab passiivset tagakihti, mis takistab kiirguse kadu elemendi tagak\u00fclje kaudu, parandades t\u00f5husust ja \u00fcldist energiatoomist.<\/p>\n<p>&nbsp;<\/p>\n<p><strong>Half-Cut Tehnoloogia<\/strong><\/p>\n<p>Half-cut tehnoloogia suurendab paneeli toodangut, v\u00e4hendades elementide suurust ja v\u00f5imaldades paneelile paigutada kaks korda rohkem v\u00e4iksemaid elemente. Need v\u00e4iksemad elemendid on vastupidavamad ja pikendavad paneeli eluiga. Kontio Solari monokristallilised elemendid l\u00f5igatakse laseriga pooleks, luues kaks paralleelset ja s\u00f5ltumatult t\u00f6\u00f6tavat vooluahelat. Kui osa paneelist on varjus, j\u00e4tkab varjuta osa t\u00e4isv\u00f5imsusel elektri tootmist.<br \/>\nV\u00e4iksemate elementide eelised: Madalam sisetakistus, v\u00e4iksem energiakadu, madalam t\u00f6\u00f6temperatuur, suurem elektritootmine.<\/p>\n<p>&nbsp;<\/p>\n<p><strong>Anti-PID (Potential-Induced Degradation) Tehnoloogia<\/strong><\/p>\n<p>Kontio Solari Anti-PID tehnoloogia v\u00e4hendab PID m\u00f5ju, kasutades k\u00f5rgekvaliteedilist kvartsklaasi, mis sisaldab looduslikult naatriumi. PID tekib pooljuhimaterjali (element) ja teiste mooduli komponentide (klaas, kinnitusdetailid, alumiiniumraam) vahelise m\u00e4rkimisv\u00e4\u00e4rse potentsiaalierinevuse t\u00f5ttu. Kontio Solari maandustehnikad aitavad PID-i m\u00f5ju veelgi v\u00e4hendada.<\/p>\n<p>&nbsp;<\/p>\n<p><strong>Toote spetsifikatsioonid:<\/strong><\/p>\n<ul>\n<li>Br\u00e4nd: Kontio Solar<\/li>\n<li>Tootmisriik: Hiina<\/li>\n<li>K\u00f5rgus: 30 mm<\/li>\n<li>Laius: 1 134 mm<\/li>\n<li>S\u00fcgavus: 1 722 mm<\/li>\n<li>Raami v\u00e4rvus: Alumiinium<\/li>\n<li>Kvaliteet: 100% kontrollitud toode<\/li>\n<li>Pakend: K\u00f5rgekvaliteediline kaitsepakend<\/li>\n<li>Elementide t\u00fc\u00fcp: Monokristalliline<\/li>\n<li>Elementide paigutus: 108 elementi (2&#215;54), elemendi suurus 182 mm<\/li>\n<li>Tehnoloogiad: Half Cut, MBB<\/li>\n<li>Mehaaniline koormustaluvus (tuul): 2 400 Pa<\/li>\n<li>Lumekoormuse taluvus: 5 400 Pa<\/li>\n<li>Raami materjal: Anodeeritud alumiinium<\/li>\n<li>Klaas: AR (peegeldusvastane) kattega, karastatud klaas, paksus 3,2 mm<\/li>\n<li>\u00dchendus: MC4, IP68 kaitseklass<\/li>\n<li>Kaabli pikkus: 1 200 mm (+ ja -), juhtme ristl\u00f5ige 4 mm\u00b2<\/li>\n<li>Maksimaalne v\u00f5imsus (Pmax): 405 W<\/li>\n<li>Avatud ahela pinge (Voc): 37,23 V<\/li>\n<li>L\u00fchisahelavool (Isc): 13,87 A<\/li>\n<li>Maksimaalne t\u00f6\u00f6pinge (Vmp): 31,21 V<\/li>\n<li>Maksimaalne t\u00f6\u00f6vool (Imp): 12,98 A<\/li>\n<li>Maksimaalne s\u00fcsteemipinge: 1 500 V<\/li>\n<li>Maksimaalne kaitsme suurus: 25 A<\/li>\n<li>T\u00f5husus: 20,8%<\/li>\n<li>T\u00f6\u00f6temperatuuri vahemik: -40\u00b0C kuni +85\u00b0C<\/li>\n<li>Sertifikaadid: IEC\/EN61730-1, IEC\/EN61730-2<\/li>\n<\/ul>\n<p>&nbsp;<\/p>\n<p>&nbsp;<\/p>\n<p>&nbsp;<\/p>\n<p><a href=\"https:\/\/factory.sale\/wp-content\/uploads\/2025\/02\/Kontio-Solar-standards.pdf\" target=\"_blank\" rel=\"noopener\">Kontio Solar standardid<\/a><\/p>\n<p><a href=\"https:\/\/factory.sale\/wp-content\/uploads\/2025\/02\/kontio_solar_aurinkopaneeli_mittakuva-1.pdf\" target=\"_blank\" rel=\"noopener\">Joonised<\/a><\/p>\n","protected":false},"excerpt":{"rendered":"<p>Kontio Solar 410W p\u00e4ikesepaneel on usaldusv\u00e4\u00e4rne lahendus p\u00e4ikeseenergia tootmise maksimeerimiseks, pakkudes suurep\u00e4rast vastupidavust ja j\u00f5udlust.<\/p>\n","protected":false},"featured_media":99843,"comment_status":"open","ping_status":"closed","template":"","meta":{"_acf_changed":false},"factory":[],"free-shipment":[],"product_brand":[],"product_cat":[4176,965],"product_tag":[],"class_list":{"0":"post-100360","1":"product","2":"type-product","3":"status-publish","4":"has-post-thumbnail","6":"product_cat-kontio-solar-et","7":"product_cat-taastuv-energia","9":"first","10":"instock","11":"sale","12":"taxable","13":"shipping-taxable","14":"purchasable","15":"product-type-simple"},"acf":[],"_links":{"self":[{"href":"https:\/\/factory.sale\/et\/wp-json\/wp\/v2\/product\/100360","targetHints":{"allow":["GET"]}}],"collection":[{"href":"https:\/\/factory.sale\/et\/wp-json\/wp\/v2\/product"}],"about":[{"href":"https:\/\/factory.sale\/et\/wp-json\/wp\/v2\/types\/product"}],"replies":[{"embeddable":true,"href":"https:\/\/factory.sale\/et\/wp-json\/wp\/v2\/comments?post=100360"}],"wp:featuredmedia":[{"embeddable":true,"href":"https:\/\/factory.sale\/et\/wp-json\/wp\/v2\/media\/99843"}],"wp:attachment":[{"href":"https:\/\/factory.sale\/et\/wp-json\/wp\/v2\/media?parent=100360"}],"wp:term":[{"taxonomy":"factory","embeddable":true,"href":"https:\/\/factory.sale\/et\/wp-json\/wp\/v2\/factory?post=100360"},{"taxonomy":"free-shipment","embeddable":true,"href":"https:\/\/factory.sale\/et\/wp-json\/wp\/v2\/free-shipment?post=100360"},{"taxonomy":"product_brand","embeddable":true,"href":"https:\/\/factory.sale\/et\/wp-json\/wp\/v2\/product_brand?post=100360"},{"taxonomy":"product_cat","embeddable":true,"href":"https:\/\/factory.sale\/et\/wp-json\/wp\/v2\/product_cat?post=100360"},{"taxonomy":"product_tag","embeddable":true,"href":"https:\/\/factory.sale\/et\/wp-json\/wp\/v2\/product_tag?post=100360"}],"curies":[{"name":"wp","href":"https:\/\/api.w.org\/{rel}","templated":true}]}}