{"id":100341,"date":"2025-02-23T16:02:09","date_gmt":"2025-02-23T13:09:05","guid":{"rendered":"https:\/\/factory.sale\/?post_type=product&#038;p=100341"},"modified":"2025-02-24T00:52:23","modified_gmt":"2025-02-23T21:52:23","slug":"kontio-solar-inverter-15kw-3-faasiline-380v-50hz","status":"publish","type":"product","link":"https:\/\/factory.sale\/et\/toode\/kontio-solar-inverter-15kw-3-faasiline-380v-50hz\/","title":{"rendered":"Kontio Solar Inverter, 15kW, 3-faasiline, 380V, 50Hz"},"content":{"rendered":"<p><strong>Tootekood:<\/strong> KON-KS00015<\/p>\n<p>&nbsp;<\/p>\n<p>&nbsp;<\/p>\n<p><strong>TIPPKLASSI TEHNOLOOGIA<\/strong><\/p>\n<p>Kontio Solar v\u00f5rguinverter saavutab \u00fcle 99% kasuteguri. See muudab p\u00e4ikesepaneelidelt tuleva alalisvoolu (DC) usaldusv\u00e4\u00e4rselt vahelduvvooluks (AC), mis on valmis v\u00f5rku suunamiseks. Kvaliteetne inverter t\u00f5stab pinge 400 voldini kolmes faasis, tagades t\u00f5husa ja stabiilse energiatoomise.<\/p>\n<p>&nbsp;<\/p>\n<p><strong>PARIM VALIK 3-FAASILISTE S\u00dcSTEEMIDE JAOKS<\/strong><\/p>\n<p>Kontio Solar 15 kW inverter annab 3-faasilistes s\u00fcsteemides selge eelise. Erinevalt \u00fchefaasilistest alternatiividest tagab kolmefaasiline inverter optimaalse energiakandvuse, v\u00f5imaldades t\u00f5husat elektrikasutust ilma tarbetute kadudeta.<\/p>\n<p>&nbsp;<\/p>\n<p><strong>\u00dcHILDUV ENAMUS PANEELIDEGA<\/strong><\/p>\n<p>Kas soovid maksimeerida oma investeeringu tootlikkust? Kontio Solar 15 kW inverter v\u00f5imaldab \u00fchendada kuni 40 p\u00e4ikesepaneeli. Selle maksimaalne sisendv\u00f5imsus on 19,5 kW ja aktiivne AC v\u00e4ljundv\u00f5imsus 16,5 kW, tagades efektiivse energiatoomise.<\/p>\n<p>&nbsp;<\/p>\n<p><strong>LIHTNE JUHTIMINE WIFI \u00dcHENDUSEGA<\/strong><\/p>\n<p>\u00dchenda inverter WiFi kaudu ja j\u00e4lgi oma energiatoomist mugavalt. Optimeeri s\u00fcsteemi t\u00f5husust igal ajal ja igas kohas.<\/p>\n<p>&nbsp;<\/p>\n<p>&nbsp;<\/p>\n<p><strong>Tehnilised andmed:<\/strong><\/p>\n<ul>\n<li>Maksimaalne DC sisendv\u00f5imsus: 19.5 kW<\/li>\n<li>Maksimaalne DC sisendpinge: 1000 V<\/li>\n<li>K\u00e4ivitus DC sisendpinge: 250 V<\/li>\n<li>MPPT t\u00f6\u00f6pingevahemik: 200-850 V<\/li>\n<li>Maksimaalne DC sisendvool: 13 + 26 A<\/li>\n<li>Maksimaalne l\u00fchisvool: 19.5 + 39 A<\/li>\n<li>MPPT j\u00e4lgimisseadmete arv: 2<\/li>\n<li>Paneeliridade arv MPPT kohta: 1 + 2<\/li>\n<li>Nominaalne v\u00e4ljundv\u00f5imsus: 15 kW<\/li>\n<li>Maksimaalne aktiivne v\u00f5imsus: 16.5 kW<\/li>\n<li>Nominaalne v\u00e4ljundpinge\/vahemik: 3L\/N\/PE 220\/380V, 230\/400V<\/li>\n<li>Nominaalne v\u00f5rgusagedus: 50\/60 Hz (valikuline)<\/li>\n<li>T\u00f6\u00f6faasid: Kolmefaasiline<\/li>\n<li>Nominaalne AC v\u00e4ljundvool: 22.7\/21.7 A<\/li>\n<li>Maksimaalne AC v\u00e4ljundvool: 25\/23.9 A<\/li>\n<li>V\u00f5imsustegur: 0,8 (viitega 0,8)<\/li>\n<li>V\u00f5rgus voolu THD: &lt;3%<\/li>\n<li>DC s\u00fcstimisvool: &lt;0.5%<\/li>\n<li>V\u00f5rgu sagedusvahemik: 4555 v\u00f5i 5565 Hz (valikuline)<\/li>\n<li>Maksimaalne kasutegur: 98.5%<\/li>\n<li>Euroopa kasutegur: 97.5%<\/li>\n<li>MPPT kasutegur: &gt;99%<\/li>\n<li>DC polaarsuse vastupidine kaitse<\/li>\n<li>AC l\u00fchisekaitse<\/li>\n<li>AC v\u00e4ljundi \u00fclevoolukaitse<\/li>\n<li>V\u00e4ljundi \u00fclepinge kaitse<\/li>\n<li>Isolatsioonitakistuse j\u00e4lgimine<\/li>\n<li>Maanduse j\u00e4lgimine<\/li>\n<li>Saaretegevuse vastane kaitse<\/li>\n<li>Temperatuurikaitse<\/li>\n<li>Integreeritud DC l\u00fcliti<\/li>\n<li>Tarkvara kauguuendus<\/li>\n<li>T\u00f6\u00f6tamisparameetrite kaugmuudatus<\/li>\n<li>\u00dclepinge kaitse: DC T\u00fc\u00fcp 2 \/ AC T\u00fc\u00fcp 2<\/li>\n<li>Kaubam\u00e4rk: Kontio Solar<\/li>\n<li>P\u00e4ritoluriik: Hiina<\/li>\n<li>GTIN kood: 6438431035522<\/li>\n<li>K\u00f5rgus: 185 mm<\/li>\n<li>Laius: 457 mm<\/li>\n<li>S\u00fcgavus: 330 mm<\/li>\n<li>Kaal: 15 kg<\/li>\n<li>V\u00e4rv: Valge<\/li>\n<li>Topoloogia: Trafovaba<\/li>\n<li>Sisefunktsioonide tarbimine: &lt;1W (\u00f6\u00f6sel)<\/li>\n<li>T\u00f6\u00f6tamistemperatuur: -25\u00b0C kuni +65\u00b0C<\/li>\n<li>M\u00fcratase: \u226440 dB<\/li>\n<li>Jahutuss\u00fcsteem: Nutikas jahutus<\/li>\n<li>Lubatud paigaldusk\u00f5rgus: 4000 m<\/li>\n<li>V\u00f5rgustandardid: VDE4105, IEC61727\/62116, VDE0126, AS4777.2, CEI021, EN50549-1, G98, G99, C10-11,<\/li>\n<li>UNE217002, NBR16149\/NBR16150<\/li>\n<li>\u00d5huniiskuse vahemik: 0-100%<\/li>\n<li>Turvalisuse ja EMC standardid: IEC\/EN61000-6-1\/2\/3\/4, IEC\/EN62109-1, IEC\/EN62109-2<\/li>\n<li>MC-4 \u00dchilduv<\/li>\n<li>IP65 Reitinguga pistik<\/li>\n<li>Ekraan: LCD1602<\/li>\n<li>Liidesed: RS485 \/ RS232 \/ WiFi \/ LAN<\/li>\n<\/ul>\n<p>&nbsp;<\/p>\n<p><strong>Pakendi m\u00f5\u00f5tmed ja kaal:<\/strong><\/p>\n<ul>\n<li>Pakendi laius: 457 mm<\/li>\n<li>Pakendi k\u00f5rgus: 185 mm<\/li>\n<li>Pakendi s\u00fcgavus: 330 mm<\/li>\n<li>Saatmiskaal: 15 kg<\/li>\n<\/ul>\n<p>&nbsp;<\/p>\n<p>&nbsp;<\/p>\n<p><a href=\"https:\/\/factory.sale\/wp-content\/uploads\/2025\/02\/Kontio-Solar-standardid.pdf\" target=\"_blank\" rel=\"noopener\">Kontio Solar standardid<\/a><\/p>\n","protected":false},"excerpt":{"rendered":"<p>V\u00f5imas ja usaldusv\u00e4\u00e4rne Kontio Solar 15 kW v\u00f5rguinverter on loodud, et maksimeerida sinu p\u00e4ikesepaneelide kasutegurit. Tehnoloogia liidrina pakub see tipptasemel v\u00f5rguinverterit, mis sobib nii elamu- kui ka \u00e4rilistele p\u00e4ikeseelektrijaamadele.<\/p>\n<p>Kontio Solar 15 kW v\u00f5rguinverter on ideaalne lahendus t\u00f5husaks ja k\u00f5rge j\u00f5udlusega p\u00e4ikeseenergia s\u00fcsteemiks, tagades, et saad oma p\u00e4ikeseinvesteeringust maksimaalse kasu.<\/p>\n","protected":false},"featured_media":99852,"comment_status":"open","ping_status":"closed","template":"","meta":{"_acf_changed":false},"factory":[],"free-shipment":[],"product_brand":[],"product_cat":[4176,965],"product_tag":[],"class_list":{"0":"post-100341","1":"product","2":"type-product","3":"status-publish","4":"has-post-thumbnail","6":"product_cat-kontio-solar-et","7":"product_cat-taastuv-energia","9":"first","10":"instock","11":"sale","12":"taxable","13":"shipping-taxable","14":"purchasable","15":"product-type-simple"},"acf":[],"_links":{"self":[{"href":"https:\/\/factory.sale\/et\/wp-json\/wp\/v2\/product\/100341","targetHints":{"allow":["GET"]}}],"collection":[{"href":"https:\/\/factory.sale\/et\/wp-json\/wp\/v2\/product"}],"about":[{"href":"https:\/\/factory.sale\/et\/wp-json\/wp\/v2\/types\/product"}],"replies":[{"embeddable":true,"href":"https:\/\/factory.sale\/et\/wp-json\/wp\/v2\/comments?post=100341"}],"wp:featuredmedia":[{"embeddable":true,"href":"https:\/\/factory.sale\/et\/wp-json\/wp\/v2\/media\/99852"}],"wp:attachment":[{"href":"https:\/\/factory.sale\/et\/wp-json\/wp\/v2\/media?parent=100341"}],"wp:term":[{"taxonomy":"factory","embeddable":true,"href":"https:\/\/factory.sale\/et\/wp-json\/wp\/v2\/factory?post=100341"},{"taxonomy":"free-shipment","embeddable":true,"href":"https:\/\/factory.sale\/et\/wp-json\/wp\/v2\/free-shipment?post=100341"},{"taxonomy":"product_brand","embeddable":true,"href":"https:\/\/factory.sale\/et\/wp-json\/wp\/v2\/product_brand?post=100341"},{"taxonomy":"product_cat","embeddable":true,"href":"https:\/\/factory.sale\/et\/wp-json\/wp\/v2\/product_cat?post=100341"},{"taxonomy":"product_tag","embeddable":true,"href":"https:\/\/factory.sale\/et\/wp-json\/wp\/v2\/product_tag?post=100341"}],"curies":[{"name":"wp","href":"https:\/\/api.w.org\/{rel}","templated":true}]}}