{"id":100312,"date":"2025-02-21T18:06:31","date_gmt":"2025-02-21T15:09:21","guid":{"rendered":"https:\/\/factory.sale\/?post_type=product&#038;p=100312"},"modified":"2026-01-02T14:56:21","modified_gmt":"2026-01-02T11:56:21","slug":"huum-drop-veekogumisalus","status":"publish","type":"product","link":"https:\/\/factory.sale\/et\/toode\/huum-drop-veekogumisalus\/","title":{"rendered":"HUUM DROP veekogumisalus"},"content":{"rendered":"<h2><span style=\"font-size: 14pt;\">HUUM DROP veekogumisalus<\/span><\/h2>\n<p>DROP veekogumisalus on praktiline ja h\u00e4davajalik lisatarvik igale saunakerisele, mis on loodud t\u00f5husalt koguma tilkuvat vett ja kaitsma \u00fcmbritsevaid pindu niiskuskahjustuste eest.<\/p>\n<p>Valmistatud kvaliteetsetest ja vastupidavatest materjalidest, on see alus kuumakindel ning talub k\u00f5rget \u00f5huniiskust, tagades pikaajalise kasutuse. Selle stiilne ja minimalistlik disain sulandub sujuvalt iga sauna interj\u00f6\u00f6ri, parandades nii funktsionaalsust kui ka visuaalset ilmet.<\/p>\n<p>Seda on lihtne paigaldada ja hooldada, aidates hoida sauna puhtana ja kuivana. Ideaalne valik neile, kes hindavad vastupidavust, mugavust ja viimistletud disaini.<\/p>\n<p>M\u00f5\u00f5tmed: 350 x 410 x 40 mm<br \/>\nEAN: 4744103019045<\/p>\n<p>Tutvu teiste sarnaste toodetega <a title=\"siin\" href=\"https:\/\/factory.sale\/et\/product-category\/sanitaartehnika\/saunatarvikud\/huum-et-2\/\">siin<\/a><\/p>\n","protected":false},"excerpt":{"rendered":"<p>DROP veekogumisalus on vastupidav ja kuumakindel lisatarvik, mis kogub t\u00f5husalt tilkuva vee ja kaitseb \u00fcmbritsevaid pindu niiskuskahjustuste eest. T\u00e4nu oma stiilsele minimalistlikule disainile ja lihtsale paigaldusele parandab see sauna puhtust ja funktsionaalsust.<\/p>\n","protected":false},"featured_media":100310,"comment_status":"open","ping_status":"closed","template":"","meta":{"_acf_changed":false},"factory":[],"free-shipment":[],"product_brand":[],"product_cat":[4892,784],"product_tag":[],"class_list":{"0":"post-100312","1":"product","2":"type-product","3":"status-publish","4":"has-post-thumbnail","6":"product_cat-saunaahjude-ja-keriste-lisad","7":"product_cat-sanitaartehnika","9":"first","10":"instock","11":"sale","12":"taxable","13":"shipping-taxable","14":"purchasable","15":"product-type-simple"},"acf":[],"_links":{"self":[{"href":"https:\/\/factory.sale\/et\/wp-json\/wp\/v2\/product\/100312","targetHints":{"allow":["GET"]}}],"collection":[{"href":"https:\/\/factory.sale\/et\/wp-json\/wp\/v2\/product"}],"about":[{"href":"https:\/\/factory.sale\/et\/wp-json\/wp\/v2\/types\/product"}],"replies":[{"embeddable":true,"href":"https:\/\/factory.sale\/et\/wp-json\/wp\/v2\/comments?post=100312"}],"wp:featuredmedia":[{"embeddable":true,"href":"https:\/\/factory.sale\/et\/wp-json\/wp\/v2\/media\/100310"}],"wp:attachment":[{"href":"https:\/\/factory.sale\/et\/wp-json\/wp\/v2\/media?parent=100312"}],"wp:term":[{"taxonomy":"factory","embeddable":true,"href":"https:\/\/factory.sale\/et\/wp-json\/wp\/v2\/factory?post=100312"},{"taxonomy":"free-shipment","embeddable":true,"href":"https:\/\/factory.sale\/et\/wp-json\/wp\/v2\/free-shipment?post=100312"},{"taxonomy":"product_brand","embeddable":true,"href":"https:\/\/factory.sale\/et\/wp-json\/wp\/v2\/product_brand?post=100312"},{"taxonomy":"product_cat","embeddable":true,"href":"https:\/\/factory.sale\/et\/wp-json\/wp\/v2\/product_cat?post=100312"},{"taxonomy":"product_tag","embeddable":true,"href":"https:\/\/factory.sale\/et\/wp-json\/wp\/v2\/product_tag?post=100312"}],"curies":[{"name":"wp","href":"https:\/\/api.w.org\/{rel}","templated":true}]}}