{"id":100299,"date":"2025-02-21T18:06:33","date_gmt":"2025-02-21T15:09:37","guid":{"rendered":"https:\/\/factory.sale\/?post_type=product&#038;p=100299"},"modified":"2026-02-10T13:38:12","modified_gmt":"2026-02-10T10:38:12","slug":"huum-drop-taienduskomplekt","status":"publish","type":"product","link":"https:\/\/factory.sale\/et\/toode\/huum-drop-taienduskomplekt\/","title":{"rendered":"HUUM DROP t\u00e4ienduskomplekt"},"content":{"rendered":"<h2><span style=\"font-size: 14pt;\">HUUM DROP t\u00e4ienduskomplekt<\/span><\/h2>\n<p>T\u00e4ienduskomplekt on loodud HUUM DROP elektrikeriste t\u00f6\u00f6ea ja t\u00f5hususe parandamiseks. Komplekti kuulub stabiliseeriv hoidik, mis hoiab k\u00fcttekehad kindlalt paigal, v\u00e4ltides nende nihkumist v\u00f5i kokkupuudet kasutamise ajal v\u00f5i kerisekivide lisamisel. See tagab \u00fchtlase soojusjaotuse, v\u00e4hendab k\u00fcttekehade kulumist ning aitab s\u00e4ilitada kerise optimaalse j\u00f5udluse pikema aja jooksul.<\/p>\n<p>Komplekt sisaldab reflektorplaati ja k\u00fcttekehade eraldajat DROP 9kW keristele, mis on tarnitud enne 01.02.2024.<\/p>\n<p>EAN: 4744103019984<br \/>\n<br \/>\n<div class=\"video-wrapper \"><iframe loading=\"lazy\" title=\"DROP upgrade kit\" src=\"https:\/\/player.vimeo.com\/video\/852258151?dnt=1&amp;app_id=122963\" width=\"500\" height=\"281\" frameborder=\"0\" allow=\"autoplay; fullscreen; picture-in-picture; clipboard-write; encrypted-media; web-share\" referrerpolicy=\"strict-origin-when-cross-origin\"><\/iframe><\/div><br \/>\n<br \/>\n<a title=\"Vaata videot uues aknas\" href=\"https:\/\/vimeo.com\/852258151?fl=pl&amp;fe=vl\" target=\"_blank\" rel=\"noopener\">Vaata videot uues aknas<\/a><br \/>\n<br \/>\nTutvu teiste sarnaste toodetega\u00a0<a title=\"siin\" href=\"https:\/\/factory.sale\/et\/product-category\/sanitaartehnika\/saunatarvikud\/huum-et-2\/\">siin<\/a><\/p>\n","protected":false},"excerpt":{"rendered":"<p>HUUM DROP t\u00e4ienduskomplekt suurendab HUUM DROP elektrikeriste vastupidavust ja efektiivsust. Komplektis olev reflektorplaat ja k\u00fcttekehade eraldaja tagavad k\u00fcttekehade stabiilse paigutuse, \u00fchtlase kuumuse ja v\u00e4iksema kulumise. Sobib DROP 9kW mudelitele, mis on tarnitud enne 01.02.2024.<\/p>\n","protected":false},"featured_media":100297,"comment_status":"open","ping_status":"closed","template":"","meta":{"_acf_changed":false},"factory":[],"free-shipment":[],"product_brand":[4432],"product_cat":[4892,784],"product_tag":[],"class_list":{"0":"post-100299","1":"product","2":"type-product","3":"status-publish","4":"has-post-thumbnail","6":"product_brand-huum-et","7":"product_cat-saunaahjude-ja-keriste-lisad","8":"product_cat-sanitaartehnika","10":"first","11":"instock","12":"sale","13":"taxable","14":"shipping-taxable","15":"purchasable","16":"product-type-simple"},"acf":[],"_links":{"self":[{"href":"https:\/\/factory.sale\/et\/wp-json\/wp\/v2\/product\/100299","targetHints":{"allow":["GET"]}}],"collection":[{"href":"https:\/\/factory.sale\/et\/wp-json\/wp\/v2\/product"}],"about":[{"href":"https:\/\/factory.sale\/et\/wp-json\/wp\/v2\/types\/product"}],"replies":[{"embeddable":true,"href":"https:\/\/factory.sale\/et\/wp-json\/wp\/v2\/comments?post=100299"}],"wp:featuredmedia":[{"embeddable":true,"href":"https:\/\/factory.sale\/et\/wp-json\/wp\/v2\/media\/100297"}],"wp:attachment":[{"href":"https:\/\/factory.sale\/et\/wp-json\/wp\/v2\/media?parent=100299"}],"wp:term":[{"taxonomy":"factory","embeddable":true,"href":"https:\/\/factory.sale\/et\/wp-json\/wp\/v2\/factory?post=100299"},{"taxonomy":"free-shipment","embeddable":true,"href":"https:\/\/factory.sale\/et\/wp-json\/wp\/v2\/free-shipment?post=100299"},{"taxonomy":"product_brand","embeddable":true,"href":"https:\/\/factory.sale\/et\/wp-json\/wp\/v2\/product_brand?post=100299"},{"taxonomy":"product_cat","embeddable":true,"href":"https:\/\/factory.sale\/et\/wp-json\/wp\/v2\/product_cat?post=100299"},{"taxonomy":"product_tag","embeddable":true,"href":"https:\/\/factory.sale\/et\/wp-json\/wp\/v2\/product_tag?post=100299"}],"curies":[{"name":"wp","href":"https:\/\/api.w.org\/{rel}","templated":true}]}}