{"id":100273,"date":"2025-02-21T13:07:41","date_gmt":"2025-02-21T10:07:43","guid":{"rendered":"https:\/\/factory.sale\/?post_type=product&#038;p=100273"},"modified":"2026-01-02T17:03:53","modified_gmt":"2026-01-02T14:03:53","slug":"huum-hive-flow-mini-porandakaitseplaat","status":"publish","type":"product","link":"https:\/\/factory.sale\/et\/toode\/huum-hive-flow-mini-porandakaitseplaat\/","title":{"rendered":"HUUM HIVE Flow Mini p\u00f5randakaitseplaat"},"content":{"rendered":"<h2><span style=\"font-size: 14pt;\">HUUM HIVE Flow Mini p\u00f5randakaitseplaat<\/span><\/h2>\n<p>HIVE Flow Mini keriste p\u00f5randakaitseplaat tagab ohutuse, kui saunakeris paigaldatakse puidust v\u00f5i muule kergesti s\u00fcttivast materjalist p\u00f5randale. Samuti on soovitatav seda kasutada p\u00f5randatel, kus on vesip\u00f5randak\u00fctte torustik, kuna see kaitseb nii p\u00f5randat kui ka torusid kerise all.<\/p>\n<p>Maksimaalne kandev\u00f5ime: 300 kg<\/p>\n<p>M\u00f5\u00f5tmed: 500 x 630 x 56 (+9 mm reguleeritavad jalad) mm<\/p>\n<p>Kaal: 11 kg<\/p>\n<p>EAN: 4744103015337<\/p>\n<p>Tutvu teiste sarnaste toodetega\u00a0<a title=\"siin\" href=\"https:\/\/factory.sale\/et\/product-category\/sanitaartehnika\/saunatarvikud\/huum-et-2\/\">siin<\/a><\/p>\n","protected":false},"excerpt":{"rendered":"<p>Tagage oma sauna ohutus HIVE Flow Mini kerise p\u00f5randakaitseplaadiga, mis aitab v\u00e4hendada kuumusega seotud riske ja kaitsta p\u00f5randat ning vesip\u00f5randak\u00fctte torustikku. See praktiline lahendus tagab kindla ja vastupidava sauna paigaldamise.<\/p>\n","protected":false},"featured_media":100276,"comment_status":"open","ping_status":"closed","template":"","meta":{"_acf_changed":false},"factory":[],"free-shipment":[],"product_brand":[],"product_cat":[4892,784],"product_tag":[718],"class_list":{"0":"post-100273","1":"product","2":"type-product","3":"status-publish","4":"has-post-thumbnail","6":"product_cat-saunaahjude-ja-keriste-lisad","7":"product_cat-sanitaartehnika","8":"product_tag-huum-et","10":"first","11":"instock","12":"sale","13":"taxable","14":"shipping-taxable","15":"purchasable","16":"product-type-simple"},"acf":[],"_links":{"self":[{"href":"https:\/\/factory.sale\/et\/wp-json\/wp\/v2\/product\/100273","targetHints":{"allow":["GET"]}}],"collection":[{"href":"https:\/\/factory.sale\/et\/wp-json\/wp\/v2\/product"}],"about":[{"href":"https:\/\/factory.sale\/et\/wp-json\/wp\/v2\/types\/product"}],"replies":[{"embeddable":true,"href":"https:\/\/factory.sale\/et\/wp-json\/wp\/v2\/comments?post=100273"}],"wp:featuredmedia":[{"embeddable":true,"href":"https:\/\/factory.sale\/et\/wp-json\/wp\/v2\/media\/100276"}],"wp:attachment":[{"href":"https:\/\/factory.sale\/et\/wp-json\/wp\/v2\/media?parent=100273"}],"wp:term":[{"taxonomy":"factory","embeddable":true,"href":"https:\/\/factory.sale\/et\/wp-json\/wp\/v2\/factory?post=100273"},{"taxonomy":"free-shipment","embeddable":true,"href":"https:\/\/factory.sale\/et\/wp-json\/wp\/v2\/free-shipment?post=100273"},{"taxonomy":"product_brand","embeddable":true,"href":"https:\/\/factory.sale\/et\/wp-json\/wp\/v2\/product_brand?post=100273"},{"taxonomy":"product_cat","embeddable":true,"href":"https:\/\/factory.sale\/et\/wp-json\/wp\/v2\/product_cat?post=100273"},{"taxonomy":"product_tag","embeddable":true,"href":"https:\/\/factory.sale\/et\/wp-json\/wp\/v2\/product_tag?post=100273"}],"curies":[{"name":"wp","href":"https:\/\/api.w.org\/{rel}","templated":true}]}}