{"id":100263,"date":"2025-02-21T18:07:03","date_gmt":"2025-02-21T15:09:56","guid":{"rendered":"https:\/\/factory.sale\/?post_type=product&#038;p=100263"},"modified":"2026-01-02T14:56:39","modified_gmt":"2026-01-02T11:56:39","slug":"huum-hive-flow-ls-must-alumiiniumist-labi-seina-paigalduskrae","status":"publish","type":"product","link":"https:\/\/factory.sale\/et\/toode\/huum-hive-flow-ls-must-alumiiniumist-labi-seina-paigalduskrae\/","title":{"rendered":"HUUM HIVE Flow LS must alumiiniumist l\u00e4bi seina paigalduskrae"},"content":{"rendered":"<h2><span style=\"font-size: 14pt;\">HUUM HIVE Flow LS must alumiiniumist l\u00e4bi seina paigalduskrae<\/span><\/h2>\n<p>Saunakerise paigalduskrae on stiilne ja funktsionaalne lisatarvik, mis t\u00e4iustab teie sauna \u00fcldist disaini, tagades \u00fchtlase ja viimistletud l\u00f5pptulemuse. Spetsiaalselt HUUM Flow LS keristele loodud krae tagab t\u00e4pse sobivuse ja sujuva \u00fclemineku kerise ning seina vahel, luues harmoonilise ja professionaalse ilme.<\/p>\n<p>M\u00f5\u00f5tmed: 590 x 610 x 100 mm (+50 mm reguleeritav s\u00fcgavus)<br \/>\nKaal: 5,5 kg<br \/>\nEAN: 4744103015375<\/p>\n<p>Tutvu teiste sarnaste toodetega <a title=\"siin\" href=\"https:\/\/factory.sale\/et\/product-category\/sanitaartehnika\/saunatarvikud\/huum-et-2\/\">siin<\/a><\/p>\n<p>&nbsp;<\/p>\n","protected":false},"excerpt":{"rendered":"<p>Parandage oma sauna v\u00e4limust ja funktsionaalsust HIVE Flow LS kerise paigalduskraega. See kvaliteetne tarvik tagab sujuva \u00fclemineku kerise ja seina vahel, lisades interj\u00f6\u00f6rile elegantse ja vastupidava viimistluse.<\/p>\n","protected":false},"featured_media":100259,"comment_status":"open","ping_status":"closed","template":"","meta":{"_acf_changed":false},"factory":[],"free-shipment":[],"product_brand":[],"product_cat":[4892,784],"product_tag":[718],"class_list":{"0":"post-100263","1":"product","2":"type-product","3":"status-publish","4":"has-post-thumbnail","6":"product_cat-saunaahjude-ja-keriste-lisad","7":"product_cat-sanitaartehnika","8":"product_tag-huum-et","10":"first","11":"instock","12":"sale","13":"taxable","14":"shipping-taxable","15":"purchasable","16":"product-type-simple"},"acf":[],"_links":{"self":[{"href":"https:\/\/factory.sale\/et\/wp-json\/wp\/v2\/product\/100263","targetHints":{"allow":["GET"]}}],"collection":[{"href":"https:\/\/factory.sale\/et\/wp-json\/wp\/v2\/product"}],"about":[{"href":"https:\/\/factory.sale\/et\/wp-json\/wp\/v2\/types\/product"}],"replies":[{"embeddable":true,"href":"https:\/\/factory.sale\/et\/wp-json\/wp\/v2\/comments?post=100263"}],"wp:featuredmedia":[{"embeddable":true,"href":"https:\/\/factory.sale\/et\/wp-json\/wp\/v2\/media\/100259"}],"wp:attachment":[{"href":"https:\/\/factory.sale\/et\/wp-json\/wp\/v2\/media?parent=100263"}],"wp:term":[{"taxonomy":"factory","embeddable":true,"href":"https:\/\/factory.sale\/et\/wp-json\/wp\/v2\/factory?post=100263"},{"taxonomy":"free-shipment","embeddable":true,"href":"https:\/\/factory.sale\/et\/wp-json\/wp\/v2\/free-shipment?post=100263"},{"taxonomy":"product_brand","embeddable":true,"href":"https:\/\/factory.sale\/et\/wp-json\/wp\/v2\/product_brand?post=100263"},{"taxonomy":"product_cat","embeddable":true,"href":"https:\/\/factory.sale\/et\/wp-json\/wp\/v2\/product_cat?post=100263"},{"taxonomy":"product_tag","embeddable":true,"href":"https:\/\/factory.sale\/et\/wp-json\/wp\/v2\/product_tag?post=100263"}],"curies":[{"name":"wp","href":"https:\/\/api.w.org\/{rel}","templated":true}]}}