{"id":100247,"date":"2025-02-21T18:06:54","date_gmt":"2025-02-21T15:09:54","guid":{"rendered":"https:\/\/factory.sale\/?post_type=product&#038;p=100247"},"modified":"2026-02-01T22:06:44","modified_gmt":"2026-02-01T19:06:44","slug":"huum-hive-flow-ls-porandakaitseplaat","status":"publish","type":"product","link":"https:\/\/factory.sale\/et\/toode\/huum-hive-flow-ls-porandakaitseplaat\/","title":{"rendered":"HUUM HIVE Flow LS p\u00f5randakaitseplaat"},"content":{"rendered":"<h2><span style=\"font-size: 14pt;\">HUUM HIVE Flow LS p\u00f5randakaitseplaat<\/span><\/h2>\n<p>Puuk\u00fcttega keriste p\u00f5randakaitseplaat tagab ohutuse, kui saunakeris paigaldatakse puidust v\u00f5i muule kergesti s\u00fcttivast materjalist p\u00f5randale. Samuti on soovitatav seda kasutada p\u00f5randatel, kus on vesip\u00f5randak\u00fctte torustik, kuna see kaitseb nii p\u00f5randat kui ka torusid kerise all.<\/p>\n<p>Maksimaalne kandev\u00f5ime: 300 kg<\/p>\n<p>M\u00f5\u00f5tmed: 550 x 680 x 56 (+9 mm reguleeritavad jalad) mm<\/p>\n<p>Kaal: 14 kg<\/p>\n<p>EAN: 4744103015320<\/p>\n<p>&nbsp;<\/p>\n<p><div class=\"video-wrapper \"><iframe loading=\"lazy\" title=\"HUUM HIVE FLOW LS protective bedding\" src=\"https:\/\/player.vimeo.com\/video\/1001070222?dnt=1&amp;app_id=122963\" width=\"500\" height=\"281\" frameborder=\"0\" allow=\"autoplay; fullscreen; picture-in-picture; clipboard-write; encrypted-media; web-share\" referrerpolicy=\"strict-origin-when-cross-origin\"><\/iframe><\/div><br \/>\n<br \/>\n<a title=\"Vaata videot uues aknas\" href=\"https:\/\/vimeo.com\/1001070222?fl=pl&amp;fe=vl\" target=\"_blank\" rel=\"noopener\">Vaata videot uues aknas<\/a><\/p>\n<p>Tutvu teiste sarnaste toodetega\u00a0<a title=\"siin\" href=\"https:\/\/factory.sale\/et\/product-category\/sanitaartehnika\/saunatarvikud\/huum-et-2\/\">siin<\/a><\/p>\n","protected":false},"excerpt":{"rendered":"<p>Tagage oma sauna ohutus kasutades HUUM HIVE Flow LS p\u00f5randakaitseplaati, mis aitab v\u00e4hendada kuumusega seotud riske ja kaitsta p\u00f5randat ning vesip\u00f5randak\u00fctte torustikku. See praktiline lahendus tagab kindla ja vastupidava sauna paigaldamise.<\/p>\n","protected":false},"featured_media":100245,"comment_status":"open","ping_status":"closed","template":"","meta":{"_acf_changed":false},"factory":[],"free-shipment":[],"product_brand":[4432],"product_cat":[4892,784],"product_tag":[718],"class_list":{"0":"post-100247","1":"product","2":"type-product","3":"status-publish","4":"has-post-thumbnail","6":"product_brand-huum-et","7":"product_cat-saunaahjude-ja-keriste-lisad","8":"product_cat-sanitaartehnika","9":"product_tag-huum-et","11":"first","12":"instock","13":"sale","14":"taxable","15":"shipping-taxable","16":"purchasable","17":"product-type-simple"},"acf":[],"_links":{"self":[{"href":"https:\/\/factory.sale\/et\/wp-json\/wp\/v2\/product\/100247","targetHints":{"allow":["GET"]}}],"collection":[{"href":"https:\/\/factory.sale\/et\/wp-json\/wp\/v2\/product"}],"about":[{"href":"https:\/\/factory.sale\/et\/wp-json\/wp\/v2\/types\/product"}],"replies":[{"embeddable":true,"href":"https:\/\/factory.sale\/et\/wp-json\/wp\/v2\/comments?post=100247"}],"wp:featuredmedia":[{"embeddable":true,"href":"https:\/\/factory.sale\/et\/wp-json\/wp\/v2\/media\/100245"}],"wp:attachment":[{"href":"https:\/\/factory.sale\/et\/wp-json\/wp\/v2\/media?parent=100247"}],"wp:term":[{"taxonomy":"factory","embeddable":true,"href":"https:\/\/factory.sale\/et\/wp-json\/wp\/v2\/factory?post=100247"},{"taxonomy":"free-shipment","embeddable":true,"href":"https:\/\/factory.sale\/et\/wp-json\/wp\/v2\/free-shipment?post=100247"},{"taxonomy":"product_brand","embeddable":true,"href":"https:\/\/factory.sale\/et\/wp-json\/wp\/v2\/product_brand?post=100247"},{"taxonomy":"product_cat","embeddable":true,"href":"https:\/\/factory.sale\/et\/wp-json\/wp\/v2\/product_cat?post=100247"},{"taxonomy":"product_tag","embeddable":true,"href":"https:\/\/factory.sale\/et\/wp-json\/wp\/v2\/product_tag?post=100247"}],"curies":[{"name":"wp","href":"https:\/\/api.w.org\/{rel}","templated":true}]}}