{"id":100233,"date":"2025-02-21T18:07:11","date_gmt":"2025-02-21T15:10:09","guid":{"rendered":"https:\/\/factory.sale\/?post_type=product&#038;p=100233"},"modified":"2026-02-10T13:28:07","modified_gmt":"2026-02-10T10:28:07","slug":"huum-hive-flow-porandakaitse-plaat","status":"publish","type":"product","link":"https:\/\/factory.sale\/et\/toode\/huum-hive-flow-porandakaitse-plaat\/","title":{"rendered":"HUUM HIVE Flow p\u00f5randakaitse plaat"},"content":{"rendered":"<h2><span style=\"font-size: 14pt;\">HUUM HIVE Flow p\u00f5randakaitse plaat<\/span><\/h2>\n<p>P\u00f5randakaitseplaat on oluline turvaelement k\u00fctteseadmete jaoks, mis on paigaldatud puidust v\u00f5i muule kergesti s\u00fcttivale p\u00f5randale. See v\u00e4hendab tuleohtu, kaitstes pinda kuumuse eest ning tagades vastavuse tuleohutusn\u00f5uetele.<\/p>\n<p>M\u00f5\u00f5dud: 420 x 450 mm<\/p>\n<p>EAN: 4744103015368<\/p>\n<p>&nbsp;<\/p>\n<div class=\"video-wrapper \"><iframe loading=\"lazy\" title=\"HUUM Sauna\" width=\"500\" height=\"281\" src=\"https:\/\/www.youtube.com\/embed\/iwtstDYE1Do?feature=oembed\" frameborder=\"0\" allow=\"accelerometer; autoplay; clipboard-write; encrypted-media; gyroscope; picture-in-picture; web-share\" referrerpolicy=\"strict-origin-when-cross-origin\" allowfullscreen><\/iframe><\/div>\n<p>&nbsp;<\/p>\n<p><a title=\"Vaata videot uues aknas\" href=\"https:\/\/www.youtube.com\/watch?v=iwtstDYE1Do\" target=\"_blank\" rel=\"noopener\">Vaata videot uues aknas<\/a><\/p>\n<p>Tutvu teiste sarnaste toodetega <a title=\"siin\" href=\"https:\/\/factory.sale\/et\/product-category\/sanitaartehnika\/saunaahjude-ja-keriste-lisad\/\">siin<\/a><\/p>\n","protected":false},"excerpt":{"rendered":"<p>Tagage turvaline ja ohutu k\u00fcttes\u00fcsteem kasutades HUUM HIVE Flow p\u00f5randakaitse plaati \u2013 see h\u00e4davajalik lisatarvik on m\u00f5eldud k\u00fcttekolletele, mis paiknevad puidust v\u00f5i muudel s\u00fcttivatel pindadel. Vastupidav kaitseplaat toimib t\u00f5husa barj\u00e4\u00e4rina, ennetades liigset kuumuse m\u00f5ju ja t\u00e4ites olulisi tuleohutusn\u00f5udeid.<\/p>\n","protected":false},"featured_media":100228,"comment_status":"open","ping_status":"closed","template":"","meta":{"_acf_changed":false},"factory":[],"free-shipment":[],"product_brand":[4432],"product_cat":[4892,784],"product_tag":[718],"class_list":{"0":"post-100233","1":"product","2":"type-product","3":"status-publish","4":"has-post-thumbnail","6":"product_brand-huum-et","7":"product_cat-saunaahjude-ja-keriste-lisad","8":"product_cat-sanitaartehnika","9":"product_tag-huum-et","11":"first","12":"instock","13":"sale","14":"taxable","15":"shipping-taxable","16":"purchasable","17":"product-type-simple"},"acf":[],"_links":{"self":[{"href":"https:\/\/factory.sale\/et\/wp-json\/wp\/v2\/product\/100233","targetHints":{"allow":["GET"]}}],"collection":[{"href":"https:\/\/factory.sale\/et\/wp-json\/wp\/v2\/product"}],"about":[{"href":"https:\/\/factory.sale\/et\/wp-json\/wp\/v2\/types\/product"}],"replies":[{"embeddable":true,"href":"https:\/\/factory.sale\/et\/wp-json\/wp\/v2\/comments?post=100233"}],"wp:featuredmedia":[{"embeddable":true,"href":"https:\/\/factory.sale\/et\/wp-json\/wp\/v2\/media\/100228"}],"wp:attachment":[{"href":"https:\/\/factory.sale\/et\/wp-json\/wp\/v2\/media?parent=100233"}],"wp:term":[{"taxonomy":"factory","embeddable":true,"href":"https:\/\/factory.sale\/et\/wp-json\/wp\/v2\/factory?post=100233"},{"taxonomy":"free-shipment","embeddable":true,"href":"https:\/\/factory.sale\/et\/wp-json\/wp\/v2\/free-shipment?post=100233"},{"taxonomy":"product_brand","embeddable":true,"href":"https:\/\/factory.sale\/et\/wp-json\/wp\/v2\/product_brand?post=100233"},{"taxonomy":"product_cat","embeddable":true,"href":"https:\/\/factory.sale\/et\/wp-json\/wp\/v2\/product_cat?post=100233"},{"taxonomy":"product_tag","embeddable":true,"href":"https:\/\/factory.sale\/et\/wp-json\/wp\/v2\/product_tag?post=100233"}],"curies":[{"name":"wp","href":"https:\/\/api.w.org\/{rel}","templated":true}]}}