{"id":100131,"date":"2025-02-18T01:31:54","date_gmt":"2025-02-17T22:36:30","guid":{"rendered":"https:\/\/factory.sale\/?post_type=product&#038;p=100131"},"modified":"2025-02-18T01:41:49","modified_gmt":"2025-02-17T22:41:49","slug":"harvia-radiant-infrapunasaun-2-le-inimesele","status":"publish","type":"product","link":"https:\/\/factory.sale\/et\/toode\/harvia-radiant-infrapunasaun-2-le-inimesele\/","title":{"rendered":"Harvia radiant infrapunasaun 2-le inimesele"},"content":{"rendered":"<p><strong>EAN: 6410082641024<\/strong><\/p>\n<p><strong>Tootekood: harvia-sgc1210br<\/strong><\/p>\n<p>&nbsp;<\/p>\n<p>Radiant-infrasaun v\u00f5imaldab l\u00f5\u00f5gastuda just siis, kui see Sulle k\u00f5ige paremini sobib. Infrasauna t\u00f6\u00f6 p\u00f5hineb infrapunakiirgust tekitavatel elementidel. Soojus on sarnane kasuliku soojusega, mida p\u00e4ike toodab. Infrapunakiirgus tagab t\u00e4ieliku l\u00f5\u00f5gastumise ja v\u00e4rskendava tunde, tuues l\u00f5unamaa sooja Sinu koju.<\/p>\n<p>Harvia on tootnud infrapunasaunasid juba \u00fcle k\u00fcmne aasta. Peamine turg on olnud Kesk-Euroopas, kuid n\u00fc\u00fcd on ka soomlased hakanud hindama infrapunasauna soojust ja selle positiivseid m\u00f5jusid. Infrapunasaunu on maailmas aastaid kasutatud n\u00e4iteks spaades, hotellides, ilusalongides ja kodudes.<\/p>\n<p>Infrapunasauna saab paigaldada \u00fcksk\u00f5ik millisesse kuiva ruumi, n\u00e4iteks magamistuppa. Selle paigaldamiseks ei ole vaja eraldi ehitusluba ja see sobib ka korteritesse.<\/p>\n<p>&nbsp;<\/p>\n<p><strong>Investeering enda heaolusse<\/strong><br \/>\nV\u00f5ta ajakiri, istu saunapingile r\u00e4tiku peale ja p\u00fchenda endale 30 minutit aega. L\u00fclita sisse oma lemmikmuusika saunas olevas CD-m\u00e4ngijas ning naudi oma hetke. M\u00f5nus soojustunne t\u00e4idab Su keha ja meele.<\/p>\n<p>Infrapunasauna soojus p\u00f5hineb k\u00fcteelementidel, mis toodavad pika lainepikkusega, kuiva soojust. See tungib s\u00fcgavale kudedesse, pakkudes palju tervislikke eeliseid. Kuna infrapunakiirgus sarnaneb p\u00e4ikese soojusele, on infrapunasauna ja valgusravi kasutamisel sarnased m\u00f5jud.<\/p>\n<p>Infrapunasauna on juba aastaid kasutatud haiglates ja taastusravikeskustes ning selle kasulikud tervisem\u00f5jud on h\u00e4sti teada.<\/p>\n<p>&nbsp;<\/p>\n<p><strong>Infrapunasaunal on sarnane m\u00f5ju f\u00fc\u00fcsilisele aktiivsusele:<\/strong><\/p>\n<ul>\n<li>Stimuleerib vereringet<\/li>\n<li>L\u00f5dvestab lihaseid<\/li>\n<li>P\u00f5letab kaloreid<\/li>\n<li>Leevendab ja v\u00e4hendab stressi<\/li>\n<li>Parandab f\u00fc\u00fcsilist ja vaimset heaolu<\/li>\n<\/ul>\n<p>Kuna infrapunakiirgus elavdab ainevahetust ja kehalisi funktsioone, sobib see suurep\u00e4raselt soojenduseks enne treeningut ning taastumiseks p\u00e4rast f\u00fc\u00fcsilist pingutust.<\/p>\n<p>&nbsp;<\/p>\n<p><strong>Infrapunasauna kasutamine<\/strong><\/p>\n<ul>\n<li>Soovitatav kasutuskord: umbes 30 minutit<\/li>\n<li>Maksimaalne temperatuur: 65\u00b0C<\/li>\n<li>Soovitatav sagedus: 3 korda n\u00e4dalas<\/li>\n<\/ul>\n<p>Kuna higistamine on intensiivne, joo kindlasti vett enne ja p\u00e4rast sauna kasutamist.<\/p>\n<p>Sauna saab juhtida lihtsa juhtpaneeliga, kust saab m\u00e4\u00e4rata t\u00f6\u00f6aja ja temperatuuri. Radiant-infrasaun on valmis kasutamiseks v\u00e4hem kui 10 minutiga. Soojus hakkab tekkima kohe p\u00e4rast k\u00fcteelementide sissel\u00fclitamist.<\/p>\n<p>Juhtpaneeli kaudu saab ka valgustuse sisse l\u00fclitada ning sisseehitatud raadio\/CD-m\u00e4ngijaga kuulata lemmikmuusikat.<\/p>\n<p>&nbsp;<\/p>\n<p><strong>Disain ja materjalid<\/strong><br \/>\nRadiant-infrasauna sisekatted on valmistatud hemlokipuidust, mis on meeldiva l\u00f5hnaga, heledatooniline m\u00e4nnipuit. V\u00e4lispind on kaetud tumeda p\u00e4hklispooniga.<\/p>\n<p>Modernse disainiga infrapunasaunad sisaldavad palju klaaspindu. Suured k\u00fcteelementid on paigutatud nii, et pika lainepikkusega soojus m\u00f5jutaks kogu keha.<\/p>\n<p>Kuna higistamine on intensiivne, soovitatakse pingid ja p\u00f5rand katta r\u00e4tikuga. Pingid on eemaldatavad, mis h\u00f5lbustab puhastamist.<\/p>\n<p>&nbsp;<\/p>\n<p><strong>Ohutus ja tervis<\/strong><br \/>\nInfrapunakiirgus ei sisalda kahjulikku kiirgust, kuid kuna see t\u00f5stab ajutiselt kudede temperatuuri, konsulteeri oma arstiga, kui oled rase, Sul on terviseprobleeme v\u00f5i kirurgilised implantaadid.<\/p>\n<p>&nbsp;<\/p>\n<p>Nauti s\u00fcgavat ja v\u00e4rskendavat soojust Harvia Radiant infrapunasaunas otse oma kodus!<\/p>\n<p>&nbsp;<\/p>\n<p><strong>Tehnilised andmed:<\/strong><\/p>\n<table class=\"sauna-table-properties\" style=\"height: 299px;\" width=\"363\">\n<tbody>\n<tr>\n<td>K\u00fcttekehade arv:<\/td>\n<td class=\"sauna-properties-value-box \">5<\/td>\n<\/tr>\n<tr>\n<td class=\"hightLight\">Mahutavus:<\/td>\n<td class=\"sauna-properties-value-box hightLight\">2 inimest<\/td>\n<\/tr>\n<tr>\n<td>Laius (mm):<\/td>\n<td class=\"sauna-properties-value-box \">1200<\/td>\n<\/tr>\n<tr>\n<td class=\"hightLight\">S\u00fcgavus (mm):<\/td>\n<td class=\"sauna-properties-value-box hightLight\">1050<\/td>\n<\/tr>\n<tr>\n<td>K\u00f5rgus (mm):<\/td>\n<td class=\"sauna-properties-value-box \">1910<\/td>\n<\/tr>\n<tr>\n<td class=\"hightLight\">Kaal (kg):<\/td>\n<td class=\"sauna-properties-value-box hightLight\">100<\/td>\n<\/tr>\n<tr>\n<td>V\u00f5imsus:<\/td>\n<td class=\"sauna-properties-value-box \">1,82 kW<\/td>\n<\/tr>\n<tr>\n<td class=\"hightLight\">Kaitse:<\/td>\n<td class=\"sauna-properties-value-box hightLight\">16 A<\/td>\n<\/tr>\n<tr>\n<td><\/td>\n<\/tr>\n<\/tbody>\n<\/table>\n<p>&nbsp;<\/p>\n<p><a href=\"https:\/\/factory.sale\/wp-content\/uploads\/2025\/02\/manual_radiant.pdf\" target=\"_blank\" rel=\"noopener\">Lae kasutusjuhend alla siit<\/a><\/p>\n","protected":false},"excerpt":{"rendered":"<p>Radiant-infrasaun v\u00f5imaldab l\u00f5\u00f5gastuda just siis, kui see Sulle k\u00f5ige paremini sobib. Infrasauna t\u00f6\u00f6 p\u00f5hineb infrapunakiirgust tekitavatel elementidel. Soojus on sarnane kasuliku soojusega, mida p\u00e4ike toodab. Infrapunakiirgus tagab t\u00e4ieliku l\u00f5\u00f5gastumise ja v\u00e4rskendava tunde, tuues l\u00f5unamaa sooja Sinu koju.<\/p>\n","protected":false},"featured_media":100123,"comment_status":"open","ping_status":"closed","template":"","meta":{"_acf_changed":false},"factory":[],"free-shipment":[],"product_brand":[],"product_cat":[1903,826],"product_tag":[],"class_list":{"0":"post-100131","1":"product","2":"type-product","3":"status-publish","4":"has-post-thumbnail","6":"product_cat-infrapunasaunad","7":"product_cat-saunas-et","9":"first","10":"instock","11":"sale","12":"taxable","13":"shipping-taxable","14":"purchasable","15":"product-type-simple"},"acf":[],"_links":{"self":[{"href":"https:\/\/factory.sale\/et\/wp-json\/wp\/v2\/product\/100131","targetHints":{"allow":["GET"]}}],"collection":[{"href":"https:\/\/factory.sale\/et\/wp-json\/wp\/v2\/product"}],"about":[{"href":"https:\/\/factory.sale\/et\/wp-json\/wp\/v2\/types\/product"}],"replies":[{"embeddable":true,"href":"https:\/\/factory.sale\/et\/wp-json\/wp\/v2\/comments?post=100131"}],"wp:featuredmedia":[{"embeddable":true,"href":"https:\/\/factory.sale\/et\/wp-json\/wp\/v2\/media\/100123"}],"wp:attachment":[{"href":"https:\/\/factory.sale\/et\/wp-json\/wp\/v2\/media?parent=100131"}],"wp:term":[{"taxonomy":"factory","embeddable":true,"href":"https:\/\/factory.sale\/et\/wp-json\/wp\/v2\/factory?post=100131"},{"taxonomy":"free-shipment","embeddable":true,"href":"https:\/\/factory.sale\/et\/wp-json\/wp\/v2\/free-shipment?post=100131"},{"taxonomy":"product_brand","embeddable":true,"href":"https:\/\/factory.sale\/et\/wp-json\/wp\/v2\/product_brand?post=100131"},{"taxonomy":"product_cat","embeddable":true,"href":"https:\/\/factory.sale\/et\/wp-json\/wp\/v2\/product_cat?post=100131"},{"taxonomy":"product_tag","embeddable":true,"href":"https:\/\/factory.sale\/et\/wp-json\/wp\/v2\/product_tag?post=100131"}],"curies":[{"name":"wp","href":"https:\/\/api.w.org\/{rel}","templated":true}]}}