{"id":139249,"date":"2026-02-05T12:57:38","date_gmt":"2026-02-05T09:57:38","guid":{"rendered":"https:\/\/factory.sale\/?page_id=139249"},"modified":"2026-02-10T13:26:57","modified_gmt":"2026-02-10T10:26:57","slug":"hoovi-jarelmaks-ettevottele","status":"publish","type":"page","link":"https:\/\/factory.sale\/et\/hoovi-jarelmaks-ettevottele\/","title":{"rendered":"HOOVI j\u00e4relmaks ettev\u00f5ttele"},"content":{"rendered":"<div class=\"wp-block-image\">\n<figure class=\"aligncenter size-large\"><img loading=\"lazy\" decoding=\"async\" width=\"1024\" height=\"456\" src=\"https:\/\/factory.sale\/wp-content\/uploads\/2026\/02\/fs-hoov-jarelmaks-skeem-1024x456.jpg\" alt=\"\" class=\"wp-image-139255\" srcset=\"https:\/\/factory.sale\/wp-content\/uploads\/2026\/02\/fs-hoov-jarelmaks-skeem-1024x456.jpg 1024w, https:\/\/factory.sale\/wp-content\/uploads\/2026\/02\/fs-hoov-jarelmaks-skeem-300x134.jpg 300w, https:\/\/factory.sale\/wp-content\/uploads\/2026\/02\/fs-hoov-jarelmaks-skeem-150x67.jpg 150w, https:\/\/factory.sale\/wp-content\/uploads\/2026\/02\/fs-hoov-jarelmaks-skeem-768x342.jpg 768w, https:\/\/factory.sale\/wp-content\/uploads\/2026\/02\/fs-hoov-jarelmaks-skeem-600x267.jpg 600w, https:\/\/factory.sale\/wp-content\/uploads\/2026\/02\/fs-hoov-jarelmaks-skeem.jpg 1200w\" sizes=\"auto, (max-width: 1024px) 100vw, 1024px\" \/><\/figure><\/div>\n\n\n<p><strong>Hoovi j\u00e4relmaks ettev\u00f5ttele toimib sarnaselt eraisikust ostjate seas populaarseks saanud j\u00e4relmaksulahendustele, kuid on suunatud 100% ettev\u00f5tetele.<\/strong> <br><br>Leping s\u00f5lmitakse otse ettev\u00f5ttega ning kuumakseid tasub see sama ettev\u00f5te, mitte juhatuse liige eraisikuna. Ostetav kaup hakkab kohe ostu hetkest kuuluma ettev\u00f5ttele ning selle saab oma bilansis arvele v\u00f5tta.<\/p>\n\n\n\n<ul class=\"wp-block-list\">\n<li>Ostu sooritamine v\u00f5tab vaid m\u00f5ne minuti.<\/li>\n\n\n\n<li>Ettev\u00f5te saab regulaarselt taotleda krediidilimiidi suurendamist ja intressi alandamist.<\/li>\n\n\n\n<li>Ostetava kauba k\u00e4ibemaksu saab kohe ostu tegemise kuul arvestada sisendk\u00e4ibemaksuna.<\/li>\n\n\n\n<li>J\u00e4relmaksu ennet\u00e4htaegne tagastamine on ilma lisatasudeta.<\/li>\n\n\n\n<li>V\u00f5imalus alustada tasumist alles 90 p\u00e4eva p\u00e4rast.<\/li>\n\n\n\n<li>Esimene makse on alles j\u00e4rgmisel kuul.<\/li>\n<\/ul>\n\n\n\n<p>&nbsp;<\/p>\n\n\n\n<p><strong>Tingimused:<\/strong><br>Summa: 100\u20ac \u2013 20 000\u20ac<br>Periood: 2 \u2013 72 kuud<br>Intress: alates 1% kuus<br>Sissemakse: 0\u20ac<br>Lepingutasu: 0\u20ac<\/p>\n\n\n\n<p>&nbsp;<\/p>\n\n\n\n<p>Finantsteenuse osutajaks on Hoovi Rental O\u00dc (Laeva 2A, 10151 Tallinn www.hoovi.ee). <br>Vajadusel v\u00f5tke \u00fchendust Hoovi klienditoega \u2013 support@hoovi.ee, tel 5191 9192.<\/p>\n\n\n\n<p><\/p>\n","protected":false},"excerpt":{"rendered":"<p>Hoovi j\u00e4relmaks ettev\u00f5ttele toimib sarnaselt eraisikust ostjate seas populaarseks saanud j\u00e4relmaksulahendustele, kuid on suunatud 100% ettev\u00f5tetele. Leping s\u00f5lmitakse otse ettev\u00f5ttega ning kuumakseid tasub see sama ettev\u00f5te, mitte juhatuse liige eraisikuna. Ostetav kaup hakkab kohe ostu hetkest kuuluma ettev\u00f5ttele ning selle saab oma bilansis arvele v\u00f5tta. &nbsp; Tingimused:Summa: 100\u20ac \u2013 20 000\u20acPeriood: 2 \u2013 72 kuudIntress: [&hellip;]<\/p>\n","protected":false},"author":5,"featured_media":0,"parent":0,"menu_order":0,"comment_status":"closed","ping_status":"closed","template":"","meta":{"_acf_changed":false,"footnotes":""},"class_list":["post-139249","page","type-page","status-publish","hentry"],"acf":[],"_links":{"self":[{"href":"https:\/\/factory.sale\/et\/wp-json\/wp\/v2\/pages\/139249","targetHints":{"allow":["GET"]}}],"collection":[{"href":"https:\/\/factory.sale\/et\/wp-json\/wp\/v2\/pages"}],"about":[{"href":"https:\/\/factory.sale\/et\/wp-json\/wp\/v2\/types\/page"}],"author":[{"embeddable":true,"href":"https:\/\/factory.sale\/et\/wp-json\/wp\/v2\/users\/5"}],"replies":[{"embeddable":true,"href":"https:\/\/factory.sale\/et\/wp-json\/wp\/v2\/comments?post=139249"}],"version-history":[{"count":5,"href":"https:\/\/factory.sale\/et\/wp-json\/wp\/v2\/pages\/139249\/revisions"}],"predecessor-version":[{"id":139717,"href":"https:\/\/factory.sale\/et\/wp-json\/wp\/v2\/pages\/139249\/revisions\/139717"}],"wp:attachment":[{"href":"https:\/\/factory.sale\/et\/wp-json\/wp\/v2\/media?parent=139249"}],"curies":[{"name":"wp","href":"https:\/\/api.w.org\/{rel}","templated":true}]}}