{"id":106526,"date":"2025-07-01T16:33:14","date_gmt":"2025-07-01T13:33:14","guid":{"rendered":"https:\/\/factory.sale\/?page_id=106526"},"modified":"2025-07-01T16:33:15","modified_gmt":"2025-07-01T13:33:15","slug":"manifest","status":"publish","type":"page","link":"https:\/\/factory.sale\/et\/manifest\/","title":{"rendered":"Manifest"},"content":{"rendered":"\n<h2 class=\"wp-block-heading\">T\u00e4psus \u2013 Ausus<\/h2>\n\n\n\n<p>T\u00e4psus ja ausus on meie ettev\u00f5tte alustalad, millele Factory Sale p\u00fchendub kogu oma meeskonnaga. Me ei piirdu t\u00fchjade s\u00f5nadega, vaid s\u00f5nadele j\u00e4rgnevad teod. Aeg on meile k\u00f5igile oluline, seega meie kliendid hindavad meid kiire ja tervikliku teeninduse poolest. Meie meeskond on v\u00e4lja t\u00f6\u00f6tanud lahendused klientide vajaduste t\u00e4pseks rahuldamiseks, seega suudame pakkuda t\u00e4pselt seda toodet v\u00f5i teenust, mida klient tegelikult vajab. Meie s\u00fcgav teadlikkus meie p\u00f5hiv\u00e4\u00e4rtustest ning tehisintellekti maksimeerimine v\u00f5imaldavad meil koguda andmeid, et esitada paremaid k\u00fcsimusi ja olla kahe sammu v\u00f5rra ees klientide soovidest \u2013 tulemuseks on v\u00f5imekus pakkuda \u201er\u00e4tsepa\u201c t\u00fc\u00fcpi lahendusi, mis t\u00e4pselt vastavad klientide individuaalsetele eelistustele, vajadustele, n\u00f5udmistele. M\u00f5\u00f5detavad eesm\u00e4rgid on t\u00f6\u00f6riistaks meile t\u00e4psuse ja aususe s\u00e4ilitamisel, seega suudame \u00fcletada klientide ootusi.<\/p>\n\n\n\n<p>Ausus ilma t\u00e4psuseta on nagu t\u00fchi lubadus. Aus suhtlus klientidega, avatud probleemide lahendamine ning lubaduste t\u00e4itmine loovad tugeva aluse usaldusele, mis on toonud meile hindamatuid p\u00fcsivaid \u00e4risuhteid. T\u00e4psus ja ausus on meie ettev\u00f5tte DNA. Kiired vastusajad, \u201er\u00e4tsepa\u201c stiilis lahendused, m\u00f5\u00f5detavad eesm\u00e4rgid ja usalduse loomine \u2013 on toonud klientidele hinge rahu ja meile t\u00e4nutunde.<\/p>\n\n\n\n<h2 class=\"wp-block-heading\">Mitmek\u00fclgne teenuste valik<\/h2>\n\n\n\n<p>Meie ettev\u00f5tte teenuste valik on mitmekesine, pakkudes meie partneritele k\u00f5ikv\u00f5imalike lahendusi erinevate ehitusvajaduste t\u00e4itmiseks. Oleme otsesuhetes arvukate tehastega \u00fcle maailma, seega kogu maailma kaubandus on sinu peopesal, lihtsalt \u00fctle ja me leiame unikaalse lahenduse vastavalt soovidele ja vajadustele. Meil t\u00f6\u00f6tavad oma ala professionaalid, kes suhtlevad tehastega, olles oma t\u00f6\u00f6s detailsed, tagades kliendile \u00f5ige teenuse ja toote. J\u00e4lgime pidevalt tehaste tegevust ja tootmisprotsesse ning oleme tihedas koost\u00f6\u00f6s, et saada k\u00f5rge kvaliteediga kaupa ja usaldusv\u00e4\u00e4rset teenust. Meie t\u00e4psus ja p\u00fchendumus tagavad klientidele meelerahu, teades, et nad saavad t\u00e4pselt selle, mida nad vajavad, seega j\u00e4\u00e4b \u00e4ra igasugused sekeldused vale kaubaga.<\/p>\n\n\n\n<h2 class=\"wp-block-heading\">Parima hinna garantii<\/h2>\n\n\n\n<p>T\u00e4nases maailmas on meie missiooniks pakkuda klientidele mitte ainult parimat kvaliteeti, vaid ka tagada parim v\u00f5imalik hind \u2013 see t\u00e4hendab meie parima hinna garantiid. Kliendid saavad tunda ennast kindlalt, et meie teenused ja tooted on alati parima v\u00f5imaliku hinnaga. Parima hinna garantii on meil v\u00f5imaldanud s\u00e4ilitada oma positsiooni turul ja tugevdada oma mainet usaldusv\u00e4\u00e4rse teenusepakkujana. Parima hinna garantii on osa meie p\u00fchendumusest pakkuda kvaliteetseid teenuseid, mis on taskukohased ja vastavad klientide soovidele. Meie missiooniks on pakkuda parimat v\u00f5imalikku hinna-kvaliteedi suhet, sest meie koost\u00f6\u00f6partnerid on meile olulised \u2013 kui nemad on edukad oleme ka meie edukad!<\/p>\n\n\n\n<h2 class=\"wp-block-heading\">Partnerlus<\/h2>\n\n\n\n<p>Kas olete kunagi soovinud kogeda \u00e4ris midagi enamat kui lihtsalt tehinguid? Factory Sale usub, et isiklik kogemus on \u00e4\u00e4rmiselt oluline. Partnerlus on midagi enamat, kui ainult m\u00fc\u00fck, vaid pigem pikaajaline m\u00f5lema suunaline koost\u00f6\u00f6. Meie l\u00e4henemisviis klientidega suhtlemisel on suunatud pidevale koos kasvamisele ja arenemisele \u2013 olles alati proaktiivsed ja aktiivsed koost\u00f6\u00f6partneritega suheldes. Factory Sale eesm\u00e4rk on aktiivselt kaasata kliente oma protsessidesse ning julgustada neid jagama oma vajadusi, tagasisidet ja ideid. Selline koost\u00f6\u00f6 ja vastastikune areng loob tugeva aluse usaldusv\u00e4\u00e4rseks ja kestvaks \u00e4risuhteks. Meie tahe on olla oma klientidele mitte ainult toote- v\u00f5i teenusepakkujaks, vaid ka usaldusv\u00e4\u00e4rseks partneriks, kes aitab neil saavutada nende eesm\u00e4rke ja kasvada koos nendega. Olles teadlikud oma toodetest ja teenustest, oleme avatud jagama oma p\u00f5hiv\u00e4\u00e4rtusi k\u00f5igi oma praeguste ja tulevaste koost\u00f6\u00f6partneritega.<\/p>\n\n\n\n<h2 class=\"wp-block-heading\">Loovus<\/h2>\n\n\n\n<p>Mis on meie jaoks loovus? Kas oled kunagi m\u00f5elnud, kuidas tehnoloogilised lahendused v\u00f5ivad olla t\u00f5eliselt loovad ja \u00fcllatavad? Disainm\u00f5tlemine \u00fcks v\u00f5imas t\u00f6\u00f6riist, mis aitab luua uuenduslikke lahendusi. Kasutaja m\u00f5istmine on aidanud luua meil t\u00f5eliselt efektiivseid lahendusi \u2013 oleme loonud enda veebilehe keskendudes kasutajate vajadustele ja soovidele. Kasutades loovaid probleemilahendamise meetodeid oleme pannud aluse platvormile, kus saavad kokku oma ala professionaalid erinevatest maailma nurkadest. Kohalolu ja eneseteadvus on toonud meid t\u00e4nasesse p\u00e4eva, kus on kasvamas midagi suurt ja enneolematut. Factory Sale on muutunud mitte ainult sooduspakkumiste mekaks, vaid ka inspireerivaks kohtumispaigaks, kus inimesed saavad avastada uusi ideid, leida uusi koost\u00f6\u00f6partnereid ja nautida unikaalset ja meeldej\u00e4\u00e4vat ostuelamust. Factory Sale v\u00f5lu seisneb selles, et ta \u00fchendab loovuse, tehnoloogia ja sooduspakkumised \u00fcle maailma. Meie ambitsioon tulevikuks on saada tehnoloogiliselt arenenud k\u00f5ik \u00fches platvormiks, mis suudab t\u00e4pselt m\u00f5ista kliendi vajadusi ning luua personaalseid ostukogemusi, mis \u00fcletavad ootusi. Uuenduslikud tehnoloogilised lahendused v\u00f5imaldavad Factory Sale-il koguda ja anal\u00fc\u00fcsida massiivset andmehulka, avades uksed t\u00e4psematele klientide eelistuste ja tarbimisharjumuste m\u00f5istmisele.<\/p>\n\n\n\n<p>Selleks, et saavutada sujuv \u00e4risuhtlus tehastega, plaanime kasutusele v\u00f5tta nutikaid lepinguhalduse platvorme, mis v\u00f5imaldavad kiiret ja t\u00f5husat lepingute s\u00f5lmimist ning t\u00e4itmist. Factory Sale soovib luua avatud ja l\u00e4bipaistva keskkonna, kus kliendid saavad otse suhelda tehastega, v\u00e4ljendada oma soove ning j\u00e4lgida tootmisprotsessi edenemist, tagades usaldusv\u00e4\u00e4rse ning rahuldust pakkuv \u00e4rikogemuse. Kasutades selleks, virtuaalreaalsust ja liitreaalsust, luues virtuaalse keskkonna, kus kliendid saavad n\u00e4ha ja kohandada tooteid ning saada reaalajas tagasisidet tehastelt, mis aitab kaasa t\u00e4psematele ja kiirematele otsustusprotsessidele. Tehisintellekti kasutamine v\u00f5imaldab kliendile kohandatud soovitusi, mis p\u00f5hinevad p\u00f5hjalikul andmete anal\u00fc\u00fcsil, et tuua esile ainulaadseid pakkumisi, mis vastavad kliendi individuaalsetele eelistustele ja vajadustele. N\u00e4eme end tulevikus kui keskust, kus tehnoloogia ja \u00e4ritegevus \u00fchinevad, luues uusi v\u00f5imalusi klientidele, tehastele ning t\u00f5stes tarneahela t\u00f5husust ja innovatsiooni uuele tasemele.<\/p>\n","protected":false},"excerpt":{"rendered":"<p>T\u00e4psus \u2013 Ausus T\u00e4psus ja ausus on meie ettev\u00f5tte alustalad, millele Factory Sale p\u00fchendub kogu oma meeskonnaga. Me ei piirdu t\u00fchjade s\u00f5nadega, vaid s\u00f5nadele j\u00e4rgnevad teod. Aeg on meile k\u00f5igile oluline, seega meie kliendid hindavad meid kiire ja tervikliku teeninduse poolest. Meie meeskond on v\u00e4lja t\u00f6\u00f6tanud lahendused klientide vajaduste t\u00e4pseks rahuldamiseks, seega suudame pakkuda t\u00e4pselt [&hellip;]<\/p>\n","protected":false},"author":5,"featured_media":0,"parent":0,"menu_order":0,"comment_status":"closed","ping_status":"closed","template":"","meta":{"_acf_changed":false,"footnotes":""},"class_list":["post-106526","page","type-page","status-publish","hentry"],"acf":[],"_links":{"self":[{"href":"https:\/\/factory.sale\/et\/wp-json\/wp\/v2\/pages\/106526","targetHints":{"allow":["GET"]}}],"collection":[{"href":"https:\/\/factory.sale\/et\/wp-json\/wp\/v2\/pages"}],"about":[{"href":"https:\/\/factory.sale\/et\/wp-json\/wp\/v2\/types\/page"}],"author":[{"embeddable":true,"href":"https:\/\/factory.sale\/et\/wp-json\/wp\/v2\/users\/5"}],"replies":[{"embeddable":true,"href":"https:\/\/factory.sale\/et\/wp-json\/wp\/v2\/comments?post=106526"}],"version-history":[{"count":1,"href":"https:\/\/factory.sale\/et\/wp-json\/wp\/v2\/pages\/106526\/revisions"}],"predecessor-version":[{"id":106527,"href":"https:\/\/factory.sale\/et\/wp-json\/wp\/v2\/pages\/106526\/revisions\/106527"}],"wp:attachment":[{"href":"https:\/\/factory.sale\/et\/wp-json\/wp\/v2\/media?parent=106526"}],"curies":[{"name":"wp","href":"https:\/\/api.w.org\/{rel}","templated":true}]}}