{"id":106194,"date":"2025-06-16T21:04:25","date_gmt":"2025-06-16T18:04:25","guid":{"rendered":"https:\/\/factory.sale\/?page_id=106194"},"modified":"2025-06-16T21:04:28","modified_gmt":"2025-06-16T18:04:28","slug":"jarelmaks","status":"publish","type":"page","link":"https:\/\/factory.sale\/et\/jarelmaks\/","title":{"rendered":"J\u00e4relmaks"},"content":{"rendered":"\n<p><a><strong>Ei soovi maksta kogu summat korraga? Maksa osamaksete kaupa!<\/strong><\/a><\/p>\n\n\n\n<p>Kasuta toodete v\u00f5i teenuste eest maksmisel&nbsp;<strong>j\u00e4relmaksu<\/strong>&nbsp;\u2013 k\u00f5ige soodsam, mugavam ja kiirem j\u00e4relmaks Eestis!<br>Lisa tooted ostukorvi, kinnita oma tellimus ning k\u00fcsi meie j\u00e4relmaksu!<\/p>\n\n\n\n<p>J\u00e4relmaksu puhul on tegemist \u00fclimalt kiire ning mugava makselahendusega, mis aitab koostada sulle sinu poolt valitud perioodi alusel maksegraafiku ehk maksta osamaksete kaupa.<\/p>\n\n\n\n<p>T\u00c4HELEPANU! Iga j\u00e4relmaks on finantskohustus. Enne j\u00e4relmaksulepingu s\u00f5lmimist tutvuge vastava teenuse tingimustega ning vajadusel konsulteerige asjatundjaga.<\/p>\n\n\n\n<p>J\u00e4relmaksu tavatingimused on j\u00e4rgmised:<\/p>\n\n\n\n<p>J\u00e4relmaksu saavad taotleda k\u00f5ik 18-70-aastased Eesti Vabariigi kodanikud. J\u00e4relmaksu on v\u00f5imalik vormistada kiirelt ja mugavalt ka juriidilisele isikule.<\/p>\n\n\n\n<p>Iga finantsotsusega kaasnevad riskid ja kohustused, mist\u00f5ttu palume laenutoodete tarbimise vajadus hoolikalt l\u00e4bi m\u00f5elda. N\u00e4iteks 1500-eurose laenusumma puhul 12 kuuks fikseeritud intressiga 14.90% aastas ja lepingutasuga 14.90 eurot on krediidi kulukuse m\u00e4\u00e4r 34.74%, kuumakse suurus 146.37 eurot ning tarbija poolt tagasimakstav kogusumma 1756.68 eurot. J\u00e4relmaks on finantskohustus ning enne otsuse tegemist tutvuge p\u00f5hjalikult lepingutingimustega ja vajadusel pidage n\u00f5u meie t\u00f6\u00f6tajatega v\u00f5i muu asjatundjaga.<\/p>\n","protected":false},"excerpt":{"rendered":"<p>Ei soovi maksta kogu summat korraga? Maksa osamaksete kaupa! Kasuta toodete v\u00f5i teenuste eest maksmisel&nbsp;j\u00e4relmaksu&nbsp;\u2013 k\u00f5ige soodsam, mugavam ja kiirem j\u00e4relmaks Eestis!Lisa tooted ostukorvi, kinnita oma tellimus ning k\u00fcsi meie j\u00e4relmaksu! J\u00e4relmaksu puhul on tegemist \u00fclimalt kiire ning mugava makselahendusega, mis aitab koostada sulle sinu poolt valitud perioodi alusel maksegraafiku ehk maksta osamaksete kaupa. T\u00c4HELEPANU! [&hellip;]<\/p>\n","protected":false},"author":5,"featured_media":0,"parent":0,"menu_order":0,"comment_status":"closed","ping_status":"closed","template":"","meta":{"_acf_changed":false,"footnotes":""},"class_list":["post-106194","page","type-page","status-publish","hentry"],"acf":[],"_links":{"self":[{"href":"https:\/\/factory.sale\/et\/wp-json\/wp\/v2\/pages\/106194","targetHints":{"allow":["GET"]}}],"collection":[{"href":"https:\/\/factory.sale\/et\/wp-json\/wp\/v2\/pages"}],"about":[{"href":"https:\/\/factory.sale\/et\/wp-json\/wp\/v2\/types\/page"}],"author":[{"embeddable":true,"href":"https:\/\/factory.sale\/et\/wp-json\/wp\/v2\/users\/5"}],"replies":[{"embeddable":true,"href":"https:\/\/factory.sale\/et\/wp-json\/wp\/v2\/comments?post=106194"}],"version-history":[{"count":1,"href":"https:\/\/factory.sale\/et\/wp-json\/wp\/v2\/pages\/106194\/revisions"}],"predecessor-version":[{"id":106195,"href":"https:\/\/factory.sale\/et\/wp-json\/wp\/v2\/pages\/106194\/revisions\/106195"}],"wp:attachment":[{"href":"https:\/\/factory.sale\/et\/wp-json\/wp\/v2\/media?parent=106194"}],"curies":[{"name":"wp","href":"https:\/\/api.w.org\/{rel}","templated":true}]}}