{"id":105117,"date":"2025-04-29T07:57:35","date_gmt":"2025-04-29T07:57:35","guid":{"rendered":"https:\/\/factory.sale\/how-to-order\/"},"modified":"2025-08-02T13:33:35","modified_gmt":"2025-08-02T10:33:35","slug":"how-to-order","status":"publish","type":"page","link":"https:\/\/factory.sale\/et\/how-to-order\/","title":{"rendered":"Kuidas tellida"},"content":{"rendered":"\n<h4 class=\"wp-block-heading\">5 lihtsat sammu toote tellimiseks:<\/h4>\n\n\n\n<ol class=\"wp-block-list\">\n<li>Vali meelep\u00e4rane toode Factory.Sale veebisaidilt .<\/li>\n\n\n\n<li>Ostukorvi lisamiseks vajuta nupule SAADA P\u00c4RING. Ostukorvi sisu on v\u00f5imalik muuta, lisada v\u00f5i eemaldada tooteid. Selleks vajuta vastavale ikoonile.<\/li>\n\n\n\n<li>T\u00e4ida p\u00e4ringuvormi vajalikud andmed.<\/li>\n\n\n\n<li>P\u00e4ringu kinnitamiseks vajuta nupule SAADA P\u00c4RING.<\/li>\n\n\n\n<li>V\u00f5tame \u00fchendust 24H jooksul.<\/li>\n<\/ol>\n\n\n\n<p>Hinnapakkumine saadetakse esimesel v\u00f5imalusel, kuid mitte hiljem kui 3 t\u00f6\u00f6p\u00e4eva jooksul. Tasumine toimub arve alusel, peale pakkumise kinnitamist. Tooted broneeritakse \u00fcksnes peale arve&nbsp;tasumist. Arve tasumisel kindlasti m\u00e4rkida \u00e4ra arve number.&nbsp;<\/p>\n\n\n\n<p>Kaupade eest on v\u00f5imalik tasuda ka Modena j\u00e4relmaksuga, tee vastav valik p\u00e4ringuvormi t\u00e4itmisel. Ettev\u00f5ttele ostes sisesta p\u00e4ringusse j\u00e4rgmised andmed: ettev\u00f5tte nimi, juriidline aadress, registrikood, KMKR number. Kaup kuulub Factory.Sale O\u00dc-le kuni arvel n\u00e4idatud summa on t\u00e4ielikult laekunud Factory.Sale arveldusarvele.<\/p>\n\n\n\n<p>Transport on lisatasu eest. Hinnapakkumise tegemiseks vajalik t\u00e4pne tarneaadress: t\u00e4nava nimetus,&nbsp;linn, riik, sihtnumber. P\u00e4rast arve tasumist kaup komplekteeritakse ning saadetakse kokkulepitud ajal&nbsp;m\u00e4rgitud aadressile.<\/p>\n\n\n\n<p>L\u00f5pum\u00fc\u00fcgi hinnad kehtivad kuni kaupa j\u00e4tkub, soovitame uurida klienditeenindusest kauba laoseisu.<\/p>\n\n\n\n<p>Toote kirjeldused ja pildid: kaup vastab tootekirjeldusele, pildid v\u00f5ivad olla illustratiivsed.<\/p>\n\n\n\n<p>Miinimum tellimise kogus on kuvatud vastava toote kirjelduses.<\/p>\n\n\n\n<p>T\u00e4name Teid usalduse eest!<\/p>\n\n\n\n<p>Teie Factory.Sale meeskond<\/p>\n\n\n\n<p><\/p>\n\n\n\n<h4 class=\"wp-block-heading\">Meil kehtib turu parima hinna garantii!<\/h4>\n\n\n\n<p>Tee enda pakkumine siin: <a href=\"https:\/\/factory.sale\/et\/how-to-order\/\">PAKU OMA HIND<\/a><\/p>\n\n\n\n<p>Paku oma hind v\u00f5i k\u00fcsi toote kohta, k\u00f5igest \u00fche nupuvajutusega!<\/p>\n\n\n\n<p>Kas oled leidnud tooteid parema hinnaga?<\/p>\n\n\n\n<p>Factory.Sale platvorm pakub head v\u00f5imalust osta tooteid funktsiooni abil \u2013 Hinnapakkumine.<\/p>\n\n\n\n<p><\/p>\n\n\n\n<h4 class=\"wp-block-heading\">Mida see t\u00e4hendab?<\/h4>\n\n\n\n<p>Kui oled leidnud soovitud toote soodsama hinnaga, siis tee meile oma hinnapakkumine. Edasta meile vastav info ja visuaalne t\u00f5estus sellest, et antud toodet pakutakse mujal madalama hinnaga.<\/p>\n\n\n\n<p>Peale taotluse esitamist v\u00f5tame \u00fchendust 24H jooksul.<br><\/p>\n","protected":false},"excerpt":{"rendered":"<p>5 lihtsat sammu toote tellimiseks: Hinnapakkumine saadetakse esimesel v\u00f5imalusel, kuid mitte hiljem kui 3 t\u00f6\u00f6p\u00e4eva jooksul. Tasumine toimub arve alusel, peale pakkumise kinnitamist. Tooted broneeritakse \u00fcksnes peale arve&nbsp;tasumist. Arve tasumisel kindlasti m\u00e4rkida \u00e4ra arve number.&nbsp; Kaupade eest on v\u00f5imalik tasuda ka Modena j\u00e4relmaksuga, tee vastav valik p\u00e4ringuvormi t\u00e4itmisel. Ettev\u00f5ttele ostes sisesta p\u00e4ringusse j\u00e4rgmised andmed: ettev\u00f5tte [&hellip;]<\/p>\n","protected":false},"author":5,"featured_media":0,"parent":0,"menu_order":0,"comment_status":"closed","ping_status":"closed","template":"page-templates\/template-how-order.php","meta":{"_acf_changed":false,"footnotes":""},"class_list":["post-105117","page","type-page","status-publish","hentry"],"acf":[],"_links":{"self":[{"href":"https:\/\/factory.sale\/et\/wp-json\/wp\/v2\/pages\/105117","targetHints":{"allow":["GET"]}}],"collection":[{"href":"https:\/\/factory.sale\/et\/wp-json\/wp\/v2\/pages"}],"about":[{"href":"https:\/\/factory.sale\/et\/wp-json\/wp\/v2\/types\/page"}],"author":[{"embeddable":true,"href":"https:\/\/factory.sale\/et\/wp-json\/wp\/v2\/users\/5"}],"replies":[{"embeddable":true,"href":"https:\/\/factory.sale\/et\/wp-json\/wp\/v2\/comments?post=105117"}],"version-history":[{"count":5,"href":"https:\/\/factory.sale\/et\/wp-json\/wp\/v2\/pages\/105117\/revisions"}],"predecessor-version":[{"id":115510,"href":"https:\/\/factory.sale\/et\/wp-json\/wp\/v2\/pages\/105117\/revisions\/115510"}],"wp:attachment":[{"href":"https:\/\/factory.sale\/et\/wp-json\/wp\/v2\/media?parent=105117"}],"curies":[{"name":"wp","href":"https:\/\/api.w.org\/{rel}","templated":true}]}}