{"id":105115,"date":"2025-04-29T12:10:50","date_gmt":"2025-04-29T12:10:50","guid":{"rendered":"https:\/\/factory.sale\/about-us\/"},"modified":"2026-03-07T10:07:38","modified_gmt":"2026-03-07T07:07:38","slug":"about-us","status":"publish","type":"page","link":"https:\/\/factory.sale\/et\/about-us\/","title":{"rendered":"Meist"},"content":{"rendered":"\n<p><strong>Factory.Sale<\/strong> on k\u00f5ik-\u00fches platvorm \u2013 pakume nii kvaliteetseid ehitustooteid kui ka professionaalset paigaldusteenust.<\/p>\n\n\n\n<p>Seega, olenemata sellest, kas soovid renoveerida oma kodu, kontorit v\u00f5i muud hoonet \u2013 meie aitame sind.<\/p>\n\n\n\n<p>Veelgi enam \u2013 kui enamik ehitusettev\u00f5tteid tegutseb vahendajate kaudu, siis meie tarnime OTSE tehasest arhitektidele, ehitajatele, t\u00f6\u00f6v\u00f5tjatele ja majaomanikele \u00fcle kogu Skandinaavia ja Baltikumi!<\/p>\n\n\n\n<div style=\"height:15px\" aria-hidden=\"true\" class=\"wp-block-spacer\"><\/div>\n\n\n\n<div class=\"wp-block-columns is-layout-flex wp-container-core-columns-is-layout-9d6595d7 wp-block-columns-is-layout-flex\">\n<div class=\"wp-block-column pe-lg-4 is-layout-flow wp-block-column-is-layout-flow\">\n<p><strong>Meie missioon<\/strong><\/p>\n\n\n\n<p>Meie missioon on olla usaldusv\u00e4\u00e4rne partner Skandinaavias ja Baltikumis \u2013 koht, kus arhitektid, ehitajad, t\u00f6\u00f6v\u00f5tjad ja majaomanikud julgevad unistada suurelt, rakendada loovust ning investeerida tulevikku. Meie v\u00e4\u00e4rtused on lihtsus, kiirus ja loovus. Meie eesm\u00e4rk on pakkuda toetavat meeskonda igale kliendile.<\/p>\n\n\n\n<p>Soovime pakkuda oma klientidele kvaliteetseid tooteid ja teenuseid \u2013 alates disainist kuni paigalduseni. Me teeme koost\u00f6\u00f6d usaldusv\u00e4\u00e4rsete partnerite ja oma ala spetsialistidega. Parima kvaliteedi tagamiseks m\u00fc\u00fcme ja esindame ainult k\u00f5rgekvaliteedilisi tooteid ja br\u00e4nde.<\/p>\n<\/div>\n\n\n\n<div class=\"wp-block-column ps-lg-4 is-layout-flow wp-block-column-is-layout-flow\">\n<h4 class=\"wp-block-heading\">Meie eesm\u00e4rk<\/h4>\n\n\n\n<p>Hindame ja v\u00e4\u00e4rtustame oma kliente, rakendades j\u00e4tkusuutlikku ja keskkonnas\u00f5bralikku l\u00e4henemist. Pakume paindlikku ja kvaliteetset m\u00fc\u00fcgiteenust, disaini- ja t\u00f6\u00f6korraldust alates idee ja planeerimise etapist kuni projekti valmimiseni.<\/p>\n\n\n\n<p>Meie eesm\u00e4rk on tellijate ja ehitajate rahulolu ning uhkus iga loodud objekti \u00fcle. Soovime olla loov partner, kellel on ainulaadsed ideed, disainid ja uuenduslikud lahendused \u2013 partner, keda soovitatakse ka tulevikus.<\/p>\n<\/div>\n<\/div>\n\n\n\n<div class=\"el-text-reached\">\n      <div class=\"row row-gap-4 row-gap-xl-0\">\n        <div class=\"col-xl-12 mb-xl-5\">\n            <h4>Arvudes<\/h4>\n        <\/div>\n                        <div class=\"col-xl-3 col-6 col-reached\">\n                <h2>10000+<\/h2>\n                <span>Toodet tarnitud \u00fcle maailma<\/span>\n            <\/div>\n                        <div class=\"col-xl-3 col-6 col-reached\">\n                <h2>900+<\/h2>\n                <span>2025. aastal tehtud tehinguid<\/span>\n            <\/div>\n                        <div class=\"col-xl-3 col-6 col-reached\">\n                <h2>800+<\/h2>\n                <span>Aktiivsed B2B  ja B2C kliendid<\/span>\n            <\/div>\n                        <div class=\"col-xl-3 col-6 col-reached\">\n                <h2>4.7M<\/h2>\n                <span>K\u00e4ive aastal 2025<\/span>\n            <\/div>\n                  <\/div>\n      <\/div>\n\n\n\n\n<div class=\"el-text-teams\">\n    <div class=\"row\">\n      <div class=\"col-xl-12 mb-xl-4 mb-1\">\n        <h4>Meie meeskond<\/h4>\n      <\/div>\n    <\/div>\n    <div class=\"d-flex row-cols-4 row flex-wrap \">\n              <div class=\"col d-flex flex-column col-member\">\n          <div class=\"ratio-1x1 ratio\">\n            <img decoding=\"async\" src=\"https:\/\/factory.sale\/wp-content\/uploads\/2025\/06\/Kristo-Sootalu-600x400-1.jpg\" class=\"img-fluid object-fit-cover\">\n          <\/div>\n\n          <span>Kristo Sootalu<\/span>\n          <span>CEO \/ Asutaja<\/span>\n          <a href=\"mailto:kristo@factory.sale\">kristo@factory.sale<\/a>\n                 <\/div>\n              <div class=\"col d-flex flex-column col-member\">\n          <div class=\"ratio-1x1 ratio\">\n            <img decoding=\"async\" src=\"https:\/\/factory.sale\/wp-content\/uploads\/2025\/06\/Alvin-Kobin-600x400-1.jpg\" class=\"img-fluid object-fit-cover\">\n          <\/div>\n\n          <span>Alvin Kobin<\/span>\n          <span>COO \/ M\u00fc\u00fck<\/span>\n          <a href=\"mailto:alvin@factory.sale\">alvin@factory.sale<\/a>\n                                 <a href=\"https:\/\/www.linkedin.com\/in\/alvin-kobin-00499122\/\" rel=\"nofollow noopener\" target=\"_blank\">\n                            <img decoding=\"async\" src=\"https:\/\/factory.sale\/wp-content\/themes\/factory-sale\/img\/icons\/linkedin-alt.svg\">\n                        <\/a>\n                            <\/div>\n              <div class=\"col d-flex flex-column col-member\">\n          <div class=\"ratio-1x1 ratio\">\n            <img decoding=\"async\" src=\"https:\/\/factory.sale\/wp-content\/uploads\/2025\/06\/Jake_Farra__rei0002-1024x683-1-768x512.jpg\" class=\"img-fluid object-fit-cover\">\n          <\/div>\n\n          <span>Rivo Reinsalu<\/span>\n          <span>M\u00fc\u00fck (Soome)<\/span>\n          <a href=\"mailto:myynti@factory.sale\">myynti@factory.sale<\/a>\n                                 <a href=\"https:\/\/www.linkedin.com\/in\/rivo-reinsalu-b47164169\/\" rel=\"nofollow noopener\" target=\"_blank\">\n                            <img decoding=\"async\" src=\"https:\/\/factory.sale\/wp-content\/themes\/factory-sale\/img\/icons\/linkedin-alt.svg\">\n                        <\/a>\n                            <\/div>\n              <div class=\"col d-flex flex-column col-member\">\n          <div class=\"ratio-1x1 ratio\">\n            <img decoding=\"async\" src=\"https:\/\/factory.sale\/wp-content\/uploads\/2025\/06\/factory-sale-carmen-768x512.jpg\" class=\"img-fluid object-fit-cover\">\n          <\/div>\n\n          <span>Carmen Karu<\/span>\n          <span>Turundusjuht<\/span>\n          <a href=\"mailto:carmen@factory.sale\">carmen@factory.sale<\/a>\n                                 <a href=\"https:\/\/www.linkedin.com\/in\/carmen-karu-44aa04115\/\" rel=\"nofollow noopener\" target=\"_blank\">\n                            <img decoding=\"async\" src=\"https:\/\/factory.sale\/wp-content\/themes\/factory-sale\/img\/icons\/linkedin-alt.svg\">\n                        <\/a>\n                            <\/div>\n              <div class=\"col d-flex flex-column col-member\">\n          <div class=\"ratio-1x1 ratio\">\n            <img decoding=\"async\" src=\"https:\/\/factory.sale\/wp-content\/uploads\/2025\/06\/factory-sale-team-arvo-brand-manager2.jpg\" class=\"img-fluid object-fit-cover\">\n          <\/div>\n\n          <span>Arvo Juhkov<\/span>\n          <span>M\u00fc\u00fcgi- ja br\u00e4ndijuht<\/span>\n          <a href=\"mailto:arvo@factory.sale\">arvo@factory.sale<\/a>\n                                 <a href=\"https:\/\/www.linkedin.com\/in\/arvojuhkov\/\" rel=\"nofollow noopener\" target=\"_blank\">\n                            <img decoding=\"async\" src=\"https:\/\/factory.sale\/wp-content\/themes\/factory-sale\/img\/icons\/linkedin-alt.svg\">\n                        <\/a>\n                            <\/div>\n              <div class=\"col d-flex flex-column col-member\">\n          <div class=\"ratio-1x1 ratio\">\n            <img decoding=\"async\" src=\"https:\/\/factory.sale\/wp-content\/uploads\/2025\/09\/factory-sale-team-linda-juhkov.jpg\" class=\"img-fluid object-fit-cover\">\n          <\/div>\n\n          <span>Linda Juhkov<\/span>\n          <span>M\u00fc\u00fck<\/span>\n          <a href=\"mailto:linda@factory.sale\">linda@factory.sale<\/a>\n                 <\/div>\n              <div class=\"col d-flex flex-column col-member\">\n          <div class=\"ratio-1x1 ratio\">\n            <img decoding=\"async\" src=\"https:\/\/factory.sale\/wp-content\/uploads\/2025\/12\/Christine-Grete-Ruutalu-768x512-1-768x549.jpg\" class=\"img-fluid object-fit-cover\">\n          <\/div>\n\n          <span>Christine Grete R\u00fc\u00fctalu<\/span>\n          <span>Administraatiivjuht<\/span>\n          <a href=\"mailto:christine@factory.sale\">christine@factory.sale<\/a>\n                                 <a href=\"https:\/\/www.linkedin.com\/in\/christine-grete-r%C3%BC%C3%BCtalu-3bb28826b\/\" rel=\"nofollow noopener\" target=\"_blank\">\n                            <img decoding=\"async\" src=\"https:\/\/factory.sale\/wp-content\/themes\/factory-sale\/img\/icons\/linkedin-alt.svg\">\n                        <\/a>\n                            <\/div>\n              <div class=\"col d-flex flex-column col-member\">\n          <div class=\"ratio-1x1 ratio\">\n            <img decoding=\"async\" src=\"https:\/\/factory.sale\/wp-content\/uploads\/2025\/06\/factory-sale-eva-768x512.jpg\" class=\"img-fluid object-fit-cover\">\n          <\/div>\n\n          <span>Eva Prual<\/span>\n          <span>S\u00fcsteemiadministraator<\/span>\n          <a href=\"mailto:evaprual@factory.sale\">evaprual@factory.sale<\/a>\n                                 <a href=\"https:\/\/www.linkedin.com\/in\/eva-prual-0aa7b8103\/\" rel=\"nofollow noopener\" target=\"_blank\">\n                            <img decoding=\"async\" src=\"https:\/\/factory.sale\/wp-content\/themes\/factory-sale\/img\/icons\/linkedin-alt.svg\">\n                        <\/a>\n                            <\/div>\n              <div class=\"col d-flex flex-column col-member\">\n          <div class=\"ratio-1x1 ratio\">\n            <img decoding=\"async\" src=\"https:\/\/factory.sale\/wp-content\/uploads\/2026\/02\/factory-sale-team-marge-laas-768x512.jpg\" class=\"img-fluid object-fit-cover\">\n          <\/div>\n\n          <span>Marge Laas<\/span>\n          <span>Assistent<\/span>\n          <a href=\"mailto:marge@factory.sale\">marge@factory.sale<\/a>\n                 <\/div>\n              <div class=\"col d-flex flex-column col-member\">\n          <div class=\"ratio-1x1 ratio\">\n            <img decoding=\"async\" src=\"https:\/\/factory.sale\/wp-content\/uploads\/2025\/06\/Sandra-Mesipuu-600x400-1.jpg\" class=\"img-fluid object-fit-cover\">\n          <\/div>\n\n          <span>Sandra Mesipuu<\/span>\n          <span>Partner<\/span>\n          <a href=\"mailto:sandra@factory.sale\">sandra@factory.sale<\/a>\n                 <\/div>\n              <div class=\"col d-flex flex-column col-member\">\n          <div class=\"ratio-1x1 ratio\">\n            <img decoding=\"async\" src=\"https:\/\/factory.sale\/wp-content\/uploads\/2025\/06\/Richard-Shaumyan-768x512.jpg\" class=\"img-fluid object-fit-cover\">\n          <\/div>\n\n          <span>Richard Shaumyan<\/span>\n          <span>M\u00fc\u00fck<\/span>\n          <a href=\"mailto:richard@factory.sale\">richard@factory.sale<\/a>\n                 <\/div>\n          <\/div>\n  <\/div>\n\n\n\n\n\n    <div class=\"el-text-columns pb-3\">\n        <div class=\"row\">\n                            <div class=\"col-xl-6 pe-xl-4 \">\n                    <h4>Miks valida meid<\/h4>\n<p>Me m\u00f5istame \u2013 sul on palju teisi ehitusettev\u00f5tteid, kelle seast valida.<\/p>\n<p>Aga kas nemad on valmis sinu heaks t\u00f5esti lisapingutust tegema?<\/p>\n<p>Kas nad pakuvad sulle projektianal\u00fc\u00fcsi ja disainilahendusi tasuta?<\/p>\n<p>Kas nad arvestavad sinu iga soovi, vajaduse ja ideega?<\/p>\n<p>&nbsp;<\/p>\n                <\/div>\n                            <div class=\"col-xl-6  ps-xl-4\">\n                    <p>K\u00f5igil meie ala spetsialistidel on mitmeaastane kogemus ning me tagame, et nad m\u00f5istavad \u00fcht lihtsat, kuid sageli unustatud p\u00f5him\u00f5tet: me t\u00f6\u00f6tame sinu kodus \u2013 ja see v\u00e4\u00e4rib k\u00f5ige suuremat austust!<\/p>\n<p>Me ei j\u00e4ta endast segadust maha ning ei ela sinu aias mitmeid kuid.<\/p>\n<p>\u00dcks meie p\u00f5hiv\u00e4\u00e4rtustest on kiirus \u2013 seda nii paigalduse kui ka tarne puhul.<\/p>\n<p>Meie teine v\u00e4\u00e4rtus on lihtsus: me ei hakka protsesse \u00fcle keeruliseks ajama tehniliste terminitega, vaid selgitame sulle k\u00f5ike loogilisel ja arusaadaval moel.<\/p>\n<p>Kolmandaks v\u00e4\u00e4rtuseks on loovus: me oleme uhked oma innovaatiliste ideede ja disainide \u00fcle, mis on alati kohandatud sinu soovidele ja vajadustele.<\/p>\n<p>Me ei tee kunagi \u201codavaid\u201d l\u00fchikesi lahendusi, vaid valime j\u00e4tkusuutliku ja keskkonnas\u00f5braliku tee \u2013 mitte ainult seet\u00f5ttu, et see on valdkonnas n\u00f5utud, vaid seet\u00f5ttu, et me hoolime sellest, millise m\u00f5ju Factory.Sale maailmale avaldab.<\/p>\n<p>Me ei taha lihtsalt sinu raha \u2013 me tahame luua eluaegse usaldussuhte, et sa p\u00f6\u00f6rduksid meie poole uuesti ja uuesti, sest meie teenindus on lihtsalt nii hea.<\/p>\n<p>Kas see k\u00f5lab nagu midagi, millega sina samastud?<\/p>\n<p>Kui jah, siis kirjuta meile aadressil <a href=\"mailto:order@factory.sale\">order@factory.sale<\/a> ning alustame koos muutvat disainiprotsessi \u2013 juba t\u00e4na!<\/p>\n<p><a href=\"https:\/\/factory.sale\/shop-all\/\">Osta kohe<\/a><\/p>\n                <\/div>\n                    <\/div>\n    <\/div>\n\n\n\n\n<div class=\"el-text-icons pb-5\">\n        <div class=\"row\">\n            <div class=\"col-xl-12 pb-xl-5 pb-4\">\n                <!-- <h4>Eesti keeles<\/h4> -->\n            <\/div>\n                            <div class=\"col-xl-3 col-icon\">\n                    <img decoding=\"async\" src=\"https:\/\/factory.sale\/wp-content\/uploads\/2025\/04\/Vector-18.svg\">\n                    <div class=\"d-flex flex-column align-items-start justify-content-center align-items-xl-center\">\n                    <span class=\"icon-title\">Lihtne tellida<\/span>\n                    <span class=\"icon-description\">Tellimiseks t\u00e4ida p\u00e4ringuvorm<\/span>\n                    <\/div>\n                <\/div>\n                            <div class=\"col-xl-3 col-icon\">\n                    <img decoding=\"async\" src=\"https:\/\/factory.sale\/wp-content\/uploads\/2025\/05\/Vector-33.svg\">\n                    <div class=\"d-flex flex-column align-items-start justify-content-center align-items-xl-center\">\n                    <span class=\"icon-title\">V\u00f5tame \u00fchendust 24H jooksul<\/span>\n                    <span class=\"icon-description\">Tagame kiire ja asjakohase suhtluse<\/span>\n                    <\/div>\n                <\/div>\n                            <div class=\"col-xl-3 col-icon\">\n                    <img decoding=\"async\" src=\"https:\/\/factory.sale\/wp-content\/uploads\/2025\/05\/Vector-34.svg\">\n                    <div class=\"d-flex flex-column align-items-start justify-content-center align-items-xl-center\">\n                    <span class=\"icon-title\">Parima hinna garantii<\/span>\n                    <span class=\"icon-description\">Soodsad tehasehinnad<\/span>\n                    <\/div>\n                <\/div>\n                            <div class=\"col-xl-3 col-icon\">\n                    <img decoding=\"async\" src=\"https:\/\/factory.sale\/wp-content\/uploads\/2025\/05\/Vector-35.svg\">\n                    <div class=\"d-flex flex-column align-items-start justify-content-center align-items-xl-center\">\n                    <span class=\"icon-title\">Kiire transport \u00fcle Euroopa<\/span>\n                    <span class=\"icon-description\">Logistikapartnerid terves Euroopas<\/span>\n                    <\/div>\n                <\/div>\n                    <\/div>\n    <\/div>\n","protected":false},"excerpt":{"rendered":"<p>Factory.Sale on k\u00f5ik-\u00fches platvorm \u2013 pakume nii kvaliteetseid ehitustooteid kui ka professionaalset paigaldusteenust. Seega, olenemata sellest, kas soovid renoveerida oma kodu, kontorit v\u00f5i muud hoonet \u2013 meie aitame sind. Veelgi enam \u2013 kui enamik ehitusettev\u00f5tteid tegutseb vahendajate kaudu, siis meie tarnime OTSE tehasest arhitektidele, ehitajatele, t\u00f6\u00f6v\u00f5tjatele ja majaomanikele \u00fcle kogu Skandinaavia ja Baltikumi! Meie missioon [&hellip;]<\/p>\n","protected":false},"author":5,"featured_media":0,"parent":0,"menu_order":0,"comment_status":"closed","ping_status":"closed","template":"page-templates\/template-about.php","meta":{"_acf_changed":false,"footnotes":""},"class_list":["post-105115","page","type-page","status-publish","hentry"],"acf":[],"_links":{"self":[{"href":"https:\/\/factory.sale\/et\/wp-json\/wp\/v2\/pages\/105115","targetHints":{"allow":["GET"]}}],"collection":[{"href":"https:\/\/factory.sale\/et\/wp-json\/wp\/v2\/pages"}],"about":[{"href":"https:\/\/factory.sale\/et\/wp-json\/wp\/v2\/types\/page"}],"author":[{"embeddable":true,"href":"https:\/\/factory.sale\/et\/wp-json\/wp\/v2\/users\/5"}],"replies":[{"embeddable":true,"href":"https:\/\/factory.sale\/et\/wp-json\/wp\/v2\/comments?post=105115"}],"version-history":[{"count":21,"href":"https:\/\/factory.sale\/et\/wp-json\/wp\/v2\/pages\/105115\/revisions"}],"predecessor-version":[{"id":141401,"href":"https:\/\/factory.sale\/et\/wp-json\/wp\/v2\/pages\/105115\/revisions\/141401"}],"wp:attachment":[{"href":"https:\/\/factory.sale\/et\/wp-json\/wp\/v2\/media?parent=105115"}],"curies":[{"name":"wp","href":"https:\/\/api.w.org\/{rel}","templated":true}]}}