{"id":105109,"date":"2025-04-29T22:59:47","date_gmt":"2025-04-29T22:59:47","guid":{"rendered":"https:\/\/factory.sale\/shop-all\/"},"modified":"2025-06-17T15:13:22","modified_gmt":"2025-06-17T12:13:22","slug":"shop-all","status":"publish","type":"page","link":"https:\/\/factory.sale\/et\/shop-all\/","title":{"rendered":"K\u00f5ik tooted"},"content":{"rendered":"\n<h4 class=\"wp-block-heading\"><strong>Tere tulemast meie e-poodi \u2013 avasta k\u00f5ik tootekategooriad<\/strong><\/h4>\n\n\n\n<p>Factory Sale pakub laia valikut kvaliteetseid tooteid igas kategoorias. Olgu selleks ehitusmaterjalid, sisekujunduselemendid, aiatarbed, t\u00f6\u00f6riistad v\u00f5i t\u00f6\u00f6stuslikud konteinerid \u2013 meil on see olemas. Meie tooted on hoolikalt valitud, et rahuldada nii professionaalseid kui ka isiklikke vajadusi. Konkurentsiv\u00f5imelised hinnad, kiire tarne Euroopas ja professionaalne klienditugi \u2013 Factory Sale on usaldusv\u00e4\u00e4rne ostukoht.<\/p>\n","protected":false},"excerpt":{"rendered":"<p>Tere tulemast meie e-poodi \u2013 avasta k\u00f5ik tootekategooriad Factory Sale pakub laia valikut kvaliteetseid tooteid igas kategoorias. Olgu selleks ehitusmaterjalid, sisekujunduselemendid, aiatarbed, t\u00f6\u00f6riistad v\u00f5i t\u00f6\u00f6stuslikud konteinerid \u2013 meil on see olemas. Meie tooted on hoolikalt valitud, et rahuldada nii professionaalseid kui ka isiklikke vajadusi. Konkurentsiv\u00f5imelised hinnad, kiire tarne Euroopas ja professionaalne klienditugi \u2013 Factory Sale [&hellip;]<\/p>\n","protected":false},"author":5,"featured_media":0,"parent":0,"menu_order":0,"comment_status":"closed","ping_status":"closed","template":"page-templates\/template-shop.php","meta":{"_acf_changed":false,"footnotes":""},"class_list":["post-105109","page","type-page","status-publish","hentry"],"acf":[],"_links":{"self":[{"href":"https:\/\/factory.sale\/et\/wp-json\/wp\/v2\/pages\/105109","targetHints":{"allow":["GET"]}}],"collection":[{"href":"https:\/\/factory.sale\/et\/wp-json\/wp\/v2\/pages"}],"about":[{"href":"https:\/\/factory.sale\/et\/wp-json\/wp\/v2\/types\/page"}],"author":[{"embeddable":true,"href":"https:\/\/factory.sale\/et\/wp-json\/wp\/v2\/users\/5"}],"replies":[{"embeddable":true,"href":"https:\/\/factory.sale\/et\/wp-json\/wp\/v2\/comments?post=105109"}],"version-history":[{"count":4,"href":"https:\/\/factory.sale\/et\/wp-json\/wp\/v2\/pages\/105109\/revisions"}],"predecessor-version":[{"id":106290,"href":"https:\/\/factory.sale\/et\/wp-json\/wp\/v2\/pages\/105109\/revisions\/106290"}],"wp:attachment":[{"href":"https:\/\/factory.sale\/et\/wp-json\/wp\/v2\/media?parent=105109"}],"curies":[{"name":"wp","href":"https:\/\/api.w.org\/{rel}","templated":true}]}}