{"id":105103,"date":"2025-05-03T09:38:46","date_gmt":"2025-05-03T09:38:46","guid":{"rendered":"https:\/\/factory.sale\/contacts\/"},"modified":"2026-03-07T10:10:16","modified_gmt":"2026-03-07T07:10:16","slug":"contacts","status":"publish","type":"page","link":"https:\/\/factory.sale\/et\/contacts\/","title":{"rendered":"Kontaktid"},"content":{"rendered":"<div class=\"el-contact pb-xl-5 br-bottom-1px pt-2\">\n        <div class=\"row\">\n            <div class=\"col-xl-5 pe-xl-5 mb-4 mb-xl-0\">\n                <h2>V\u00f5ta meiega \u00fchendust<\/h2>\n<p class=\"p1\">Kas sul on k\u00fcsimus v\u00f5i vajad abi? Meie meeskond on valmis sind aitama. V\u00f5ta meiega \u00fchendust \u2013 olgu see tooteinfo, tugi v\u00f5i lihtsalt tere \u00fctlemine \u2013 meil on alati hea meel sinust kuulda.<\/p>\n<h5>Esmasp\u00e4ev\u2013reede: 9:00\u201317:00<\/h5>\n<p><a href=\"tel:+372 55678381\">+372 55678381<\/a><\/p>\n<h5>Vajad abi oma tellimusega?<\/h5>\n<p><a href=\"mailto:order@factory.sale\">order@factory.sale<\/a><\/p>\n<p><strong><br \/>\nMeie juriidiline aadress:<\/strong><br \/>\nFACTORY.SALE O\u00dc<br \/>\nReg. nr: 12562996<br \/>\nVAT nr: EE101693455<\/p>\n<p>Aadress: Pirita tee 20a\/1, Tallinn, 12011 Eesti<\/p>\n                            <div class=\"follow\">\n                <h5>J\u00e4lgi meid<\/h5>\n                <div class=\"d-flex gap-3\">\n                    <a href=\"https:\/\/www.facebook.com\/FactorySaleOfficial\/\" rel=\"nofollow noopener\" target=\"_blank\"><i class=\"fa-brands fa-facebook-f\"><\/i><\/a>                                                            <a href=\"https:\/\/www.linkedin.com\/company\/factory-sale\/\" rel=\"nofollow noopener\" target=\"_blank\"><i class=\"fa-brands fa-linkedin-in\"><\/i><\/a>                <\/div>\n            <\/div>\n                    <\/div>\n            <div class=\"col-xl-7 ps-xl-5\">\n            \n<div class=\"wpcf7 no-js\" id=\"wpcf7-f105286-o1\" lang=\"et\" dir=\"ltr\" data-wpcf7-id=\"105286\">\n<div class=\"screen-reader-response\"><p role=\"status\" aria-live=\"polite\" aria-atomic=\"true\"><\/p> <ul><\/ul><\/div>\n<form action=\"\/et\/wp-json\/wp\/v2\/pages\/105103#wpcf7-f105286-o1\" method=\"post\" class=\"wpcf7-form init c6817afb7cb6 cmatic-conn cmatic-aud-2 cmatic-mapd3-4 cmatic-v0976 cmatic-sent-26 cmatic-total-359\" aria-label=\"Contact form\" novalidate=\"novalidate\" data-status=\"init\">\n<fieldset class=\"hidden-fields-container\"><input type=\"hidden\" name=\"_wpcf7\" value=\"105286\" \/><input type=\"hidden\" name=\"_wpcf7_version\" value=\"6.1.3\" \/><input type=\"hidden\" name=\"_wpcf7_locale\" value=\"et\" \/><input type=\"hidden\" name=\"_wpcf7_unit_tag\" value=\"wpcf7-f105286-o1\" \/><input type=\"hidden\" name=\"_wpcf7_container_post\" value=\"0\" \/><input type=\"hidden\" name=\"_wpcf7_posted_data_hash\" value=\"\" \/><input type=\"hidden\" name=\"_wpcf7cf_hidden_group_fields\" value=\"[]\" \/><input type=\"hidden\" name=\"_wpcf7cf_hidden_groups\" value=\"[]\" \/><input type=\"hidden\" name=\"_wpcf7cf_visible_groups\" value=\"[]\" \/><input type=\"hidden\" name=\"_wpcf7cf_repeaters\" value=\"[]\" \/><input type=\"hidden\" name=\"_wpcf7cf_steps\" value=\"{}\" \/><input type=\"hidden\" name=\"_wpcf7cf_options\" value=\"{&quot;form_id&quot;:105286,&quot;conditions&quot;:[],&quot;settings&quot;:{&quot;animation&quot;:&quot;yes&quot;,&quot;animation_intime&quot;:200,&quot;animation_outtime&quot;:200,&quot;conditions_ui&quot;:&quot;normal&quot;,&quot;notice_dismissed&quot;:false}}\" \/><input type=\"hidden\" name=\"_wpcf7_recaptcha_response\" value=\"\" \/>\n<\/fieldset>\n<div class=\"row\">\n\t<div class=\"col-lg-6\">\n\t\t<p><span class=\"wpcf7-form-control-wrap\" data-name=\"full-name\"><input size=\"40\" maxlength=\"400\" class=\"wpcf7-form-control wpcf7-text wpcf7-validates-as-required\" aria-required=\"true\" aria-invalid=\"false\" placeholder=\"Ees- ja perekonnanimi*\" value=\"\" type=\"text\" name=\"full-name\" \/><\/span>\n\t\t<\/p>\n\t<\/div>\n\t<div class=\"col-lg-6\">\n\t\t<p><span class=\"wpcf7-form-control-wrap\" data-name=\"email\"><input size=\"40\" maxlength=\"400\" class=\"wpcf7-form-control wpcf7-email wpcf7-validates-as-required wpcf7-text wpcf7-validates-as-email\" aria-required=\"true\" aria-invalid=\"false\" placeholder=\"Sinu e-post*\" value=\"\" type=\"email\" name=\"email\" \/><\/span>\n\t\t<\/p>\n\t<\/div>\n<\/div>\n<div class=\"row\">\n\t<div class=\"col-lg-12\">\n\t\t<p><span class=\"wpcf7-form-control-wrap\" data-name=\"subject\"><input size=\"40\" maxlength=\"400\" class=\"wpcf7-form-control wpcf7-tel wpcf7-validates-as-required wpcf7-text wpcf7-validates-as-tel\" aria-required=\"true\" aria-invalid=\"false\" placeholder=\"Telefoni number*\" value=\"\" type=\"tel\" name=\"subject\" \/><\/span>\n\t\t<\/p>\n\t<\/div>\n<\/div>\n<div class=\"row\">\n\t<div class=\"col-lg-12\">\n\t\t<p><span class=\"wpcf7-form-control-wrap\" data-name=\"message\"><textarea cols=\"40\" rows=\"10\" maxlength=\"2000\" class=\"wpcf7-form-control wpcf7-textarea wpcf7-validates-as-required\" aria-required=\"true\" aria-invalid=\"false\" placeholder=\"S\u00f5num*\" name=\"message\"><\/textarea><\/span>\n\t\t<\/p>\n\t<\/div>\n<\/div>\n<div class=\"row\">\n\t<div class=\"col-lg-12\">\n\t<span class=\"wpcf7-form-control-wrap recaptcha\" data-name=\"recaptcha\"><span data-sitekey=\"6LcZQyYsAAAAAJWFbKpOk99XqRcF-_WSE3fyM3PO\" class=\"wpcf7-form-control wpcf7-recaptcha g-recaptcha\"><\/span>\r\n<noscript>\r\n\t<div class=\"grecaptcha-noscript\">\r\n\t\t<iframe loading=\"lazy\" src=\"https:\/\/www.google.com\/recaptcha\/api\/fallback?k=6LcZQyYsAAAAAJWFbKpOk99XqRcF-_WSE3fyM3PO\" frameborder=\"0\" scrolling=\"no\" width=\"310\" height=\"430\">\r\n\t\t<\/iframe>\r\n\t\t<textarea name=\"g-recaptcha-response\" rows=\"3\" cols=\"40\" placeholder=\"reCaptcha Response Here\">\r\n\t\t<\/textarea>\r\n\t<\/div>\r\n<\/noscript>\r\n<\/span>\n\t<\/div>\n<\/div>\n<div class=\"row align-items-center\">\n\t<div class=\"col-lg-12\">\n\t\t<p><input class=\"wpcf7-form-control wpcf7-submit has-spinner btn btn-primary\" type=\"submit\" value=\"Saada\" \/>\n\t\t<\/p>\n\t<\/div>\n<\/div><div class=\"wpcf7-response-output\" aria-hidden=\"true\"><\/div>\n<\/form>\n<\/div>\n            <\/div>\n        <\/div>\n<\/div>\n\n\n<div class=\"el-text-teams\">\n    <div class=\"row\">\n      <div class=\"col-xl-12 mb-xl-4 mb-1\">\n        <h4>P\u00f5himeeskond<\/h4>\n      <\/div>\n    <\/div>\n    <div class=\"d-flex row-cols-4 row flex-wrap \">\n              <div class=\"col d-flex flex-column col-member\">\n          <div class=\"ratio-1x1 ratio\">\n            <img decoding=\"async\" src=\"https:\/\/factory.sale\/wp-content\/uploads\/2025\/06\/Kristo-Sootalu-600x400-1.jpg\" class=\"img-fluid object-fit-cover\">\n          <\/div>\n\n          <span>Kristo Sootalu<\/span>\n          <span>CEO \/ Asutaja <\/span>\n          <a href=\"mailto:kristo@factory.sale\">kristo@factory.sale<\/a>\n                                 <a href=\"https:\/\/www.linkedin.com\/in\/kristosootalu\/\" rel=\"nofollow noopener\" target=\"_blank\">\n                            <img decoding=\"async\" src=\"https:\/\/factory.sale\/wp-content\/themes\/factory-sale\/img\/icons\/linkedin-alt.svg\">\n                        <\/a>\n                            <\/div>\n              <div class=\"col d-flex flex-column col-member\">\n          <div class=\"ratio-1x1 ratio\">\n            <img decoding=\"async\" src=\"https:\/\/factory.sale\/wp-content\/uploads\/2025\/06\/Alvin-Kobin-600x400-1.jpg\" class=\"img-fluid object-fit-cover\">\n          <\/div>\n\n          <span>Alvin Kobin<\/span>\n          <span>COO \/ M\u00fc\u00fck<\/span>\n          <a href=\"mailto:alvin@factory.sale\">alvin@factory.sale<\/a>\n                                 <a href=\"https:\/\/www.linkedin.com\/in\/alvin-kobin-00499122\/\" rel=\"nofollow noopener\" target=\"_blank\">\n                            <img decoding=\"async\" src=\"https:\/\/factory.sale\/wp-content\/themes\/factory-sale\/img\/icons\/linkedin-alt.svg\">\n                        <\/a>\n                            <\/div>\n              <div class=\"col d-flex flex-column col-member\">\n          <div class=\"ratio-1x1 ratio\">\n            <img decoding=\"async\" src=\"https:\/\/factory.sale\/wp-content\/uploads\/2025\/06\/Jake_Farra__rei0002-1024x683-1-768x512.jpg\" class=\"img-fluid object-fit-cover\">\n          <\/div>\n\n          <span>Rivo Reinsalu<\/span>\n          <span>CSO \/ M\u00fc\u00fck (Soome)<\/span>\n          <a href=\"mailto:myynti@factory.sale\">myynti@factory.sale<\/a>\n                                 <a href=\"https:\/\/www.linkedin.com\/in\/rivo-reinsalu-b47164169\/\" rel=\"nofollow noopener\" target=\"_blank\">\n                            <img decoding=\"async\" src=\"https:\/\/factory.sale\/wp-content\/themes\/factory-sale\/img\/icons\/linkedin-alt.svg\">\n                        <\/a>\n                            <\/div>\n              <div class=\"col d-flex flex-column col-member\">\n          <div class=\"ratio-1x1 ratio\">\n            <img decoding=\"async\" src=\"https:\/\/factory.sale\/wp-content\/uploads\/2025\/06\/factory-sale-carmen-768x512.jpg\" class=\"img-fluid object-fit-cover\">\n          <\/div>\n\n          <span>Carmen Karu<\/span>\n          <span>Turundusjuht<\/span>\n          <a href=\"mailto:carmen@factory.sale\">carmen@factory.sale<\/a>\n                                 <a href=\"https:\/\/www.linkedin.com\/in\/carmen-karu-44aa04115\/\" rel=\"nofollow noopener\" target=\"_blank\">\n                            <img decoding=\"async\" src=\"https:\/\/factory.sale\/wp-content\/themes\/factory-sale\/img\/icons\/linkedin-alt.svg\">\n                        <\/a>\n                            <\/div>\n              <div class=\"col d-flex flex-column col-member\">\n          <div class=\"ratio-1x1 ratio\">\n            <img decoding=\"async\" src=\"https:\/\/factory.sale\/wp-content\/uploads\/2025\/06\/factory-sale-team-arvo-brand-manager2.jpg\" class=\"img-fluid object-fit-cover\">\n          <\/div>\n\n          <span>Arvo Juhkov<\/span>\n          <span>M\u00fc\u00fcgi- ja br\u00e4ndijuht<\/span>\n          <a href=\"mailto:arvo@factory.sale\">arvo@factory.sale<\/a>\n                                 <a href=\"https:\/\/www.linkedin.com\/in\/arvojuhkov\/\" rel=\"nofollow noopener\" target=\"_blank\">\n                            <img decoding=\"async\" src=\"https:\/\/factory.sale\/wp-content\/themes\/factory-sale\/img\/icons\/linkedin-alt.svg\">\n                        <\/a>\n                            <\/div>\n              <div class=\"col d-flex flex-column col-member\">\n          <div class=\"ratio-1x1 ratio\">\n            <img decoding=\"async\" src=\"https:\/\/factory.sale\/wp-content\/uploads\/2025\/09\/factory-sale-team-linda-juhkov.jpg\" class=\"img-fluid object-fit-cover\">\n          <\/div>\n\n          <span>Linda Juhkov<\/span>\n          <span>M\u00fc\u00fck<\/span>\n          <a href=\"mailto:linda@factory.sale\">linda@factory.sale<\/a>\n                 <\/div>\n              <div class=\"col d-flex flex-column col-member\">\n          <div class=\"ratio-1x1 ratio\">\n            <img decoding=\"async\" src=\"https:\/\/factory.sale\/wp-content\/uploads\/2025\/12\/Christine-Grete-Ruutalu-768x512-1-768x549.jpg\" class=\"img-fluid object-fit-cover\">\n          <\/div>\n\n          <span>Christine Grete R\u00fc\u00fctalu<\/span>\n          <span>Administraatiivjuht<\/span>\n          <a href=\"mailto:christine@factory.sale\">christine@factory.sale<\/a>\n                                 <a href=\"https:\/\/www.linkedin.com\/in\/christine-grete-r%C3%BC%C3%BCtalu-3bb28826b\/\" rel=\"nofollow noopener\" target=\"_blank\">\n                            <img decoding=\"async\" src=\"https:\/\/factory.sale\/wp-content\/themes\/factory-sale\/img\/icons\/linkedin-alt.svg\">\n                        <\/a>\n                            <\/div>\n              <div class=\"col d-flex flex-column col-member\">\n          <div class=\"ratio-1x1 ratio\">\n            <img decoding=\"async\" src=\"https:\/\/factory.sale\/wp-content\/uploads\/2025\/06\/factory-sale-eva-768x512.jpg\" class=\"img-fluid object-fit-cover\">\n          <\/div>\n\n          <span>Eva Prual<\/span>\n          <span>S\u00fcsteemiadministraator<\/span>\n          <a href=\"mailto:evaprual@factory.sale\">evaprual@factory.sale<\/a>\n                                 <a href=\"https:\/\/www.linkedin.com\/in\/eva-prual-0aa7b8103\/\" rel=\"nofollow noopener\" target=\"_blank\">\n                            <img decoding=\"async\" src=\"https:\/\/factory.sale\/wp-content\/themes\/factory-sale\/img\/icons\/linkedin-alt.svg\">\n                        <\/a>\n                            <\/div>\n              <div class=\"col d-flex flex-column col-member\">\n          <div class=\"ratio-1x1 ratio\">\n            <img decoding=\"async\" src=\"https:\/\/factory.sale\/wp-content\/uploads\/2026\/02\/factory-sale-team-marge-laas-768x512.jpg\" class=\"img-fluid object-fit-cover\">\n          <\/div>\n\n          <span>Marge Laas<\/span>\n          <span>Assistent<\/span>\n          <a href=\"mailto:marge@@factory.sale\">marge@@factory.sale<\/a>\n                 <\/div>\n              <div class=\"col d-flex flex-column col-member\">\n          <div class=\"ratio-1x1 ratio\">\n            <img decoding=\"async\" src=\"https:\/\/factory.sale\/wp-content\/uploads\/2025\/06\/Sandra-Mesipuu-600x400-1.jpg\" class=\"img-fluid object-fit-cover\">\n          <\/div>\n\n          <span>Sandra Mesipuu<\/span>\n          <span>Partner<\/span>\n          <a href=\"mailto:sandra@factory.sale\">sandra@factory.sale<\/a>\n                 <\/div>\n              <div class=\"col d-flex flex-column col-member\">\n          <div class=\"ratio-1x1 ratio\">\n            <img decoding=\"async\" src=\"https:\/\/factory.sale\/wp-content\/uploads\/2025\/06\/Richard-Shaumyan-768x512.jpg\" class=\"img-fluid object-fit-cover\">\n          <\/div>\n\n          <span>Richard Shaumyan<\/span>\n          <span>M\u00fc\u00fck<\/span>\n          <a href=\"mailto:richard@factory.sale\">richard@factory.sale<\/a>\n                 <\/div>\n          <\/div>\n  <\/div>\n\n\n\n\n\n","protected":false},"excerpt":{"rendered":"","protected":false},"author":5,"featured_media":0,"parent":0,"menu_order":0,"comment_status":"closed","ping_status":"closed","template":"page-templates\/template-contact-us.php","meta":{"_acf_changed":false,"footnotes":""},"class_list":["post-105103","page","type-page","status-publish","hentry"],"acf":[],"_links":{"self":[{"href":"https:\/\/factory.sale\/et\/wp-json\/wp\/v2\/pages\/105103","targetHints":{"allow":["GET"]}}],"collection":[{"href":"https:\/\/factory.sale\/et\/wp-json\/wp\/v2\/pages"}],"about":[{"href":"https:\/\/factory.sale\/et\/wp-json\/wp\/v2\/types\/page"}],"author":[{"embeddable":true,"href":"https:\/\/factory.sale\/et\/wp-json\/wp\/v2\/users\/5"}],"replies":[{"embeddable":true,"href":"https:\/\/factory.sale\/et\/wp-json\/wp\/v2\/comments?post=105103"}],"version-history":[{"count":25,"href":"https:\/\/factory.sale\/et\/wp-json\/wp\/v2\/pages\/105103\/revisions"}],"predecessor-version":[{"id":141402,"href":"https:\/\/factory.sale\/et\/wp-json\/wp\/v2\/pages\/105103\/revisions\/141402"}],"wp:attachment":[{"href":"https:\/\/factory.sale\/et\/wp-json\/wp\/v2\/media?parent=105103"}],"curies":[{"name":"wp","href":"https:\/\/api.w.org\/{rel}","templated":true}]}}