{"id":105093,"date":"2025-06-05T13:33:41","date_gmt":"2025-06-05T10:33:41","guid":{"rendered":"https:\/\/factory.sale\/reliable-partner\/"},"modified":"2025-08-03T22:39:15","modified_gmt":"2025-08-03T19:39:15","slug":"reliable-partner","status":"publish","type":"page","link":"https:\/\/factory.sale\/et\/reliable-partner\/","title":{"rendered":"Usaldusv\u00e4\u00e4rne Partner"},"content":{"rendered":"\n    <div class=\"el-text-columns pb-3\">\n        <div class=\"row\">\n                            <div class=\"col-xl-6 pe-xl-4 \">\n                    <p><img loading=\"lazy\" decoding=\"async\" class=\"alignnone size-full wp-image-105084\" src=\"https:\/\/factory.sale\/wp-content\/uploads\/2025\/06\/vastuu-group-logo.webp\" alt=\"\" width=\"239\" height=\"36\" srcset=\"https:\/\/factory.sale\/wp-content\/uploads\/2025\/06\/vastuu-group-logo.webp 239w, https:\/\/factory.sale\/wp-content\/uploads\/2025\/06\/vastuu-group-logo-150x23.webp 150w\" sizes=\"auto, (max-width: 239px) 100vw, 239px\" \/><br \/>\n&nbsp;<\/p>\n<h1>Usaldusv\u00e4\u00e4rne partner<\/h1>\n<p>Factory.Sale on Soomes liitunud Vastuu Group OY usaldusv\u00e4\u00e4rse partneri (Luotettava Kumppani) programmiga.<\/p>\n<p>Usaldusv\u00e4\u00e4rse partneri (Luotettava Kumppani) programmiga liitumine on meie garantii nii partneritele kui ka klientidele, et pakume k\u00f5rge kvaliteediga tooteid ning usaldusv\u00e4\u00e4rset teenust. Meie t\u00e4psus, p\u00fchendumus ning l\u00e4bipaistvus tagavad klientidele meelerahu, teades, et nad saavad t\u00e4pselt selle, mida nad vajavad, seega j\u00e4\u00e4b \u00e4ra igasugused sekeldused vale kaubaga.<\/p>\n<h4>Mis on Tellija vastutuse seadus?<\/h4>\n<p>Tellija aruandluskohustuse ja v\u00e4list\u00f6\u00f6j\u00f5u kasutamisega kaasneva vastutuse seadus (22.12.2006\/1233) kohustab t\u00f6\u00f6 tellijat v\u00e4lja selgitama, kas tema lepingupartnerid t\u00e4idavad lepingupoolte ja t\u00f6\u00f6andjatena seadusest tulenevaid kohustusi. Seaduse abil p\u00fc\u00fctakse t\u00f5kestada varimajandust ning soodustada ettev\u00f5tete v\u00f5rdset konkurentsi ja n\u00f5uetekohaste t\u00f6\u00f6tingimuste tagamist. Soomes kontrollib seaduse j\u00e4rgimist L\u00f5una-Soome t\u00f6\u00f6kaitseamet.<\/p>\n<p>Loe lisa: <a href=\"https:\/\/www.vastuugroup.fi\/fi-fi\/tilaajavastuulaki\" target=\"_blank\" rel=\"noopener\">https:\/\/www.vastuugroup.fi\/fi-fi\/tilaajavastuulaki<\/a><\/p>\n                <\/div>\n                            <div class=\"col-xl-6  ps-xl-4\">\n                    <h4>Usaldusv\u00e4\u00e4rse partneri (Luotettava Kumppani) eelised Factory.Sale jaoks:<\/h4>\n<ul>\n<li>kliendile on tellija vastutuse seaduses n\u00f5utud dokumendid k\u00e4ttesaadavad <a href=\"https:\/\/www.vastuugroup.fi\" target=\"_blank\" rel=\"noopener\">https:\/\/www.vastuugroup.fi<\/a>;<\/li>\n<li>k\u00f5ik meie kliendid saavad hankida ettev\u00f5tte Usaldusv\u00e4\u00e4rse Partneri e-aruande, mis on ajas kehtiv;<\/li>\n<li>usaldusv\u00e4\u00e4rse partneri (Luotettava Kumppani) logo meie veebis annab tellijale garantii, et meie ettev\u00f5te t\u00e4idab tellija vastutuse seadusest tulenevaid \u00fchiskondlikke kohustusi.<\/li>\n<\/ul>\n<p>Usaldusv\u00e4\u00e4rse partneri (Luotettava Kumppani) aruanne sisaldab j\u00e4rgmisi selgitusi:<\/p>\n<ul>\n<li>selgitus eelregistreerimise registrisse, k\u00e4ibemaksukohuslaste registrisse ja t\u00f6\u00f6andjate registrisse kuulumise kohta;<\/li>\n<li>\u00e4riregistri v\u00e4ljav\u00f5te;<\/li>\n<li>t\u00f5end makstud maksude kohta;<\/li>\n<li>t\u00f5end pensionikindlustuse olemasolu ja pensionikindlustusmaksete tasumise kohta;<\/li>\n<li>t\u00f5end kohaldatava kollektiivlepingu kohta;<\/li>\n<li>t\u00f5end kehtiva \u00f5nnetusjuhtumikindlustuse kohta;<\/li>\n<li>\u00e4rikeelud;<\/li>\n<li>selgitus t\u00f6\u00f6tervishoiu korraldamise kohta.<\/li>\n<\/ul>\n<p class=\"p1\">T\u00f6\u00f6tervishoiuteenuse korralduse selgitus<\/p>\n<p><img loading=\"lazy\" decoding=\"async\" class=\"\" src=\"https:\/\/factory.sale\/wp-content\/uploads\/2024\/04\/factory-sale-usaldusvaarne-partner-logo-est-252x100.webp\" alt=\"factory-sale-usaldusvaarne-partner-logo-est\" width=\"297\" height=\"118\" \/><\/p>\n                <\/div>\n                    <\/div>\n    <\/div>\n\n","protected":false},"excerpt":{"rendered":"","protected":false},"author":5,"featured_media":105081,"parent":0,"menu_order":0,"comment_status":"closed","ping_status":"closed","template":"page-templates\/template-partner.php","meta":{"_acf_changed":false,"footnotes":""},"class_list":["post-105093","page","type-page","status-publish","has-post-thumbnail","hentry"],"acf":[],"_links":{"self":[{"href":"https:\/\/factory.sale\/et\/wp-json\/wp\/v2\/pages\/105093","targetHints":{"allow":["GET"]}}],"collection":[{"href":"https:\/\/factory.sale\/et\/wp-json\/wp\/v2\/pages"}],"about":[{"href":"https:\/\/factory.sale\/et\/wp-json\/wp\/v2\/types\/page"}],"author":[{"embeddable":true,"href":"https:\/\/factory.sale\/et\/wp-json\/wp\/v2\/users\/5"}],"replies":[{"embeddable":true,"href":"https:\/\/factory.sale\/et\/wp-json\/wp\/v2\/comments?post=105093"}],"version-history":[{"count":4,"href":"https:\/\/factory.sale\/et\/wp-json\/wp\/v2\/pages\/105093\/revisions"}],"predecessor-version":[{"id":115559,"href":"https:\/\/factory.sale\/et\/wp-json\/wp\/v2\/pages\/105093\/revisions\/115559"}],"wp:featuredmedia":[{"embeddable":true,"href":"https:\/\/factory.sale\/et\/wp-json\/wp\/v2\/media\/105081"}],"wp:attachment":[{"href":"https:\/\/factory.sale\/et\/wp-json\/wp\/v2\/media?parent=105093"}],"curies":[{"name":"wp","href":"https:\/\/api.w.org\/{rel}","templated":true}]}}